{"id":213367,"date":"2026-03-09T16:33:29","date_gmt":"2026-03-09T15:33:29","guid":{"rendered":"https:\/\/integratek.es\/?post_type=product&#038;p=213367"},"modified":"2026-03-10T09:57:35","modified_gmt":"2026-03-10T08:57:35","slug":"2a-edicio-avaluacio-de-lautisme-taller-practic-online-8-de-maig-de-2026","status":"publish","type":"product","link":"https:\/\/integratek.es\/ca\/botiga\/cursos-online-ca\/atencio-a-la-diversitat\/2a-edicio-avaluacio-de-lautisme-taller-practic-online-8-de-maig-de-2026\/","title":{"rendered":"2\u00aa Edici\u00f3 &#8211; Avaluaci\u00f3 de l&#8217;autisme. Taller pr\u00e0ctic online | 8 de maig de 2026"},"content":{"rendered":"<div class=\"row\"  id=\"row-596739090\">\n\n\t<div id=\"col-923797928\" class=\"col small-12 large-12\"  >\n\t\t\t\t<div class=\"col-inner\"  >\n\t\t\t\n\t\t\t\n<p>L&#8217;avaluaci\u00f3 de l&#8217;autisme requereix una mirada \u00e0mplia, flexible i fonamentada. En aquest taller en l\u00ednia, s&#8217;abordaran els principals reptes actuals en l&#8217;avaluaci\u00f3 de l&#8217;autisme, explorant com es manifesta en diferents contextos i etapes del desenvolupament, i quins factors s&#8217;han de considerar en un proc\u00e9s d&#8217;avaluaci\u00f3 integral.<\/p>\n<p><b>Mitjan\u00e7ant una perspectiva pr\u00e0ctica, es revisaran els instruments m\u00e9s rellevants, els dilemes cl\u00ednics m\u00e9s habituals, i es presentaran casos per a la reflexi\u00f3 i la integraci\u00f3 de coneixements.<\/b><\/p>\n<p>Aquest taller no \u00e9s nom\u00e9s pels qui realitzen avaluacions.<\/p>\n<p>Tamb\u00e9 est\u00e0 pensat per a professionals que reben, llegeixen o treballen a partir d&#8217;informes diagn\u00f2stics, i que necessiten entendre qu\u00e8 signifiquen realment, com s&#8217;han constru\u00eft aquestes conclusions i com traduir-les en accions concretes en la intervenci\u00f3, en l&#8217;acompanyament o a l&#8217;aula.<\/p>\n\t\t<\/div>\n\t\t\t\t\n<style>\n#col-923797928 > .col-inner {\n  margin: 0px 0px -39px 0px;\n}\n<\/style>\n\t<\/div>\n\n\t\n<\/div>\n<div class=\"row row-large\"  id=\"row-1411966363\">\n\n\t<div id=\"col-1051887133\" class=\"col small-12 large-12\"  >\n\t\t\t\t<div class=\"col-inner text-left\"  >\n\t\t\t\n\t\t\t\n<div class=\"wpb_text_column wpb_content_element \">\n<div class=\"wpb_wrapper\">\n<div class=\"wpb_text_column-text-style\">\n<div class=\"wpb_text_column wpb_content_element \">\n<div class=\"wpb_wrapper\">\n<div class=\"wpb_text_column-text-style\">\n<h2><span data-text-color=\"primary\"><img loading=\"lazy\" decoding=\"async\" class=\" wp-image-40671 alignnone\" src=\"https:\/\/integratek.es\/wp-content\/uploads\/2018\/02\/target.png\" alt=\"\" width=\"40\" height=\"40\" srcset=\"https:\/\/integratek.es\/wp-content\/uploads\/2018\/02\/target.png 256w, https:\/\/integratek.es\/wp-content\/uploads\/2018\/02\/target-247x256.png 247w, https:\/\/integratek.es\/wp-content\/uploads\/2018\/02\/target-100x100.png 100w, https:\/\/integratek.es\/wp-content\/uploads\/2018\/02\/target-180x180.png 180w\" sizes=\"auto, (max-width: 40px) 100vw, 40px\" \/> Qu\u00e8 aprendr\u00e0s?<\/span><\/h2>\n<\/div>\n<\/div>\n<\/div>\n<div class=\"wpb_text_column wpb_content_element \">\n<div class=\"wpb_wrapper\">\n<div class=\"wpb_text_column-text-style\">\n<ul>\n<li style=\"font-weight: 400;\" aria-level=\"1\"><span style=\"font-weight: 400;\">El proc\u00e9s actual d&#8217;avaluaci\u00f3 de l&#8217;autisme a la pr\u00e0ctica cl\u00ednica i educativa.<\/span><\/li>\n<li style=\"font-weight: 400;\" aria-level=\"1\"><span style=\"font-weight: 400;\">Factors clau que influeixen a la manifestaci\u00f3 de l&#8217;autisme.<\/span><\/li>\n<li style=\"font-weight: 400;\" aria-level=\"1\"><span style=\"font-weight: 400;\">Com abordar l&#8217;avaluaci\u00f3 des duna perspectiva ecol\u00f2gica i integral.<\/span><\/li>\n<li style=\"font-weight: 400;\" aria-level=\"1\"><span style=\"font-weight: 400;\">L&#8217;avaluaci\u00f3 al perfil femen\u00ed i en casos complexos.<\/span><\/li>\n<li style=\"font-weight: 400;\" aria-level=\"1\"><span style=\"font-weight: 400;\">Consideracions per al diagn\u00f2stic diferencial.<\/span><\/li>\n<li style=\"font-weight: 400;\" aria-level=\"1\"><span style=\"font-weight: 400;\">Dilemes freq\u00fcents a la pr\u00e0ctica: quan avaluar?; com comunicar?; quines implicacions t\u00e9?<\/span><\/li>\n<li style=\"font-weight: 400;\" aria-level=\"1\"><span style=\"font-weight: 400;\">An\u00e0lisi de casos pr\u00e0ctics per integrar continguts.<\/span><\/li>\n<\/ul>\n<\/div>\n<\/div>\n<\/div>\n<\/div>\n<\/div>\n<\/div>\n\t\t<\/div>\n\t\t\t\t\n<style>\n#col-1051887133 > .col-inner {\n  padding: 0px 0px 0px 0px;\n}\n<\/style>\n\t<\/div>\n\n\t\n\n<style>\n#row-1411966363 > .col > .col-inner {\n  padding: 30px 0px 0px 0px;\n}\n<\/style>\n<\/div>\n<div class=\"row row-large\"  id=\"row-115312819\">\n\n\t<div id=\"col-698147919\" class=\"col small-12 large-12\"  >\n\t\t\t\t<div class=\"col-inner text-left\"  >\n\t\t\t\n\t\t\t\n<div class=\"wpb_text_column wpb_content_element \">\n<div class=\"wpb_wrapper\">\n<div class=\"wpb_text_column-text-style\">\n<h2><span data-text-color=\"primary\"> <img loading=\"lazy\" decoding=\"async\" class=\" wp-image-40668 alignnone\" src=\"https:\/\/integratek.es\/wp-content\/uploads\/2018\/02\/online-course.png\" alt=\"\" width=\"40\" height=\"40\" srcset=\"https:\/\/integratek.es\/wp-content\/uploads\/2018\/02\/online-course.png 256w, https:\/\/integratek.es\/wp-content\/uploads\/2018\/02\/online-course-247x256.png 247w, https:\/\/integratek.es\/wp-content\/uploads\/2018\/02\/online-course-100x100.png 100w, https:\/\/integratek.es\/wp-content\/uploads\/2018\/02\/online-course-180x180.png 180w\" sizes=\"auto, (max-width: 40px) 100vw, 40px\" \/> Contingut<\/span><\/h2>\n<p><b>Bloc 1. Introducci\u00f3 i contextualitzaci\u00f3 <\/b><\/p>\n<ul>\n<li>Reptes actuals al diagn\u00f2stic de l&#8217;autisme<\/li>\n<li>Factors clau en la manifestaci\u00f3<\/li>\n<li>Realitat diagn\u00f2stica actual<\/li>\n<li>Diagn\u00f2stic observacional i diagn\u00f2stic etiol\u00f2gic<\/li>\n<\/ul>\n<p><b>Bloc 2. Instruments, recursos i metodologia <\/b><\/p>\n<ul>\n<li>El proc\u00e9s d&#8217;avaluaci\u00f3 diagn\u00f2stica<\/li>\n<li>Dels gold-standard a l&#8217;avaluaci\u00f3 integral<\/li>\n<li>Avaluaci\u00f3 en femen\u00ed<\/li>\n<li>Avaluaci\u00f3 ecol\u00f2gica<\/li>\n<\/ul>\n<p><b>Bloc 3. Diagn\u00f2stic diferencial<\/b><\/p>\n<p><b>Bloc 4. Dilemes cl\u00ednics <\/b><\/p>\n<p><b>Bloc 5. Casos pr\u00e0ctics<\/b><\/p>\n<\/div>\n<\/div>\n<\/div>\n\t\t<\/div>\n\t\t\t\t\t<\/div>\n\n\t\n\n<style>\n#row-115312819 > .col > .col-inner {\n  padding: 0px 0px 0px 0px;\n}\n<\/style>\n<\/div>\n<div class=\"row row-large\"  id=\"row-1312529638\">\n\n\t<div id=\"col-426052074\" class=\"col small-12 large-12\"  >\n\t\t\t\t<div class=\"col-inner text-left\"  >\n\t\t\t\n\t\t\t\n<div class=\"wpb_text_column wpb_content_element \">\n<div class=\"wpb_wrapper\">\n<div class=\"wpb_text_column-text-style\">\n<h2><span data-text-color=\"primary\"> <img loading=\"lazy\" decoding=\"async\" class=\" wp-image-40668 alignnone\" src=\"https:\/\/integratek.es\/wp-content\/uploads\/2018\/02\/online-course.png\" alt=\"\" width=\"40\" height=\"40\" srcset=\"https:\/\/integratek.es\/wp-content\/uploads\/2018\/02\/online-course.png 256w, https:\/\/integratek.es\/wp-content\/uploads\/2018\/02\/online-course-247x256.png 247w, https:\/\/integratek.es\/wp-content\/uploads\/2018\/02\/online-course-100x100.png 100w, https:\/\/integratek.es\/wp-content\/uploads\/2018\/02\/online-course-180x180.png 180w\" sizes=\"auto, (max-width: 40px) 100vw, 40px\" \/> Metodologia<\/span><\/h2>\n<ul>\n<li><b>Formaci\u00f3 100% online en directe,<\/b> amb sessions interactives i din\u00e0miques participatives.<\/li>\n<li><b>Acc\u00e9s posterior als continguts<\/b>: Els participants podran accedir als enregistraments de les sessions i al material d&#8217;estudi per consultar despr\u00e9s de la formaci\u00f3.<\/li>\n<li><b>Materials descarregables<\/b>: Es proporcionar\u00e0 material original amb la seva correcci\u00f3, juntament amb documentaci\u00f3 complement\u00e0ria per aprofundir els continguts.<\/li>\n<li><b>Enfocament pr\u00e0ctic<\/b> Cada bloc combina una base te\u00f2rica amb an\u00e0lisi de casos reals, promovent la reflexi\u00f3 i l&#8217;aprenentatge aplicat.<\/li>\n<li><b>Espai de discussi\u00f3 i resoluci\u00f3 de dubtes<\/b>: Els assistents podran plantejar preguntes i compartir experi\u00e8ncies en temps real.<\/li>\n<\/ul>\n<p><u>ACTIVITAT PR\u00c8VIA<\/u><br \/>\nPer a dur a terme la part pr\u00e0ctica el mateix dia del taller, els participants podran completar una activitat pr\u00e8viament. D&#8217;aquesta manera, una vegada realitzada la inscripci\u00f3 tindr\u00e0s <a href=\"https:\/\/campusvirtual.integratek.es\/\">acc\u00e9s al Campus Virtual<\/a>, on trobar\u00e0s l&#8217;activitat oberta per a realitzar la teva aportaci\u00f3 fins al 8 de maig.<\/p>\n<\/div>\n<\/div>\n<\/div>\n\t\t<\/div>\n\t\t\t\t\t<\/div>\n\n\t\n\n<style>\n#row-1312529638 > .col > .col-inner {\n  padding: 0px 0px 0px 0px;\n}\n<\/style>\n<\/div>\n<div class=\"row row-collapse\"  id=\"row-1298692270\">\n\n\t<div id=\"col-1196520062\" class=\"col medium-8 small-12 large-8\"  >\n\t\t\t\t<div class=\"col-inner\"  >\n\t\t\t\n\t\t\t\n\t<div id=\"text-1475720903\" class=\"text\">\n\t\t\n<div class=\"wpb_text_column wpb_content_element \">\n<div class=\"wpb_wrapper\">\n<div class=\"wpb_text_column-text-style\">\n<div class=\"wpb_text_column wpb_content_element \">\n<div class=\"wpb_wrapper\">\n<div class=\"wpb_text_column-text-style\">\n<h2 style=\"text-align: left;\"><span data-text-color=\"primary\"><img loading=\"lazy\" decoding=\"async\" class=\" wp-image-40661 alignnone\" src=\"https:\/\/integratek.es\/wp-content\/uploads\/2018\/02\/speak.png\" alt=\"\" width=\"41\" height=\"41\" align=\"left\" srcset=\"https:\/\/integratek.es\/wp-content\/uploads\/2018\/02\/speak.png 256w, https:\/\/integratek.es\/wp-content\/uploads\/2018\/02\/speak-247x256.png 247w, https:\/\/integratek.es\/wp-content\/uploads\/2018\/02\/speak-100x100.png 100w, https:\/\/integratek.es\/wp-content\/uploads\/2018\/02\/speak-180x180.png 180w\" sizes=\"auto, (max-width: 41px) 100vw, 41px\" \/> La Formadora<\/span><\/h2>\n<p align=\"left\">Psic\u00f2loga especialista en psicologia cl\u00ednica. Doctora en Psicologia. \u00c0mplia experi\u00e8ncia en avaluaci\u00f3 i intervenci\u00f3 en trastorns del neurodesenvolupament, especialment TEA. Professional de l\u00b4Hospital Sant Joan de D\u00e9u (Barcelona). Docent i autora en diverses formacions especialitzades.<\/p>\n<\/div>\n<\/div>\n<\/div>\n<\/div>\n<\/div>\n<\/div>\n\t\t\n<style>\n#text-1475720903 {\n  text-align: left;\n}\n<\/style>\n\t<\/div>\n\t\n\t<div id=\"text-3230293367\" class=\"text\">\n\t\t\n<div class=\"wpb_text_column wpb_content_element \">\n<div class=\"wpb_wrapper\">\n<div class=\"wpb_text_column-text-style\">\n<div class=\"wpb_text_column wpb_content_element \">\n<div class=\"wpb_wrapper\">\n<div class=\"wpb_text_column-text-style\">\n<p align=\"left\"><a href=\"https:\/\/integratek.es\/plus\/formadores\/19\/cristina-garcia\">Coneix Cristina<\/a><\/p>\n<\/div>\n<\/div>\n<\/div>\n<\/div>\n<\/div>\n<\/div>\n\t\t\n<style>\n#text-3230293367 {\n  text-align: left;\n}\n<\/style>\n\t<\/div>\n\t\n\t\t<\/div>\n\t\t\t\t\n<style>\n#col-1196520062 > .col-inner {\n  padding: 0px 0px 30px 0px;\n}\n<\/style>\n\t<\/div>\n\n\t\n\n\t<div id=\"col-1528580838\" class=\"col medium-4 small-12 large-4\"  >\n\t\t\t\t<div class=\"col-inner text-center\"  >\n\t\t\t\n\t\t\t\n\t<div id=\"text-967924187\" class=\"text\">\n\t\t\n<p align=\"center\"><b>Cristina Garc\u00eda<\/b><br \/>\nDOCTORA EN PSICOLOGIA<\/p>\n\t\t\n<style>\n#text-967924187 {\n  text-align: left;\n}\n<\/style>\n\t<\/div>\n\t\n\t<div class=\"img has-hover x md-x lg-x y md-y lg-y\" id=\"image_1222392766\">\n\t\t\t\t\t\t\t\t<div class=\"img-inner dark\" style=\"margin:-20px 0px 0px 0px;\">\n\t\t\t<img loading=\"lazy\" decoding=\"async\" width=\"800\" height=\"800\" src=\"https:\/\/integratek.es\/wp-content\/uploads\/2025\/09\/CRISTINA-GARCIA-800x800.png\" class=\"attachment-large size-large\" alt=\"\" srcset=\"https:\/\/integratek.es\/wp-content\/uploads\/2025\/09\/CRISTINA-GARCIA-800x800.png 800w, https:\/\/integratek.es\/wp-content\/uploads\/2025\/09\/CRISTINA-GARCIA-400x400.png 400w, https:\/\/integratek.es\/wp-content\/uploads\/2025\/09\/CRISTINA-GARCIA-280x280.png 280w, https:\/\/integratek.es\/wp-content\/uploads\/2025\/09\/CRISTINA-GARCIA-768x768.png 768w, https:\/\/integratek.es\/wp-content\/uploads\/2025\/09\/CRISTINA-GARCIA-510x510.png 510w, https:\/\/integratek.es\/wp-content\/uploads\/2025\/09\/CRISTINA-GARCIA-100x100.png 100w, https:\/\/integratek.es\/wp-content\/uploads\/2025\/09\/CRISTINA-GARCIA.png 1080w\" sizes=\"auto, (max-width: 800px) 100vw, 800px\" \/>\t\t\t\t\t\t\n\t\t\t\t\t<\/div>\n\t\t\t\t\t\t\t\t\n<style>\n#image_1222392766 {\n  width: 70%;\n}\n<\/style>\n\t<\/div>\n\t\n\t\t<\/div>\n\t\t\t\t\t<\/div>\n\n\t\n<\/div>\n<div class=\"row\"  id=\"row-421987295\">\n\n\t<div id=\"col-1191571718\" class=\"col small-12 large-12\"  >\n\t\t\t\t<div class=\"col-inner\"  >\n\t\t\t\n\t\t\t\n<div class=\"wpb_text_column wpb_content_element \">\n<div class=\"wpb_wrapper\">\n<div class=\"wpb_text_column-text-style\">\n<div class=\"wpb_text_column wpb_content_element \">\n<div class=\"wpb_wrapper\">\n<div class=\"wpb_text_column-text-style\">\n<h2><span data-text-color=\"primary\"><img loading=\"lazy\" decoding=\"async\" class=\" wp-image-40658 alignnone\" src=\"https:\/\/integratek.es\/wp-content\/uploads\/2018\/02\/clock-circular-outline.png\" alt=\"\" width=\"40\" height=\"40\" srcset=\"https:\/\/integratek.es\/wp-content\/uploads\/2018\/02\/clock-circular-outline.png 256w, https:\/\/integratek.es\/wp-content\/uploads\/2018\/02\/clock-circular-outline-247x256.png 247w, https:\/\/integratek.es\/wp-content\/uploads\/2018\/02\/clock-circular-outline-100x100.png 100w, https:\/\/integratek.es\/wp-content\/uploads\/2018\/02\/clock-circular-outline-180x180.png 180w\" sizes=\"auto, (max-width: 40px) 100vw, 40px\" \/> Horari<\/span><\/h2>\n<p><b>Durada total: 5 hores<\/b> (formaci\u00f3 en l\u00ednia en directe i acc\u00e9s posterior a materials)<\/p>\n<p><b>Horari de les sessions en viu:<\/b><\/p>\n<p>9:00 \u2013 11:00 h <span style=\"font-weight: 400;\">\u2192 Primera part.<\/span><\/p>\n<p>11:00 \u2013 11:20 h <span style=\"font-weight: 400;\">\u2192 Pausa.<\/span><\/p>\n<p>11:20 \u2013 13:00 h <span style=\"font-weight: 400;\">\u2192 Segona part.<\/span><\/p>\n<p>13:00 &#8211; 14:00 h <span style=\"font-weight: 400;\">\u2192 Casos pr\u00e0ctics i tancament.<\/span><\/p>\n<\/div>\n<\/div>\n<\/div>\n<\/div>\n<\/div>\n<\/div>\n\t\t<\/div>\n\t\t\t\t\t<\/div>\n\n\t\n\n\t<div id=\"col-526212792\" class=\"col small-12 large-12\"  >\n\t\t\t\t<div class=\"col-inner\"  >\n\t\t\t\n\t\t\t\n<div class=\"wpb_text_column wpb_content_element \">\n<div class=\"wpb_wrapper\">\n<div class=\"wpb_text_column-text-style\">\n<div class=\"wpb_text_column wpb_content_element \">\n<div class=\"wpb_wrapper\">\n<div class=\"wpb_text_column-text-style\">\n<h2><span data-text-color=\"primary\">Material<\/span><\/h2>\n<\/div>\n<\/div>\n<\/div>\n<\/div>\n<\/div>\n<\/div>\n<div class=\"wpb_text_column wpb_content_element \">\n<div class=\"wpb_wrapper\">\n<div class=\"wpb_text_column-text-style\">\n<div class=\"wpb_text_column wpb_content_element \">\n<div class=\"wpb_wrapper\">\n<div class=\"wpb_text_column-text-style\">\n<p>Tot el material del taller estar\u00e0 disponible al <b><a href=\"https:\/\/campusvirtual.integratek.es\/my\/\">Campus Virtual<\/a><\/b> d&#8217;Integratek on podr\u00e0s accedir amb les credencials d&#8217;inscripci\u00f3.<\/p>\n<p><b>Gravaci\u00f3 completa:<\/b> La sessi\u00f3 en directe ser\u00e0 gravada i podr\u00e0s tornar a visualitzar tots els v\u00eddeos. En cas que no puguis assistir a l&#8217;emissi\u00f3 el mateix dia del taller, tamb\u00e9 tindr\u00e0s acc\u00e9s al material en v\u00eddeo en diferit fins al 8 de juny.<\/p>\n<p><b>Material complementari:<\/b> Documentaci\u00f3 addicional per aprofundir els continguts i tot el material original del taller amb la correcci\u00f3 corresponent.<\/p>\n<p><b>Enquesta de satisfacci\u00f3:<\/b> Al final del taller, caldr\u00e0 fer una petita enquesta per avaluar-ne la qualitat.<\/p>\n<p><b>Certificat de participaci\u00f3:<\/b> Tots els participants podran obtenir un certificat de participaci\u00f3 del taller amb les vostres dades personals.<\/p>\n<\/div>\n<\/div>\n<\/div>\n<\/div>\n<\/div>\n<\/div>\n\t\t<\/div>\n\t\t\t\t\t<\/div>\n\n\t\n<\/div>\n<div class=\"text-center\"><div class=\"is-divider divider clearfix\" style=\"max-width:145px;height:1px;background-color:rgb(108, 95, 95);\"><\/div><\/div>\n<div class=\"row\"  id=\"row-963990028\">\n\n\t<div id=\"col-1557728829\" class=\"col medium-4 small-6 large-4\"  >\n\t\t\t\t<div class=\"col-inner\"  >\n\t\t\t\n\t\t\t\n\n\t\t<div class=\"icon-box featured-box icon-box-center text-center\"  >\n\t\t\t\t\t<div class=\"icon-box-img\" style=\"width: 60px\">\n\t\t\t\t<div class=\"icon\">\n\t\t\t\t\t<div class=\"icon-inner\" >\n\t\t\t\t\t\t<img loading=\"lazy\" decoding=\"async\" width=\"256\" height=\"256\" src=\"https:\/\/integratek.es\/wp-content\/uploads\/2018\/02\/multiple-users-silhouette.png\" class=\"attachment-medium size-medium\" alt=\"\" srcset=\"https:\/\/integratek.es\/wp-content\/uploads\/2018\/02\/multiple-users-silhouette.png 256w, https:\/\/integratek.es\/wp-content\/uploads\/2018\/02\/multiple-users-silhouette-100x100.png 100w, https:\/\/integratek.es\/wp-content\/uploads\/2018\/02\/multiple-users-silhouette-180x180.png 180w\" sizes=\"auto, (max-width: 256px) 100vw, 256px\" \/>\t\t\t\t\t<\/div>\n\t\t\t\t<\/div>\n\t\t\t<\/div>\n\t\t\t\t<div class=\"icon-box-text last-reset\">\n\t\t\t<h5 class=\"uppercase\">A qui est\u00e0 dirigit?<\/h5>\t\t\t\t\t\t\n\t<div id=\"text-3748736966\" class=\"text\">\n\t\t\n<p style=\"text-align: left;\" align=\"center\">Professionals de la psicologia, neuropsicologia i psicologia sanit\u00e0ria, i altres professionals relacionats amb leducaci\u00f3 que tinguin inter\u00e8s en el diagn\u00f2stic cognitiu.<\/p>\n\t\t\n<style>\n#text-3748736966 {\n  text-align: center;\n}\n<\/style>\n\t<\/div>\n\t\n\t\t<\/div>\n\t<\/div>\n\t\n\t\n\t\t<\/div>\n\t\t\t\t\t<\/div>\n\n\t\n\n\t<div id=\"col-1401264257\" class=\"col medium-4 small-6 large-4\"  >\n\t\t\t\t<div class=\"col-inner\"  >\n\t\t\t\n\t\t\t\n\n\t\t<div class=\"icon-box featured-box icon-box-center text-center\"  >\n\t\t\t\t\t<div class=\"icon-box-img\" style=\"width: 60px\">\n\t\t\t\t<div class=\"icon\">\n\t\t\t\t\t<div class=\"icon-inner\" >\n\t\t\t\t\t\t<img loading=\"lazy\" decoding=\"async\" width=\"256\" height=\"256\" src=\"https:\/\/integratek.es\/wp-content\/uploads\/2018\/02\/medal.png\" class=\"attachment-medium size-medium\" alt=\"\" srcset=\"https:\/\/integratek.es\/wp-content\/uploads\/2018\/02\/medal.png 256w, https:\/\/integratek.es\/wp-content\/uploads\/2018\/02\/medal-100x100.png 100w, https:\/\/integratek.es\/wp-content\/uploads\/2018\/02\/medal-180x180.png 180w\" sizes=\"auto, (max-width: 256px) 100vw, 256px\" \/>\t\t\t\t\t<\/div>\n\t\t\t\t<\/div>\n\t\t\t<\/div>\n\t\t\t\t<div class=\"icon-box-text last-reset\">\n\t\t\t<h5 class=\"uppercase\">Lliurament de certificat<\/h5>\t\t\t\t\t\t\n<p style=\"text-align: left;\">Podr\u00e0s descarregar el certificat d&#8217;assist\u00e8ncia accedint al campus virtual i fent l&#8217;enquesta de satisfacci\u00f3.<\/p>\n\t\t<\/div>\n\t<\/div>\n\t\n\t\n\t\t<\/div>\n\t\t\t\t\t<\/div>\n\n\t\n\n\t<div id=\"col-1800390974\" class=\"col medium-4 small-6 large-4\"  >\n\t\t\t\t<div class=\"col-inner\"  >\n\t\t\t\n\t\t\t\n\n\t\t<div class=\"icon-box featured-box icon-box-center text-center\"  >\n\t\t\t\t\t<div class=\"icon-box-img\" style=\"width: 60px\">\n\t\t\t\t<div class=\"icon\">\n\t\t\t\t\t<div class=\"icon-inner\" >\n\t\t\t\t\t\t<img loading=\"lazy\" decoding=\"async\" width=\"256\" height=\"256\" src=\"https:\/\/integratek.es\/wp-content\/uploads\/2018\/02\/question-mark.png\" class=\"attachment-medium size-medium\" alt=\"\" srcset=\"https:\/\/integratek.es\/wp-content\/uploads\/2018\/02\/question-mark.png 256w, https:\/\/integratek.es\/wp-content\/uploads\/2018\/02\/question-mark-100x100.png 100w, https:\/\/integratek.es\/wp-content\/uploads\/2018\/02\/question-mark-180x180.png 180w\" sizes=\"auto, (max-width: 256px) 100vw, 256px\" \/>\t\t\t\t\t<\/div>\n\t\t\t\t<\/div>\n\t\t\t<\/div>\n\t\t\t\t<div class=\"icon-box-text last-reset\">\n\t\t\t<h5 class=\"uppercase\">Preguntes freq\u00fcents<\/h5>\t\t\t\t\t\t\n<p style=\"text-align: left;\">A qui s&#8217;adre\u00e7a el curs? Quan m&#8217;he d&#8217;inscriure? On es fa el curs? De certificat d&#8217;assist\u00e8ncia?&#8230; <a href=\"\/?page_id=33977\" target=\"_blank\" rel=\"noopener\">Consulta aqu\u00ed totes les preguntes freq\u00fcents<\/a> .<\/p>\n\t\t<\/div>\n\t<\/div>\n\t\n\t\n\t\t<\/div>\n\t\t\t\t\t<\/div>\n\n\t\n<\/div>\n\n\t<section class=\"section contacta-con-nosotros2\" id=\"section_1778551919\">\n\t\t<div class=\"section-bg fill\" >\n\t\t\t\t\t\t\t\t\t<div class=\"section-bg-overlay absolute fill\"><\/div>\n\t\t\t\n\t<div class=\"is-border\"\n\t\tstyle=\"border-width:0px 0 0px 0px;margin:0px 0 0px 0px;\">\n\t<\/div>\n\n\t\t<\/div>\n\n\t\t\n\n\t\t<div class=\"section-content relative\">\n\t\t\t\n<div class=\"row align-middle\"  id=\"row-514985725\">\n\n\t<div id=\"col-39326208\" class=\"col small-12 large-12\"  >\n\t\t\t\t<div class=\"col-inner\"  >\n\t\t\t\n\t\t\t\n<h2><span style=\"color: #ff8300; font-size: 115%;\"><img loading=\"lazy\" decoding=\"async\" class=\"wp-image-40633 alignnone\" src=\"https:\/\/integratek.es\/wp-content\/uploads\/2018\/02\/call-center-service-for-information.png\" alt=\"\" width=\"40\" height=\"40\" srcset=\"https:\/\/integratek.es\/wp-content\/uploads\/2018\/02\/call-center-service-for-information.png 256w, https:\/\/integratek.es\/wp-content\/uploads\/2018\/02\/call-center-service-for-information-247x256.png 247w, https:\/\/integratek.es\/wp-content\/uploads\/2018\/02\/call-center-service-for-information-100x100.png 100w, https:\/\/integratek.es\/wp-content\/uploads\/2018\/02\/call-center-service-for-information-180x180.png 180w\" sizes=\"auto, (max-width: 40px) 100vw, 40px\" \/> Tens dubtes? Contacta amb nosaltres<\/span><\/h2>\n<p>Recorda que pots contactar amb nosaltres trucant al 93 210 70 24, escrivint a cursos@integratek.es o completant el nostre formulari. T&#8217;informarem de tot all\u00f2 que necessitis sobre la formaci\u00f3.<\/p>\n\t\t<\/div>\n\t\t\t\t\n<style>\n#col-39326208 > .col-inner {\n  margin: 0px 0px -30px 0px;\n}\n<\/style>\n\t<\/div>\n\n\t\n\n\t<div id=\"col-285648666\" class=\"col small-12 large-12\"  >\n\t\t\t\t<div class=\"col-inner text-center\"  >\n\t\t\t\n\t\t\t\n<a href=\"\/contact\/\" target=\"_blank\" class=\"button primary\" rel=\"noopener\" style=\"border-radius:5px;\">\n\t\t<span>Contactar ara<\/span>\n\t<\/a>\n\n\t\t<\/div>\n\t\t\t\t\n<style>\n#col-285648666 > .col-inner {\n  margin: 0px 0px -100px 0px;\n}\n<\/style>\n\t<\/div>\n\n\t\n<\/div>\n\t\t<\/div>\n\n\t\t\n<style>\n#section_1778551919 {\n  padding-top: 43px;\n  padding-bottom: 43px;\n  min-height: 0px;\n  background-color: rgb(193, 193, 193);\n}\n#section_1778551919 .section-bg-overlay {\n  background-color: rgba(255, 255, 255, 0.85);\n}\n<\/style>\n\t<\/section>\n\t\n","protected":false},"excerpt":{"rendered":"<p>Aquest taller en l\u00ednia abordar\u00e0 els principals reptes i enfocaments pr\u00e0ctics en l&#8217;avaluaci\u00f3 integral de l&#8217;autisme, considerant la seva manifestaci\u00f3 en diferents contextos i etapes del desenvolupament, i explorant els instruments i els dilemes cl\u00ednics m\u00e9s rellevants.<\/p>\n<p>Idioma: Espa\u00f1ol<\/p>\n<p><b>RESERVA LA TEVA PLA\u00c7A<\/b><br \/>\nTaller en directe (disponible en diferit).<br \/>\n<i>Places limitades!<\/i><\/p>\n","protected":false},"featured_media":213394,"comment_status":"open","ping_status":"closed","template":"","meta":{"_acf_changed":false,"footnotes":""},"product_brand":[],"product_cat":[741,1256],"product_tag":[1238,812,1236,1234,858,1235,1239,1237,810,856],"class_list":{"0":"post-213367","1":"product","2":"type-product","3":"status-publish","4":"has-post-thumbnail","6":"product_cat-atencio-a-la-diversitat","7":"product_cat-tallers","8":"product_tag-ados-2","9":"product_tag-autisme","10":"product_tag-avaluacio-clinica","11":"product_tag-casos-practics","12":"product_tag-diagnostic","13":"product_tag-diagnostic-diferencial","14":"product_tag-dilemes-clinics","15":"product_tag-eines-diagnostiques","16":"product_tag-neurodesenvolupament","17":"product_tag-psicologia-ca","19":"first","20":"instock","21":"virtual","22":"sold-individually","23":"taxable","24":"purchasable","25":"product-type-simple"},"bundled_by":[],"bundle_stock_status":"instock","bundle_stock_quantity":null,"bundle_virtual":false,"bundle_layout":"","bundle_add_to_cart_form_location":"","bundle_editable_in_cart":false,"bundle_sold_individually_context":"","bundle_item_grouping":"","bundle_min_size":"","bundle_max_size":"","bundle_price":[],"bundled_items":[],"bundle_sell_ids":[],"acf":[],"_links":{"self":[{"href":"https:\/\/integratek.es\/ca\/wp-json\/wp\/v2\/product\/213367","targetHints":{"allow":["GET"]}}],"collection":[{"href":"https:\/\/integratek.es\/ca\/wp-json\/wp\/v2\/product"}],"about":[{"href":"https:\/\/integratek.es\/ca\/wp-json\/wp\/v2\/types\/product"}],"replies":[{"embeddable":true,"href":"https:\/\/integratek.es\/ca\/wp-json\/wp\/v2\/comments?post=213367"}],"version-history":[{"count":5,"href":"https:\/\/integratek.es\/ca\/wp-json\/wp\/v2\/product\/213367\/revisions"}],"predecessor-version":[{"id":213397,"href":"https:\/\/integratek.es\/ca\/wp-json\/wp\/v2\/product\/213367\/revisions\/213397"}],"wp:featuredmedia":[{"embeddable":true,"href":"https:\/\/integratek.es\/ca\/wp-json\/wp\/v2\/media\/213394"}],"wp:attachment":[{"href":"https:\/\/integratek.es\/ca\/wp-json\/wp\/v2\/media?parent=213367"}],"wp:term":[{"taxonomy":"product_brand","embeddable":true,"href":"https:\/\/integratek.es\/ca\/wp-json\/wp\/v2\/product_brand?post=213367"},{"taxonomy":"product_cat","embeddable":true,"href":"https:\/\/integratek.es\/ca\/wp-json\/wp\/v2\/product_cat?post=213367"},{"taxonomy":"product_tag","embeddable":true,"href":"https:\/\/integratek.es\/ca\/wp-json\/wp\/v2\/product_tag?post=213367"}],"curies":[{"name":"wp","href":"https:\/\/api.w.org\/{rel}","templated":true}]}}