{"id":212465,"date":"2026-01-28T10:51:46","date_gmt":"2026-01-28T09:51:46","guid":{"rendered":"https:\/\/integratek.es\/?post_type=product&#038;p=212465"},"modified":"2026-05-13T16:18:40","modified_gmt":"2026-05-13T14:18:40","slug":"inteligencia-artificial-generativa-dificultats-aprenentatge","status":"publish","type":"product","link":"https:\/\/integratek.es\/ca\/botiga\/cursos-online-ca\/atencio-a-la-diversitat\/inteligencia-artificial-generativa-dificultats-aprenentatge\/","title":{"rendered":"Intel\u00b7lig\u00e8ncia artificial generativa i dificultats d\u2019aprenentatge"},"content":{"rendered":"<p><span style=\"font-weight: 400;\">La <\/span><b>intel\u00b7lig\u00e8ncia artificial generativa (IAG)<\/b><span style=\"font-weight: 400;\"> est\u00e0 transformant la manera com els professionals de l\u2019educaci\u00f3, la psicologia i la logop\u00e8dia poden <\/span><b>dissenyar, adaptar i personalitzar intervencions<\/b><span style=\"font-weight: 400;\"> per a alumnat amb <\/span><b>dificultats d\u2019aprenentatge<\/b><span style=\"font-weight: 400;\">, ja sigui en <\/span><b>dificultats de lectoescriptura, com la disl\u00e8xia<\/b><span style=\"font-weight: 400;\">, en <\/span><b>compet\u00e8ncia matem\u00e0tica, com la discalc\u00falia<\/b><span style=\"font-weight: 400;\">, o en <\/span><b>dificultats relacionades amb les funcions executives<\/b><span style=\"font-weight: 400;\">.<\/span><\/p>\n<p><span style=\"font-weight: 400;\">En aquest curs coneixer\u00e0s els <\/span><b>principis, eines i aplicacions pr\u00e0ctiques<\/b><span style=\"font-weight: 400;\"> de la IAG en aquests \u00e0mbits, i aprendr\u00e0s a <\/span><b>generar recursos adaptats, activitats d\u2019intervenci\u00f3 i estrat\u00e8gies de suport<\/b><span style=\"font-weight: 400;\"> basades en l\u2019evid\u00e8ncia cient\u00edfica i en els perfils cognitius de cada alumne.<\/span><\/p>\n<p><span style=\"font-weight: 400;\">A m\u00e9s, reflexionar\u00e0s sobre els <\/span><b>aspectes \u00e8tics i legals<\/b><span style=\"font-weight: 400;\"> associats a l\u2019\u00fas de dades i IA amb alumnat vulnerable, i desenvolupar\u00e0s <\/span><b>propostes d\u2019intervenci\u00f3 reals i aplicables<\/b><span style=\"font-weight: 400;\"> a la teva pr\u00e0ctica educativa o cl\u00ednica.<\/span><\/p>\n","protected":false},"excerpt":{"rendered":"<p><span style=\"font-weight: 400;\">En aquest curs coneixer\u00e0s els <\/span><b>principis, eines i aplicacions pr\u00e0ctiques<\/b><span style=\"font-weight: 400;\"> de la IAG en aquests \u00e0mbits, i aprendr\u00e0s a <\/span><b>generar recursos adaptats, activitats d\u2019intervenci\u00f3 i estrat\u00e8gies de suport<\/b><span style=\"font-weight: 400;\"> basades en l\u2019evid\u00e8ncia cient\u00edfica i en els perfils cognitius de cada alumne.<\/span><\/p>\n","protected":false},"featured_media":212469,"comment_status":"open","ping_status":"closed","template":"","meta":{"_acf_changed":false,"footnotes":""},"product_brand":[],"product_cat":[741,743],"product_tag":[1148,1152,778,1146,1151,1144,1145,848,170,1150,1155,1156,1162,1153,1154,1143,1147,777,1149,1157],"class_list":{"0":"post-212465","1":"product","2":"type-product","3":"status-publish","4":"has-post-thumbnail","6":"product_cat-atencio-a-la-diversitat","7":"product_cat-cursos-online-ca","8":"product_tag-adaptacio-curricular","9":"product_tag-aprenentatge-adaptatiu","10":"product_tag-atencio-a-la-diversitat-ca-2","11":"product_tag-competencia-matematica","12":"product_tag-creacio-de-recursos-educatius-amb-ia","13":"product_tag-dificultats-daprenentatge","14":"product_tag-dificultats-de-lectoescriptura","15":"product_tag-discalculia-ca","16":"product_tag-dislexia","17":"product_tag-eines-dia-per-a-la-intervencio","18":"product_tag-etica-i-privacitat-en-ia","19":"product_tag-evidencia-cientifica-en-educacio","20":"product_tag-funcions-executives-2","21":"product_tag-inclusio-educativa","22":"product_tag-innovacio-pedagogica","23":"product_tag-intelligencia-artificial-generativa-iag","24":"product_tag-intervencio-educativa","25":"product_tag-intervencio-psicopedagogica-ca","26":"product_tag-personalitzacio-de-laprenentatge","27":"product_tag-tecnologia-educativa","29":"first","30":"instock","31":"sale","32":"sold-individually","33":"taxable","34":"shipping-taxable","35":"purchasable","36":"product-type-variable"},"bundled_by":[],"bundle_stock_status":"instock","bundle_stock_quantity":null,"bundle_virtual":false,"bundle_layout":"","bundle_add_to_cart_form_location":"","bundle_editable_in_cart":false,"bundle_sold_individually_context":"","bundle_item_grouping":"","bundle_min_size":"","bundle_max_size":"","bundle_price":[],"bundled_items":[],"bundle_sell_ids":[],"acf":[],"_links":{"self":[{"href":"https:\/\/integratek.es\/ca\/wp-json\/wp\/v2\/product\/212465","targetHints":{"allow":["GET"]}}],"collection":[{"href":"https:\/\/integratek.es\/ca\/wp-json\/wp\/v2\/product"}],"about":[{"href":"https:\/\/integratek.es\/ca\/wp-json\/wp\/v2\/types\/product"}],"replies":[{"embeddable":true,"href":"https:\/\/integratek.es\/ca\/wp-json\/wp\/v2\/comments?post=212465"}],"version-history":[{"count":1,"href":"https:\/\/integratek.es\/ca\/wp-json\/wp\/v2\/product\/212465\/revisions"}],"predecessor-version":[{"id":215203,"href":"https:\/\/integratek.es\/ca\/wp-json\/wp\/v2\/product\/212465\/revisions\/215203"}],"wp:featuredmedia":[{"embeddable":true,"href":"https:\/\/integratek.es\/ca\/wp-json\/wp\/v2\/media\/212469"}],"wp:attachment":[{"href":"https:\/\/integratek.es\/ca\/wp-json\/wp\/v2\/media?parent=212465"}],"wp:term":[{"taxonomy":"product_brand","embeddable":true,"href":"https:\/\/integratek.es\/ca\/wp-json\/wp\/v2\/product_brand?post=212465"},{"taxonomy":"product_cat","embeddable":true,"href":"https:\/\/integratek.es\/ca\/wp-json\/wp\/v2\/product_cat?post=212465"},{"taxonomy":"product_tag","embeddable":true,"href":"https:\/\/integratek.es\/ca\/wp-json\/wp\/v2\/product_tag?post=212465"}],"curies":[{"name":"wp","href":"https:\/\/api.w.org\/{rel}","templated":true}]}}