{"id":210213,"date":"2025-11-06T13:24:36","date_gmt":"2025-11-06T12:24:36","guid":{"rendered":"https:\/\/integratek.es\/?post_type=product&#038;p=210213"},"modified":"2026-03-17T08:43:10","modified_gmt":"2026-03-17T07:43:10","slug":"introduccio-comunicacio-no-violenta-cnv","status":"publish","type":"product","link":"https:\/\/integratek.es\/ca\/botiga\/cursos-online-ca\/intervencio-emocional-i-de-conducta\/introduccio-comunicacio-no-violenta-cnv\/","title":{"rendered":"Introducci\u00f3 a la Comunicaci\u00f3 No Violenta (CNV)"},"content":{"rendered":"<p>La Comunicaci\u00f3 No Violenta (CNV) \u00e9s molt m\u00e9s que una t\u00e8cnica: \u00e9s una manera d&#8217;estar en relaci\u00f3 amb les persones que pot transformar la nostra manera de comunicar-nos a l&#8217;escola, en la fam\u00edlia i en la vida di\u00e0ria. Amb un enfocament senzill i pr\u00e0ctic, la CNV ens convida a expressar-nos amb claredat i autenticitat, al mateix temps que conreem una escolta profunda i emp\u00e0tica cap als altres.<\/p>\n<p>Practicar CNV ens ajuda a connectar amb el que sentim i necessitem, a construir relacions sanes i aut\u00e8ntiques en entorns educatius i personals, a respondre amb consci\u00e8ncia en lloc de reaccionar autom\u00e0ticament i a gestionar els conflictes de manera respectuosa i constructiva.<\/p>\n<p>En aquest curs recorrerem, pas a pas, els aspectes essencials de la CNV. Comen\u00e7arem per comprendre qu\u00e8 \u00e9s la CNV, els seus fonaments i principis, per a situar-la com una eina de transformaci\u00f3 personal i col\u00b7lectiva. Despr\u00e9s aprofundirem en l&#8217;escolta activa, un recurs clau per a obrir espais d&#8217;enteniment genu\u00ed i crear vincles de confian\u00e7a. A partir d&#8217;aqu\u00ed, explorarem els quatre passos b\u00e0sics de la CNV que ens guien en qualsevol conversa dif\u00edcil.<\/p>\n","protected":false},"excerpt":{"rendered":"<p><b>Apr\u00e8n qu\u00e8 \u00e9s la CNV, aprofundeix en l&#8217;escolta activa i explora els quatre passos b\u00e0sics de la CNV. <\/b><\/p>\n<p><b><\/b>Practicar CNV ens ajuda a connectar amb el que sentim i necessitem, a construir relacions sanes i aut\u00e8ntiques en entorns educatius i personals, a respondre amb consci\u00e8ncia en lloc de reaccionar autom\u00e0ticament i a gestionar els conflictes de manera respectuosa i constructiva.<\/p>\n","protected":false},"featured_media":210100,"comment_status":"open","ping_status":"closed","template":"","meta":{"_acf_changed":false,"footnotes":""},"product_brand":[],"product_cat":[743,744],"product_tag":[1072,1077,1068,1071,1074,1069,1070,1073,1076,1075,1078],"class_list":{"0":"post-210213","1":"product","2":"type-product","3":"status-publish","4":"has-post-thumbnail","6":"product_cat-cursos-online-ca","7":"product_cat-intervencio-emocional-i-de-conducta","8":"product_tag-autenticitat","9":"product_tag-autoconeixement","10":"product_tag-comunicacionno-violenta","11":"product_tag-connexio","12":"product_tag-consciencia-emocional","13":"product_tag-empatia-ca","14":"product_tag-escolta-activa","15":"product_tag-gestio-de-conflictes","16":"product_tag-llenguatge-positiu","17":"product_tag-relacions-sanes","18":"product_tag-resolucio-pacifica","20":"first","21":"instock","22":"sale","23":"sold-individually","24":"taxable","25":"shipping-taxable","26":"purchasable","27":"product-type-variable"},"bundled_by":[],"bundle_stock_status":"instock","bundle_stock_quantity":null,"bundle_virtual":false,"bundle_layout":"","bundle_add_to_cart_form_location":"","bundle_editable_in_cart":false,"bundle_sold_individually_context":"","bundle_item_grouping":"","bundle_min_size":"","bundle_max_size":"","bundle_price":[],"bundled_items":[],"bundle_sell_ids":[],"acf":[],"_links":{"self":[{"href":"https:\/\/integratek.es\/ca\/wp-json\/wp\/v2\/product\/210213","targetHints":{"allow":["GET"]}}],"collection":[{"href":"https:\/\/integratek.es\/ca\/wp-json\/wp\/v2\/product"}],"about":[{"href":"https:\/\/integratek.es\/ca\/wp-json\/wp\/v2\/types\/product"}],"replies":[{"embeddable":true,"href":"https:\/\/integratek.es\/ca\/wp-json\/wp\/v2\/comments?post=210213"}],"version-history":[{"count":5,"href":"https:\/\/integratek.es\/ca\/wp-json\/wp\/v2\/product\/210213\/revisions"}],"predecessor-version":[{"id":210294,"href":"https:\/\/integratek.es\/ca\/wp-json\/wp\/v2\/product\/210213\/revisions\/210294"}],"wp:featuredmedia":[{"embeddable":true,"href":"https:\/\/integratek.es\/ca\/wp-json\/wp\/v2\/media\/210100"}],"wp:attachment":[{"href":"https:\/\/integratek.es\/ca\/wp-json\/wp\/v2\/media?parent=210213"}],"wp:term":[{"taxonomy":"product_brand","embeddable":true,"href":"https:\/\/integratek.es\/ca\/wp-json\/wp\/v2\/product_brand?post=210213"},{"taxonomy":"product_cat","embeddable":true,"href":"https:\/\/integratek.es\/ca\/wp-json\/wp\/v2\/product_cat?post=210213"},{"taxonomy":"product_tag","embeddable":true,"href":"https:\/\/integratek.es\/ca\/wp-json\/wp\/v2\/product_tag?post=210213"}],"curies":[{"name":"wp","href":"https:\/\/api.w.org\/{rel}","templated":true}]}}