{"id":204907,"date":"2018-04-22T13:51:30","date_gmt":"2018-04-22T11:51:30","guid":{"rendered":"https:\/\/integratek.es\/?post_type=product&#038;p=204907"},"modified":"2025-09-02T11:41:22","modified_gmt":"2025-09-02T09:41:22","slug":"autoinstruccions-per-a-estudiants-de-6-a-10-anys","status":"publish","type":"product","link":"https:\/\/integratek.es\/ca\/botiga\/reeducacio\/autoinstruccions-per-a-estudiants-de-6-a-10-anys\/","title":{"rendered":"Autoinstruccions per a estudiants de 6 a 10 anys"},"content":{"rendered":"<p>Aquestes autoinstruccions s\u00f3n una selecci\u00f3 de les que s&#8217;utilitzen m\u00e9s sovint a la UTAE (Unitat de Trastorns de l&#8217;Aprenentatge Escolar) de Sant Joan de D\u00e9u. Tenen a veure amb els h\u00e0bits i els aprenentatges espec\u00edfics de l&#8217;entorn escolar. <\/p>\n<p>Fan refer\u00e8ncia a h\u00e0bits i aprenentatges espec\u00edfics de l&#8217;entorn escolar i, tot i que origin\u00e0riament han estat pensades per a nens amb dificultats d&#8217;aprenentatges (hiperactivitat, d\u00e8ficit d&#8217;atenci\u00f3, manca d&#8217;autocontrol), tamb\u00e9 es poden utilitzar per introduir i automatitzar h\u00e0bits i procediments de treball individuals o de tot el grup classe.<\/p>\n<p>L&#8217;objectiu d&#8217;aquest entrenament \u00e9s ensenyar a l&#8217;infant una forma d&#8217;actuaci\u00f3 r\u00e0pida i efica\u00e7 per aconseguir l&#8217;\u00e8xit en una tasca o conducta.<\/p>\n","protected":false},"excerpt":{"rendered":"<p>Llibre d&#8217;autoinstruccions per a estudiants de 6 a 10 anys.<\/p>\n<p>Quadern de 32 p\u00e0gines amb seq\u00fc\u00e8ncies d&#8217;autoinstruccions per consolidar h\u00e0bits i refor\u00e7ar coneixements b\u00e0sics de lleng\u00fces i de matem\u00e0tiques. Inclou una introducci\u00f3 sobre l&#8217;entrenament en autoinstruccions per part de les autores de la UTAE de St. Joan de D\u00e9u.  <\/p>\n","protected":false},"featured_media":76464,"comment_status":"closed","ping_status":"closed","template":"","meta":{"_acf_changed":false,"footnotes":""},"product_brand":[],"product_cat":[748],"product_tag":[175,166],"class_list":{"0":"post-204907","1":"product","2":"type-product","3":"status-publish","4":"has-post-thumbnail","6":"product_cat-reeducacio","7":"product_tag-go-books","8":"product_tag-tdah","9":"pa_idioma-castella","10":"pa_idioma-catala","11":"pa_idioma-euskera-ca","13":"first","14":"instock","15":"taxable","16":"shipping-taxable","17":"purchasable","18":"product-type-variable","19":"has-default-attributes"},"bundled_by":["204909","204355"],"bundle_stock_status":"instock","bundle_stock_quantity":null,"bundle_virtual":false,"bundle_layout":"","bundle_add_to_cart_form_location":"","bundle_editable_in_cart":false,"bundle_sold_individually_context":"","bundle_item_grouping":"","bundle_min_size":"","bundle_max_size":"","bundle_price":[],"bundled_items":[],"bundle_sell_ids":[],"acf":[],"_links":{"self":[{"href":"https:\/\/integratek.es\/ca\/wp-json\/wp\/v2\/product\/204907","targetHints":{"allow":["GET"]}}],"collection":[{"href":"https:\/\/integratek.es\/ca\/wp-json\/wp\/v2\/product"}],"about":[{"href":"https:\/\/integratek.es\/ca\/wp-json\/wp\/v2\/types\/product"}],"replies":[{"embeddable":true,"href":"https:\/\/integratek.es\/ca\/wp-json\/wp\/v2\/comments?post=204907"}],"version-history":[{"count":3,"href":"https:\/\/integratek.es\/ca\/wp-json\/wp\/v2\/product\/204907\/revisions"}],"predecessor-version":[{"id":205225,"href":"https:\/\/integratek.es\/ca\/wp-json\/wp\/v2\/product\/204907\/revisions\/205225"}],"wp:featuredmedia":[{"embeddable":true,"href":"https:\/\/integratek.es\/ca\/wp-json\/wp\/v2\/media\/76464"}],"wp:attachment":[{"href":"https:\/\/integratek.es\/ca\/wp-json\/wp\/v2\/media?parent=204907"}],"wp:term":[{"taxonomy":"product_brand","embeddable":true,"href":"https:\/\/integratek.es\/ca\/wp-json\/wp\/v2\/product_brand?post=204907"},{"taxonomy":"product_cat","embeddable":true,"href":"https:\/\/integratek.es\/ca\/wp-json\/wp\/v2\/product_cat?post=204907"},{"taxonomy":"product_tag","embeddable":true,"href":"https:\/\/integratek.es\/ca\/wp-json\/wp\/v2\/product_tag?post=204907"}],"curies":[{"name":"wp","href":"https:\/\/api.w.org\/{rel}","templated":true}]}}