{"id":204378,"date":"2019-05-17T13:07:53","date_gmt":"2019-05-17T11:07:53","guid":{"rendered":"https:\/\/integratek.es\/tienda\/sense%20categoria\/posters-dautoinstruccions\/"},"modified":"2025-08-01T17:40:03","modified_gmt":"2025-08-01T15:40:03","slug":"posters-dautoinstruccions","status":"publish","type":"product","link":"https:\/\/integratek.es\/ca\/botiga\/reeducacio\/posters-dautoinstruccions\/","title":{"rendered":"P\u00f2sters d&#8217;autoinstruccions"},"content":{"rendered":"<p>P\u00f2sters amb 5 autoinstruccions b\u00e0siques il\u00b7lustrades per penjar a la paret de classe, als passadissos o a la mateixa habitaci\u00f3 del nen o nena per refor\u00e7ar i consolidar els passos essencials dels h\u00e0bits treballats amb el llibre d&#8217;autoinstruccions.<\/p>\n<p>Amb il\u00b7lustracions de Violeta Serratosa.<\/p>\n","protected":false},"excerpt":{"rendered":"<p>P\u00f2sters amb 5 autoinstruccions b\u00e0siques il\u00b7lustrades per penjar a la paret de classe, als passadissos o a la mateixa habitaci\u00f3 del nen o nena per refor\u00e7ar i consolidar els passos essencials dels h\u00e0bits treballats amb el llibre d&#8217;autoinstruccions.<\/p>\n","protected":false},"featured_media":73740,"comment_status":"closed","ping_status":"closed","template":"","meta":{"_acf_changed":false,"footnotes":""},"product_brand":[],"product_cat":[748],"product_tag":[],"class_list":{"0":"post-204378","1":"product","2":"type-product","3":"status-publish","4":"has-post-thumbnail","6":"product_cat-reeducacio","7":"pa_idioma-castella","8":"pa_idioma-catala","10":"first","11":"instock","12":"taxable","13":"shipping-taxable","14":"purchasable","15":"product-type-variable"},"bundled_by":["204355"],"bundle_stock_status":"instock","bundle_stock_quantity":null,"bundle_virtual":false,"bundle_layout":"","bundle_add_to_cart_form_location":"","bundle_editable_in_cart":false,"bundle_sold_individually_context":"","bundle_item_grouping":"","bundle_min_size":"","bundle_max_size":"","bundle_price":[],"bundled_items":[],"bundle_sell_ids":[],"acf":[],"_links":{"self":[{"href":"https:\/\/integratek.es\/ca\/wp-json\/wp\/v2\/product\/204378","targetHints":{"allow":["GET"]}}],"collection":[{"href":"https:\/\/integratek.es\/ca\/wp-json\/wp\/v2\/product"}],"about":[{"href":"https:\/\/integratek.es\/ca\/wp-json\/wp\/v2\/types\/product"}],"replies":[{"embeddable":true,"href":"https:\/\/integratek.es\/ca\/wp-json\/wp\/v2\/comments?post=204378"}],"version-history":[{"count":1,"href":"https:\/\/integratek.es\/ca\/wp-json\/wp\/v2\/product\/204378\/revisions"}],"predecessor-version":[{"id":205348,"href":"https:\/\/integratek.es\/ca\/wp-json\/wp\/v2\/product\/204378\/revisions\/205348"}],"wp:featuredmedia":[{"embeddable":true,"href":"https:\/\/integratek.es\/ca\/wp-json\/wp\/v2\/media\/73740"}],"wp:attachment":[{"href":"https:\/\/integratek.es\/ca\/wp-json\/wp\/v2\/media?parent=204378"}],"wp:term":[{"taxonomy":"product_brand","embeddable":true,"href":"https:\/\/integratek.es\/ca\/wp-json\/wp\/v2\/product_brand?post=204378"},{"taxonomy":"product_cat","embeddable":true,"href":"https:\/\/integratek.es\/ca\/wp-json\/wp\/v2\/product_cat?post=204378"},{"taxonomy":"product_tag","embeddable":true,"href":"https:\/\/integratek.es\/ca\/wp-json\/wp\/v2\/product_tag?post=204378"}],"curies":[{"name":"wp","href":"https:\/\/api.w.org\/{rel}","templated":true}]}}