{"id":204377,"date":"2021-01-20T12:29:53","date_gmt":"2021-01-20T11:29:53","guid":{"rendered":"https:\/\/integratek.es\/tienda\/sense%20categoria\/educacio-emocional-i-emocionant\/"},"modified":"2026-02-02T11:27:43","modified_gmt":"2026-02-02T10:27:43","slug":"educacio-emocional-i-emocionant","status":"publish","type":"product","link":"https:\/\/integratek.es\/ca\/botiga\/cursos-online-ca\/educacio-i-escola\/educacio-emocional-i-emocionant\/","title":{"rendered":"Educaci\u00f3 Emocional i Emocionant"},"content":{"rendered":"<p>El sistema educatiu, una de les institucions socials per excel\u00b7l\u00e8ncia, es troba immers en un proc\u00e9s de canvis emmarcats en el conjunt de transformacions socials propiciades per la innovaci\u00f3 tecnol\u00f2gica i, sobretot, pel desenvolupament de les tecnologies de la informaci\u00f3 i de la comunicaci\u00f3, pels grans canvis que es produeixen en les relacions socials, i per una nova concepci\u00f3 de les relacions tecnologia-societat que determinen les relacions tecnologia-societat.<\/p>\n<p>Encara que l&#8217;\u00e8mfasi dels canvis educatius, l\u00f2gicament, est\u00e0 posat en l&#8217;impacte que la tecnologia est\u00e0 produint a les nostres vides, un corrent paral\u00b7lel i complementari de l&#8217;anterior rescata la import\u00e0ncia i la urg\u00e8ncia de l&#8217;educaci\u00f3 de les emocions i els sentiments.<\/p>\n<p><b>Ensenyar habilitats emocionals ajuda a preparar els nens i nenes tant per a l&#8217;aprenentatge com per a la vida.<\/b><\/p>\n<p align=\"justify\">Les emocions formen part important de la vida psicol\u00f2gica de l&#8217;alumnat i tenen una gran influ\u00e8ncia en la motivaci\u00f3 escolar i en les estrat\u00e8gies cognitives, i per tant en l&#8217;aprenentatge i la cerca de la plenitud.<\/p>\n","protected":false},"excerpt":{"rendered":"<p><span data-sheets-root=\"1\"><b>Fomenta la intel\u00b7lig\u00e8ncia emocional en els teus estudiants per a un desenvolupament integral.<\/b><\/p>\n<p>Aquest curs et proporciona les claus per desenvolupar la intel\u00b7lig\u00e8ncia emocional en l&#8217;\u00e0mbit educatiu, una habilitat crucial per al benestar i el desenvolupament dels estudiants. A trav\u00e9s d&#8217;estrat\u00e8gies pr\u00e0ctiques i actualitzades aprendr\u00e0s com <b>identificar, gestionar i millorar les emocions<\/b> tant en tu mateix com en els teus alumnes, afavorint un <b>clima d&#8217;aula positiu i saludable<\/b> . <\/p>\n<p>Una formaci\u00f3 imprescindible per a educadors que volen anar m\u00e9s enll\u00e0 del rendiment acad\u00e8mic i promoure un creixement personal i emocional integral.<\/span><\/p>\n","protected":false},"featured_media":108991,"comment_status":"closed","ping_status":"closed","template":"","meta":{"_acf_changed":false,"footnotes":""},"product_brand":[],"product_cat":[743,742],"product_tag":[458],"class_list":{"0":"post-204377","1":"product","2":"type-product","3":"status-publish","4":"has-post-thumbnail","6":"product_cat-cursos-online-ca","7":"product_cat-educacio-i-escola","8":"product_tag-cursos-online-ca","10":"first","11":"instock","12":"sale","13":"sold-individually","14":"taxable","15":"shipping-taxable","16":"purchasable","17":"product-type-variable"},"bundled_by":[],"bundle_stock_status":"instock","bundle_stock_quantity":null,"bundle_virtual":false,"bundle_layout":"","bundle_add_to_cart_form_location":"","bundle_editable_in_cart":false,"bundle_sold_individually_context":"","bundle_item_grouping":"","bundle_min_size":"","bundle_max_size":"","bundle_price":[],"bundled_items":[],"bundle_sell_ids":[],"acf":[],"_links":{"self":[{"href":"https:\/\/integratek.es\/ca\/wp-json\/wp\/v2\/product\/204377","targetHints":{"allow":["GET"]}}],"collection":[{"href":"https:\/\/integratek.es\/ca\/wp-json\/wp\/v2\/product"}],"about":[{"href":"https:\/\/integratek.es\/ca\/wp-json\/wp\/v2\/types\/product"}],"replies":[{"embeddable":true,"href":"https:\/\/integratek.es\/ca\/wp-json\/wp\/v2\/comments?post=204377"}],"version-history":[{"count":2,"href":"https:\/\/integratek.es\/ca\/wp-json\/wp\/v2\/product\/204377\/revisions"}],"predecessor-version":[{"id":208605,"href":"https:\/\/integratek.es\/ca\/wp-json\/wp\/v2\/product\/204377\/revisions\/208605"}],"wp:featuredmedia":[{"embeddable":true,"href":"https:\/\/integratek.es\/ca\/wp-json\/wp\/v2\/media\/108991"}],"wp:attachment":[{"href":"https:\/\/integratek.es\/ca\/wp-json\/wp\/v2\/media?parent=204377"}],"wp:term":[{"taxonomy":"product_brand","embeddable":true,"href":"https:\/\/integratek.es\/ca\/wp-json\/wp\/v2\/product_brand?post=204377"},{"taxonomy":"product_cat","embeddable":true,"href":"https:\/\/integratek.es\/ca\/wp-json\/wp\/v2\/product_cat?post=204377"},{"taxonomy":"product_tag","embeddable":true,"href":"https:\/\/integratek.es\/ca\/wp-json\/wp\/v2\/product_tag?post=204377"}],"curies":[{"name":"wp","href":"https:\/\/api.w.org\/{rel}","templated":true}]}}