{"id":204355,"date":"2019-08-27T12:58:45","date_gmt":"2019-08-27T10:58:45","guid":{"rendered":"https:\/\/integratek.es\/tienda\/sense categoria\/paquet-per-consolidar-habits-i-comportaments-daprenentatge\/"},"modified":"2025-07-23T11:37:32","modified_gmt":"2025-07-23T09:37:32","slug":"paquet-per-consolidar-habits-i-comportaments-daprenentatge","status":"publish","type":"product","link":"https:\/\/integratek.es\/ca\/botiga\/reeducacio\/paquet-per-consolidar-habits-i-comportaments-daprenentatge\/","title":{"rendered":"Paquet per consolidar h\u00e0bits i comportaments d&#8217;aprenentatge"},"content":{"rendered":"<p>El pack inclou:<\/p>\n<ul>\n<li><strong>NOVETAT 19-20<\/strong> : P\u00f2sters amb 5 autoinstruccions per refor\u00e7ar i consolidar els passos essencials dels h\u00e0bits treballats amb el llibre d&#8217;autoinstruccions. Penja&#8217;ls a la paret de classe! Disponible en catal\u00e0 i castell\u00e0.\n<ul>\n<li>Passos per controlar-me<\/li>\n<li>Passos per estudiar<\/li>\n<li>Passos per fer un exercici<\/li>\n<li>Passos per participar a classe<\/li>\n<li>Passos per abans de sortir de classe<\/li>\n<\/ul>\n<\/li>\n<li>Dues seleccions d&#8217;autoinstruccions per a estudiants de 6 a 10 i de 10 a 15 anys respectivament orientades a centres escolars i de reeducaci\u00f3. Desenvolupades per introduir i automatitzar h\u00e0bits i procediments de treball individuals o de grup. Disponible en castell\u00e0, catal\u00e0 i \u00e8uscar.  <\/li>\n<li>Pissarra d&#8217;h\u00e0bits \u00abJo puc!\u00bb. Autoadhesiva i desplegable per treballar i consolidar h\u00e0bits i comportaments. Disponible en castell\u00e0, catal\u00e0 i \u00e8uscar.  <\/li>\n<\/ul>\n<p>* Sense despeses d&#8217;enviament.<\/p>\n","protected":false},"excerpt":{"rendered":"<p>Paquet de material dissenyat per professionals de la Unitat de Trastorns de l&#8217;Aprenentatge Escolar (UTAE) de l&#8217;Hospital Sant Joan de D\u00e9u de Barcelona amb l&#8217;objectiu de consolidar h\u00e0bits i comportaments d&#8217;aprenentatge.<\/p>\n","protected":false},"featured_media":76465,"comment_status":"closed","ping_status":"closed","template":"","meta":{"_acf_changed":false,"footnotes":""},"product_brand":[],"product_cat":[748],"product_tag":[],"class_list":{"0":"post-204355","1":"product","2":"type-product","3":"status-publish","4":"has-post-thumbnail","6":"product_cat-reeducacio","8":"first","9":"outofstock","10":"sold-individually","11":"taxable","12":"shipping-taxable","13":"product-type-bundle"},"bundled_by":[],"bundle_stock_status":"outofstock","bundle_stock_quantity":0,"bundle_virtual":false,"bundle_layout":"default","bundle_add_to_cart_form_location":"default","bundle_editable_in_cart":false,"bundle_sold_individually_context":"product","bundle_item_grouping":"parent","bundle_min_size":"","bundle_max_size":"","bundle_price":{"price":{"min":{"incl_tax":"78.75","excl_tax":"75.73"},"max":{"incl_tax":"78.75","excl_tax":"75.73"}},"regular_price":{"min":{"incl_tax":"78.75","excl_tax":"75.73"},"max":{"incl_tax":"78.75","excl_tax":"75.73"}}},"bundled_items":[{"bundled_item_id":170,"product_id":204907,"menu_order":0,"quantity_min":1,"quantity_max":1,"quantity_default":1,"priced_individually":true,"shipped_individually":false,"override_title":false,"title":"Autoinstruccions per a estudiants de 6 a 10 anys","override_description":false,"description":"Autoinstruccions per a estudiants de 6 a 10 anys","optional":false,"hide_thumbnail":false,"discount":"","override_variations":false,"allowed_variations":[""],"override_default_variation_attributes":false,"default_variation_attributes":[],"single_product_visibility":"visible","cart_visibility":"visible","order_visibility":"visible","single_product_price_visibility":"hidden","cart_price_visibility":"visible","order_price_visibility":"visible","stock_status":"in_stock"},{"bundled_item_id":171,"product_id":204906,"menu_order":1,"quantity_min":1,"quantity_max":1,"quantity_default":1,"priced_individually":true,"shipped_individually":false,"override_title":false,"title":"Autoinstruccions per a estudiants de 10 a 15 anys","override_description":false,"description":"Autoinstruccions per a estudiants de 10 a 15 anys","optional":false,"hide_thumbnail":false,"discount":"","override_variations":false,"allowed_variations":[""],"override_default_variation_attributes":false,"default_variation_attributes":[],"single_product_visibility":"visible","cart_visibility":"visible","order_visibility":"visible","single_product_price_visibility":"hidden","cart_price_visibility":"visible","order_price_visibility":"visible","stock_status":"in_stock"},{"bundled_item_id":172,"product_id":204378,"menu_order":2,"quantity_min":1,"quantity_max":1,"quantity_default":1,"priced_individually":true,"shipped_individually":false,"override_title":false,"title":"P\u00f2sters d&#8217;autoinstruccions","override_description":false,"description":"P\u00f2sters d&#8217;autoinstruccions","optional":false,"hide_thumbnail":false,"discount":"","override_variations":false,"allowed_variations":[""],"override_default_variation_attributes":false,"default_variation_attributes":[],"single_product_visibility":"visible","cart_visibility":"visible","order_visibility":"visible","single_product_price_visibility":"hidden","cart_price_visibility":"visible","order_price_visibility":"visible","stock_status":"in_stock"},{"bundled_item_id":173,"product_id":204937,"menu_order":3,"quantity_min":1,"quantity_max":1,"quantity_default":1,"priced_individually":true,"shipped_individually":false,"override_title":false,"title":"Pissarra d&#8217;h\u00e0bits &#8220;Jo puc!&#8221;","override_description":false,"description":"Pissarra d&#8217;h\u00e0bits &#8220;Jo puc!&#8221;","optional":false,"hide_thumbnail":false,"discount":"","override_variations":false,"allowed_variations":[""],"override_default_variation_attributes":false,"default_variation_attributes":[],"single_product_visibility":"visible","cart_visibility":"visible","order_visibility":"visible","single_product_price_visibility":"hidden","cart_price_visibility":"visible","order_price_visibility":"visible","stock_status":"in_stock"}],"bundle_sell_ids":[],"acf":[],"_links":{"self":[{"href":"https:\/\/integratek.es\/ca\/wp-json\/wp\/v2\/product\/204355","targetHints":{"allow":["GET"]}}],"collection":[{"href":"https:\/\/integratek.es\/ca\/wp-json\/wp\/v2\/product"}],"about":[{"href":"https:\/\/integratek.es\/ca\/wp-json\/wp\/v2\/types\/product"}],"replies":[{"embeddable":true,"href":"https:\/\/integratek.es\/ca\/wp-json\/wp\/v2\/comments?post=204355"}],"version-history":[{"count":0,"href":"https:\/\/integratek.es\/ca\/wp-json\/wp\/v2\/product\/204355\/revisions"}],"wp:featuredmedia":[{"embeddable":true,"href":"https:\/\/integratek.es\/ca\/wp-json\/wp\/v2\/media\/76465"}],"wp:attachment":[{"href":"https:\/\/integratek.es\/ca\/wp-json\/wp\/v2\/media?parent=204355"}],"wp:term":[{"taxonomy":"product_brand","embeddable":true,"href":"https:\/\/integratek.es\/ca\/wp-json\/wp\/v2\/product_brand?post=204355"},{"taxonomy":"product_cat","embeddable":true,"href":"https:\/\/integratek.es\/ca\/wp-json\/wp\/v2\/product_cat?post=204355"},{"taxonomy":"product_tag","embeddable":true,"href":"https:\/\/integratek.es\/ca\/wp-json\/wp\/v2\/product_tag?post=204355"}],"curies":[{"name":"wp","href":"https:\/\/api.w.org\/{rel}","templated":true}]}}