{"id":204344,"date":"2021-04-27T13:03:31","date_gmt":"2021-04-27T11:03:31","guid":{"rendered":"https:\/\/integratek.es\/tienda\/sense%20categoria\/discalculia-diagnostic-i-intervencio\/"},"modified":"2026-02-02T11:21:03","modified_gmt":"2026-02-02T10:21:03","slug":"discalculia-diagnostic-i-intervencio","status":"publish","type":"product","link":"https:\/\/integratek.es\/ca\/botiga\/cursos-online-ca\/atencio-a-la-diversitat\/discalculia-diagnostic-i-intervencio\/","title":{"rendered":"Discalc\u00falia: Diagn\u00f2stic i Intervenci\u00f3"},"content":{"rendered":"<p><b>La discalc\u00falia,<\/b> o trastorn espec\u00edfic del c\u00e0lcul, \u00e9s un <b>trastorn neurobiol\u00f2gic<\/b> caracteritzat per dificultats en l&#8217;aprenentatge de les matem\u00e0tiques que ja es pot detectar en els primers anys de vida. No \u00e9s tan conegut com la disl\u00e8xia, per\u00f2 <b>afecta un 3-7% de la poblaci\u00f3<\/b> i pot interferir de manera significativa en el rendiment escolar, en les activitats de la vida di\u00e0ria i en el desenvolupament personal. <\/p>\n<p><b>La seva detecci\u00f3 i diagn\u00f2stic s\u00f3n complexos<\/b> at\u00e8s els m\u00faltiples factors que componen el rendiment matem\u00e0tic. Es necessiten coneixements sobre el recompte, els c\u00e0lculs exactes, aproximats i automatitzats, la numeraci\u00f3 i les operacions\u2026 tenint en compte el llenguatge matem\u00e0tic, els aspectes visuoespacials i la mem\u00f2ria de treball. Aquests m\u00faltiples factors fan imprescindible fer un diagn\u00f2stic diferencial amb el TDAH i la disl\u00e8xia.  <\/p>\n<p>L&#8217;evid\u00e8ncia cient\u00edfica demostra que la detecci\u00f3 i la intervenci\u00f3 preco\u00e7 millora el <b>pron\u00f2stic d&#8217;aquest trastorn<\/b> a les persones que el presenten, tant a nivell acad\u00e8mic com laboral, personal i social. Per aix\u00f2 \u00e9s fonamental disposar d&#8217;eines que ens permetin identificar com m\u00e9s aviat millor aquestes dificultats i poder oferir intervencions espec\u00edfiques i intensives sobretot en les primeres etapes. En etapes posteriors, s&#8217;aconsella cercar estrat\u00e8gies compensat\u00f2ries.  <\/p>\n","protected":false},"excerpt":{"rendered":"<p><span data-sheets-root=\"1\"><b>Estrat\u00e8gies per diagnosticar i intervenir en casos de discalc\u00falia.<\/b><\/p>\n<p>Descobreix com identificar i diagnosticar la discalc\u00falia. A trav\u00e9s d&#8217;aquesta formaci\u00f3, comprendr\u00e0s els <b>reptes espec\u00edfics que enfronten els estudiants amb discalc\u00falia<\/b> i aprendr\u00e0s a <b>implementar intervencions pr\u00e0ctiques<\/b> que ajudin a millorar les seves habilitats matem\u00e0tiques. <\/p>\n<p>Amb un enfocament inclusiu, podr\u00e0s adaptar els vostres m\u00e8todes d&#8217;ensenyament per donar suport a l&#8217;aprenentatge d&#8217;aquests estudiants, promovent la vostra confian\u00e7a en l&#8217;\u00e0mbit escolar.<\/span><\/p>\n","protected":false},"featured_media":107239,"comment_status":"closed","ping_status":"closed","template":"","meta":{"_acf_changed":false,"footnotes":""},"product_brand":[],"product_cat":[741,743],"product_tag":[458],"class_list":{"0":"post-204344","1":"product","2":"type-product","3":"status-publish","4":"has-post-thumbnail","6":"product_cat-atencio-a-la-diversitat","7":"product_cat-cursos-online-ca","8":"product_tag-cursos-online-ca","10":"first","11":"instock","12":"sale","13":"sold-individually","14":"taxable","15":"shipping-taxable","16":"purchasable","17":"product-type-variable"},"bundled_by":[],"bundle_stock_status":"instock","bundle_stock_quantity":null,"bundle_virtual":false,"bundle_layout":"","bundle_add_to_cart_form_location":"","bundle_editable_in_cart":false,"bundle_sold_individually_context":"","bundle_item_grouping":"","bundle_min_size":"","bundle_max_size":"","bundle_price":[],"bundled_items":[],"bundle_sell_ids":[],"acf":[],"_links":{"self":[{"href":"https:\/\/integratek.es\/ca\/wp-json\/wp\/v2\/product\/204344","targetHints":{"allow":["GET"]}}],"collection":[{"href":"https:\/\/integratek.es\/ca\/wp-json\/wp\/v2\/product"}],"about":[{"href":"https:\/\/integratek.es\/ca\/wp-json\/wp\/v2\/types\/product"}],"replies":[{"embeddable":true,"href":"https:\/\/integratek.es\/ca\/wp-json\/wp\/v2\/comments?post=204344"}],"version-history":[{"count":3,"href":"https:\/\/integratek.es\/ca\/wp-json\/wp\/v2\/product\/204344\/revisions"}],"predecessor-version":[{"id":208610,"href":"https:\/\/integratek.es\/ca\/wp-json\/wp\/v2\/product\/204344\/revisions\/208610"}],"wp:featuredmedia":[{"embeddable":true,"href":"https:\/\/integratek.es\/ca\/wp-json\/wp\/v2\/media\/107239"}],"wp:attachment":[{"href":"https:\/\/integratek.es\/ca\/wp-json\/wp\/v2\/media?parent=204344"}],"wp:term":[{"taxonomy":"product_brand","embeddable":true,"href":"https:\/\/integratek.es\/ca\/wp-json\/wp\/v2\/product_brand?post=204344"},{"taxonomy":"product_cat","embeddable":true,"href":"https:\/\/integratek.es\/ca\/wp-json\/wp\/v2\/product_cat?post=204344"},{"taxonomy":"product_tag","embeddable":true,"href":"https:\/\/integratek.es\/ca\/wp-json\/wp\/v2\/product_tag?post=204344"}],"curies":[{"name":"wp","href":"https:\/\/api.w.org\/{rel}","templated":true}]}}