{"id":204321,"date":"2021-04-27T13:09:18","date_gmt":"2021-04-27T11:09:18","guid":{"rendered":"https:\/\/integratek.es\/tienda\/sense categoria\/trastorns-daprenentatge-de-la-conducta-i-dels-afectius-diagnostic-i-intervencio\/"},"modified":"2026-02-02T11:08:59","modified_gmt":"2026-02-02T10:08:59","slug":"trastorns-daprenentatge-de-la-conducta-i-dels-afectius-diagnostic-i-intervencio","status":"publish","type":"product","link":"https:\/\/integratek.es\/ca\/botiga\/cursos-online-ca\/atencio-a-la-diversitat\/trastorns-daprenentatge-de-la-conducta-i-dels-afectius-diagnostic-i-intervencio\/","title":{"rendered":"Trastorns d&#8217;aprenentatge, de la conducta i dels afectius: diagn\u00f2stic i intervenci\u00f3"},"content":{"rendered":"<p align=\"justify\">A l&#8217;educaci\u00f3 \u00e9s fonamental tenir en compte factors neurobiol\u00f2gics que interactuen amb factors socials, culturals i contextuals. El cervell t\u00e9 com una de les funcions m\u00e9s transcendentals l&#8217;aprenentatge, que es produeix per la interacci\u00f3 constant amb l&#8217;entorn com a font d&#8217;informaci\u00f3 i est\u00edmul. L&#8217;aven\u00e7 de les anomenades neuroci\u00e8ncies en les darreres d\u00e8cades ha estat molt important. El coneixement, encara parcial, de com funciona el cervell per adquirir certs aprenentatges, en condicions normals i anormals, s&#8217;hauria de poder traduir en una millora dels m\u00e8todes educatius i l&#8217;abordatge de certes dificultats d&#8217;aprenentatge.   <\/p>\n<p align=\"justify\">Comptar amb l&#8217;evid\u00e8ncia cient\u00edfica, per exemple, que una alteraci\u00f3 fonol\u00f2gica \u00e9s a la base de la disl\u00e8xia ha perm\u00e8s avan\u00e7ar en els programes de reeducaci\u00f3 i alhora abandonar programes basats en hip\u00f2tesis que no han mostrat la seva efic\u00e0cia. L&#8217;aven\u00e7 en el coneixement cerebral continua estant molt allunyat del m\u00f3n educatiu. Documents recents de l&#8217;Organitzaci\u00f3 per al Desenvolupament i Cooperaci\u00f3 Econ\u00f2mica (OCDE) assenyalen que \u201cla comprensi\u00f3 del cervell pot ajudar a obrir noves vies per millorar la investigaci\u00f3 i les pol\u00edtiques educatives\u201d. S\u00f3n diversos els autors que proposen el desenvolupament del que anomenaria \u201cci\u00e8ncia de l&#8217;aprenentatge\u201d per poder abordar l&#8217;educaci\u00f3 des de la multidisciplinarietat.   <\/p>\n","protected":false},"excerpt":{"rendered":"<p><span data-sheets-root=\"1\"><b>Identifica, diagnostica i interv\u00e9 efica\u00e7ment en els trastorns de l&#8217;aprenentatge<\/b> .<\/p>\n<p>Aprendr\u00e0s a <b>recon\u00e8ixer i diagnosticar trastorns de l&#8217;aprenentatge com la disl\u00e8xia, discalc\u00falia i TDAH<\/b> , comprenent com impacten en el rendiment escolar. Et proporcionarem eines per fer un diagn\u00f2stic d&#8217;hora i efectiu, a m\u00e9s d&#8217;estrat\u00e8gies pr\u00e0ctiques per intervenir a l&#8217;aula oa casa. <\/p>\n<p>Tamb\u00e9 adquirir\u00e0s recursos per adaptar l&#8217;entorn educatiu i <b>millorar l&#8217;experi\u00e8ncia d&#8217;aprenentatge de cada infant<\/b> . En acabar, estar\u00e0s preparat per detectar, diagnosticar i abordar aquests trastorns, <b>ajudant a superar les seves dificultats i maximitzar-ne el potencial<\/b> en l&#8217;\u00e0mbit escolar.<br \/>\n<\/span><\/p>\n<p><img loading=\"lazy\" decoding=\"async\" class=\"alignnone size-full wp-image-196990\" src=\"https:\/\/integratek.es\/wp-content\/uploads\/2024\/09\/Logo-UB-IDP_copia.png\" alt=\"\" width=\"500\" height=\"133\"><\/p>\n","protected":false},"featured_media":102310,"comment_status":"closed","ping_status":"closed","template":"","meta":{"_acf_changed":false,"footnotes":""},"product_brand":[],"product_cat":[741,743],"product_tag":[458,848,170,166,474,811,475,476],"class_list":{"0":"post-204321","1":"product","2":"type-product","3":"status-publish","4":"has-post-thumbnail","6":"product_cat-atencio-a-la-diversitat","7":"product_cat-cursos-online-ca","8":"product_tag-cursos-online-ca","9":"product_tag-discalculia-ca","10":"product_tag-dislexia","11":"product_tag-tdah","12":"product_tag-tdl-ca","13":"product_tag-tea-ca","14":"product_tag-trastornos-del-aprendizaje-ca","15":"product_tag-utae-ca","17":"first","18":"instock","19":"sale","20":"sold-individually","21":"taxable","22":"shipping-taxable","23":"purchasable","24":"product-type-variable"},"bundled_by":[],"bundle_stock_status":"instock","bundle_stock_quantity":null,"bundle_virtual":false,"bundle_layout":"","bundle_add_to_cart_form_location":"","bundle_editable_in_cart":false,"bundle_sold_individually_context":"","bundle_item_grouping":"","bundle_min_size":"","bundle_max_size":"","bundle_price":[],"bundled_items":[],"bundle_sell_ids":[],"acf":[],"_links":{"self":[{"href":"https:\/\/integratek.es\/ca\/wp-json\/wp\/v2\/product\/204321","targetHints":{"allow":["GET"]}}],"collection":[{"href":"https:\/\/integratek.es\/ca\/wp-json\/wp\/v2\/product"}],"about":[{"href":"https:\/\/integratek.es\/ca\/wp-json\/wp\/v2\/types\/product"}],"replies":[{"embeddable":true,"href":"https:\/\/integratek.es\/ca\/wp-json\/wp\/v2\/comments?post=204321"}],"version-history":[{"count":0,"href":"https:\/\/integratek.es\/ca\/wp-json\/wp\/v2\/product\/204321\/revisions"}],"wp:featuredmedia":[{"embeddable":true,"href":"https:\/\/integratek.es\/ca\/wp-json\/wp\/v2\/media\/102310"}],"wp:attachment":[{"href":"https:\/\/integratek.es\/ca\/wp-json\/wp\/v2\/media?parent=204321"}],"wp:term":[{"taxonomy":"product_brand","embeddable":true,"href":"https:\/\/integratek.es\/ca\/wp-json\/wp\/v2\/product_brand?post=204321"},{"taxonomy":"product_cat","embeddable":true,"href":"https:\/\/integratek.es\/ca\/wp-json\/wp\/v2\/product_cat?post=204321"},{"taxonomy":"product_tag","embeddable":true,"href":"https:\/\/integratek.es\/ca\/wp-json\/wp\/v2\/product_tag?post=204321"}],"curies":[{"name":"wp","href":"https:\/\/api.w.org\/{rel}","templated":true}]}}