{"id":204317,"date":"2021-04-27T13:39:59","date_gmt":"2021-04-27T11:39:59","guid":{"rendered":"https:\/\/integratek.es\/tienda\/sense categoria\/funcions-executives-a-leducacio\/"},"modified":"2026-02-24T08:26:11","modified_gmt":"2026-02-24T07:26:11","slug":"funcions-executives-a-leducacio","status":"publish","type":"product","link":"https:\/\/integratek.es\/ca\/botiga\/cursos-online-ca\/neurociencia-ca-2\/funcions-executives-a-leducacio\/","title":{"rendered":"Funcions executives a l&#8217;educaci\u00f3"},"content":{"rendered":"<p>La finalitat d&#8217;aquest curs \u00e9s generar oportunitats que et permetin reflexionar i aprofundir sobre les funcions executives del cervell, un constructe clau en una nova mirada neuroeducativa, m\u00e9s d&#8217;acord amb els temps i les necessitats actuals, que ens pot ajudar a aprendre junts estudiants totalment diferents aportant tot el seu potencial.<\/p>\n<p>\u00c9s una formaci\u00f3 destinada a qualsevol docent o educador que vulgui actualitzar les seves compet\u00e8ncies professionals adaptant-se al nou concepte d&#8217;educaci\u00f3 que la societat demana, aprenent a mirar, comprendre i adaptar el proc\u00e9s d&#8217;aprenentatge a la naturalesa de l&#8217;estudiant.<\/p>\n<p>A m\u00e9s d&#8217;identificar alguns dels aven\u00e7os m\u00e9s significatius que procedeixen de la neuroci\u00e8ncia, especialment, analitzarem moltes implicacions educatives que s\u00f3n molt f\u00e0cils de posar en pr\u00e0ctica i que poden adaptar-se, majorit\u00e0riament, a totes les etapes educatives. Sempre des d&#8217;una perspectiva oberta i cr\u00edtica que ens convidi a reflexionar i, en alguns casos, a millorar les estrat\u00e8gies pedag\u00f2giques a l&#8217;aula o qualsevol altre context educatiu. Perqu\u00e8 assumim que una nova educaci\u00f3 \u00e9s necess\u00e0ria i possible, amb molt de cervell i m\u00e9s cor. T&#8217;apuntes al canvi?   <\/p>\n","protected":false},"excerpt":{"rendered":"<p><span data-sheets-root=\"1\"><b>Desenvolupa les funcions executives per millorar l&#8217;aprenentatge i l&#8217;autoregulaci\u00f3<\/b> .<\/p>\n<p>Apr\u00e8n a identificar i enfortir les funcions executives als estudiants, com l&#8217; <b>atenci\u00f3, la planificaci\u00f3 i el control d&#8217;impulsos<\/b> . Aprendr\u00e0s a aplicar estrat\u00e8gies que fomentin l&#8217; <b>autonomia, l&#8217;organitzaci\u00f3 i la presa de decisions<\/b> millorant tant el rendiment acad\u00e8mic com el benestar emocional. <\/p>\n<p>A m\u00e9s, descobrir\u00e0s com integrar aquestes habilitats a l&#8217;aula per <b>donar suport al desenvolupament integral dels estudiants<\/b> .<br \/>\n<\/span><\/p>\n","protected":false},"featured_media":107235,"comment_status":"closed","ping_status":"closed","template":"","meta":{"_acf_changed":false,"footnotes":""},"product_brand":[],"product_cat":[743,745],"product_tag":[458],"class_list":{"0":"post-204317","1":"product","2":"type-product","3":"status-publish","4":"has-post-thumbnail","6":"product_cat-cursos-online-ca","7":"product_cat-neurociencia-ca-2","8":"product_tag-cursos-online-ca","10":"first","11":"instock","12":"sale","13":"sold-individually","14":"taxable","15":"shipping-taxable","16":"purchasable","17":"product-type-variable"},"bundled_by":[],"bundle_stock_status":"instock","bundle_stock_quantity":null,"bundle_virtual":false,"bundle_layout":"","bundle_add_to_cart_form_location":"","bundle_editable_in_cart":false,"bundle_sold_individually_context":"","bundle_item_grouping":"","bundle_min_size":"","bundle_max_size":"","bundle_price":[],"bundled_items":[],"bundle_sell_ids":[],"acf":[],"_links":{"self":[{"href":"https:\/\/integratek.es\/ca\/wp-json\/wp\/v2\/product\/204317","targetHints":{"allow":["GET"]}}],"collection":[{"href":"https:\/\/integratek.es\/ca\/wp-json\/wp\/v2\/product"}],"about":[{"href":"https:\/\/integratek.es\/ca\/wp-json\/wp\/v2\/types\/product"}],"replies":[{"embeddable":true,"href":"https:\/\/integratek.es\/ca\/wp-json\/wp\/v2\/comments?post=204317"}],"version-history":[{"count":2,"href":"https:\/\/integratek.es\/ca\/wp-json\/wp\/v2\/product\/204317\/revisions"}],"predecessor-version":[{"id":209954,"href":"https:\/\/integratek.es\/ca\/wp-json\/wp\/v2\/product\/204317\/revisions\/209954"}],"wp:featuredmedia":[{"embeddable":true,"href":"https:\/\/integratek.es\/ca\/wp-json\/wp\/v2\/media\/107235"}],"wp:attachment":[{"href":"https:\/\/integratek.es\/ca\/wp-json\/wp\/v2\/media?parent=204317"}],"wp:term":[{"taxonomy":"product_brand","embeddable":true,"href":"https:\/\/integratek.es\/ca\/wp-json\/wp\/v2\/product_brand?post=204317"},{"taxonomy":"product_cat","embeddable":true,"href":"https:\/\/integratek.es\/ca\/wp-json\/wp\/v2\/product_cat?post=204317"},{"taxonomy":"product_tag","embeddable":true,"href":"https:\/\/integratek.es\/ca\/wp-json\/wp\/v2\/product_tag?post=204317"}],"curies":[{"name":"wp","href":"https:\/\/api.w.org\/{rel}","templated":true}]}}