{"id":204309,"date":"2021-04-27T13:23:33","date_gmt":"2021-04-27T11:23:33","guid":{"rendered":"https:\/\/integratek.es\/tienda\/sense%20categoria\/altes-capacitats-intellectuals\/"},"modified":"2026-04-13T13:43:12","modified_gmt":"2026-04-13T11:43:12","slug":"altes-capacitats-intellectuals","status":"publish","type":"product","link":"https:\/\/integratek.es\/ca\/botiga\/cursos-online-ca\/atencio-a-la-diversitat\/altes-capacitats-intellectuals\/","title":{"rendered":"Altes Capacitats Intel\u00b7lectuals"},"content":{"rendered":"<p align=\"justify\">La recerca de la igualtat i la individualitzaci\u00f3 de l&#8217;ensenyament comporta la necessitat que l&#8217;escola reconegui les difer\u00e8ncies individuals de l&#8217;alumnat i, en funci\u00f3 de la diversitat, planifiqui la resposta educativa d&#8217;acord amb les caracter\u00edstiques, les possibilitats i les capacitats de cadascun dels estudiants.<\/p>\n<p align=\"justify\">Una escola de qualitat \u00e9s aquella capa\u00e7 d&#8217;atendre la diversitat, aquella capa\u00e7 d&#8217;oferir a cada alumne el curr\u00edculum que necessita pel seu progr\u00e9s. En definitiva, es tracta d&#8217;una escola inclusiva que atengui la diversitat treballant amb cadascun en funci\u00f3 de les seves necessitats i possibilitats, \u00e9s a dir, una escola que at\u00e9n tota mena d&#8217;alumnat i on els estudiants amb altes capacitats intel\u00b7lectuals representen una variant m\u00e9s. <\/p>\n","protected":false},"excerpt":{"rendered":"<p><span data-sheets-root=\"1\"><b>Compr\u00e8n i recolza el potencial d&#8217;estudiants amb altes capacitats<\/b> .<\/p>\n<p> Aprendr\u00e0s eines per identificar i potenciar les altes capacitats. Et prepararem per <b>recon\u00e8ixer les necessitats emocionals i cognitives d&#8217;aquests estudiants<\/b> , valorant les seves difer\u00e8ncies com a fortaleses a l&#8217;aula.<\/p>\n<p> Amb estrat\u00e8gies inclusives, desenvolupar\u00e0s intervencions que fomentin el seu <b>benestar i creixement acad\u00e8mic, permetent que despleguin el m\u00e0xim potencial en entorns educatius enriquidors i respectuosos<\/b> amb la seva diversitat.<br \/>\n<\/span><\/p>\n<p><img loading=\"lazy\" decoding=\"async\" class=\"alignnone size-full wp-image-196990\" src=\"https:\/\/integratek.es\/wp-content\/uploads\/2024\/09\/Logo-UB-IDP_copia.png\" alt=\"\" width=\"500\" height=\"133\"><\/p>\n","protected":false},"featured_media":102295,"comment_status":"open","ping_status":"closed","template":"","meta":{"_acf_changed":false,"footnotes":""},"product_brand":[],"product_cat":[741,743],"product_tag":[459,458],"class_list":{"0":"post-204309","1":"product","2":"type-product","3":"status-publish","4":"has-post-thumbnail","6":"product_cat-atencio-a-la-diversitat","7":"product_cat-cursos-online-ca","8":"product_tag-altes-capacitats","9":"product_tag-cursos-online-ca","11":"first","12":"instock","13":"sale","14":"sold-individually","15":"taxable","16":"shipping-taxable","17":"purchasable","18":"product-type-variable"},"bundled_by":[],"bundle_stock_status":"instock","bundle_stock_quantity":null,"bundle_virtual":false,"bundle_layout":"","bundle_add_to_cart_form_location":"","bundle_editable_in_cart":false,"bundle_sold_individually_context":"","bundle_item_grouping":"","bundle_min_size":"","bundle_max_size":"","bundle_price":[],"bundled_items":[],"bundle_sell_ids":[],"acf":[],"_links":{"self":[{"href":"https:\/\/integratek.es\/ca\/wp-json\/wp\/v2\/product\/204309","targetHints":{"allow":["GET"]}}],"collection":[{"href":"https:\/\/integratek.es\/ca\/wp-json\/wp\/v2\/product"}],"about":[{"href":"https:\/\/integratek.es\/ca\/wp-json\/wp\/v2\/types\/product"}],"replies":[{"embeddable":true,"href":"https:\/\/integratek.es\/ca\/wp-json\/wp\/v2\/comments?post=204309"}],"version-history":[{"count":2,"href":"https:\/\/integratek.es\/ca\/wp-json\/wp\/v2\/product\/204309\/revisions"}],"predecessor-version":[{"id":209950,"href":"https:\/\/integratek.es\/ca\/wp-json\/wp\/v2\/product\/204309\/revisions\/209950"}],"wp:featuredmedia":[{"embeddable":true,"href":"https:\/\/integratek.es\/ca\/wp-json\/wp\/v2\/media\/102295"}],"wp:attachment":[{"href":"https:\/\/integratek.es\/ca\/wp-json\/wp\/v2\/media?parent=204309"}],"wp:term":[{"taxonomy":"product_brand","embeddable":true,"href":"https:\/\/integratek.es\/ca\/wp-json\/wp\/v2\/product_brand?post=204309"},{"taxonomy":"product_cat","embeddable":true,"href":"https:\/\/integratek.es\/ca\/wp-json\/wp\/v2\/product_cat?post=204309"},{"taxonomy":"product_tag","embeddable":true,"href":"https:\/\/integratek.es\/ca\/wp-json\/wp\/v2\/product_tag?post=204309"}],"curies":[{"name":"wp","href":"https:\/\/api.w.org\/{rel}","templated":true}]}}