{"id":204305,"date":"2021-04-27T13:21:24","date_gmt":"2021-04-27T11:21:24","guid":{"rendered":"https:\/\/integratek.es\/tienda\/sense%20categoria\/dislexia-diagnostic-i-intervencio\/"},"modified":"2026-04-12T09:21:15","modified_gmt":"2026-04-12T07:21:15","slug":"dislexia-diagnostic-i-intervencio","status":"publish","type":"product","link":"https:\/\/integratek.es\/ca\/botiga\/cursos-online-ca\/atencio-a-la-diversitat\/dislexia-diagnostic-i-intervencio\/","title":{"rendered":"Disl\u00e8xia: diagn\u00f2stic i intervenci\u00f3"},"content":{"rendered":"<p>La disl\u00e8xia o trastorn espec\u00edfic de la lectura \u00e9s un <b>trastorn caracteritzat per dificultats a la mec\u00e0nica lectora &#8211; ja sigui per baixa precisi\u00f3 i\/o baixa velocitat &#8211; ia l&#8217;ortografia.<\/b> Tot i que darrerament ha augmentat el coneixement sobre aquest trastorn, persisteixen molts mites que s&#8217;han d&#8217;anar trencant. Encara avui hi ha gent que creu que la disl\u00e8xia \u00e9s equivocar-se amb la dreta i esquerra o que tamb\u00e9 afecta la comprensi\u00f3 lectora. <\/p>\n<p>L&#8217;evid\u00e8ncia cient\u00edfica demostra que la detecci\u00f3 i la intervenci\u00f3 preco\u00e7 de la disl\u00e8xia millora el pron\u00f2stic d&#8217;aquest trastorn a les persones que el presenten, tant a nivell acad\u00e8mic, laboral, personal i social. Per aix\u00f2 \u00e9s fonamental disposar d&#8217;eines que ens permetin identificar com m\u00e9s aviat millor aquestes dificultats i poder oferir intervencions espec\u00edfiques i intensives sobretot en les primeres etapes. <\/p>\n<p>En etapes posteriors, s&#8217;aconsella cercar estrat\u00e8gies compensat\u00f2ries. La prevalen\u00e7a de la disl\u00e8xia se situa entre un 5-17% de la poblaci\u00f3, cosa que ens fa pensar que a cada aula hi ha com a m\u00ednim 1 o 2 nens amb disl\u00e8xia. <\/p>\n","protected":false},"excerpt":{"rendered":"<p><span data-sheets-root=\"1\"><b>Intervenci\u00f3 efica\u00e7 per a la disl\u00e8xia<\/b> .<\/p>\n<p>Apr\u00e8n a diagnosticar i intervenir en casos de disl\u00e8xia. Al llarg d&#8217;aquesta formaci\u00f3 descobrir\u00e0s com <b>identificar els senyals d&#8217;alerta i aplicar estrat\u00e8gies<\/b> pedag\u00f2giques adaptades a les necessitats dels estudiants amb disl\u00e8xia. <\/p>\n<p>Amb un enfocament en la inclusi\u00f3, estar\u00e0s millor preparat per crear un entorn educatiu on les dificultats en la lectoescriptura <b>no siguin una barrera per al desenvolupament i el benestar a l&#8217;aula<\/b> .<\/p>\n<p><img loading=\"lazy\" decoding=\"async\" class=\"alignnone size-full wp-image-196990\" src=\"https:\/\/integratek.es\/wp-content\/uploads\/2024\/09\/Logo-UB-IDP_copia.png\" alt=\"\" width=\"500\" height=\"133\"><br \/>\n<\/span><\/p>\n","protected":false},"featured_media":102312,"comment_status":"closed","ping_status":"closed","template":"","meta":{"_acf_changed":false,"footnotes":""},"product_brand":[],"product_cat":[741,743],"product_tag":[458,170,475,476],"class_list":{"0":"post-204305","1":"product","2":"type-product","3":"status-publish","4":"has-post-thumbnail","6":"product_cat-atencio-a-la-diversitat","7":"product_cat-cursos-online-ca","8":"product_tag-cursos-online-ca","9":"product_tag-dislexia","10":"product_tag-trastornos-del-aprendizaje-ca","11":"product_tag-utae-ca","13":"first","14":"instock","15":"sale","16":"sold-individually","17":"taxable","18":"shipping-taxable","19":"purchasable","20":"product-type-variable"},"bundled_by":[],"bundle_stock_status":"instock","bundle_stock_quantity":null,"bundle_virtual":false,"bundle_layout":"","bundle_add_to_cart_form_location":"","bundle_editable_in_cart":false,"bundle_sold_individually_context":"","bundle_item_grouping":"","bundle_min_size":"","bundle_max_size":"","bundle_price":[],"bundled_items":[],"bundle_sell_ids":[],"acf":[],"_links":{"self":[{"href":"https:\/\/integratek.es\/ca\/wp-json\/wp\/v2\/product\/204305","targetHints":{"allow":["GET"]}}],"collection":[{"href":"https:\/\/integratek.es\/ca\/wp-json\/wp\/v2\/product"}],"about":[{"href":"https:\/\/integratek.es\/ca\/wp-json\/wp\/v2\/types\/product"}],"replies":[{"embeddable":true,"href":"https:\/\/integratek.es\/ca\/wp-json\/wp\/v2\/comments?post=204305"}],"version-history":[{"count":3,"href":"https:\/\/integratek.es\/ca\/wp-json\/wp\/v2\/product\/204305\/revisions"}],"predecessor-version":[{"id":209952,"href":"https:\/\/integratek.es\/ca\/wp-json\/wp\/v2\/product\/204305\/revisions\/209952"}],"wp:featuredmedia":[{"embeddable":true,"href":"https:\/\/integratek.es\/ca\/wp-json\/wp\/v2\/media\/102312"}],"wp:attachment":[{"href":"https:\/\/integratek.es\/ca\/wp-json\/wp\/v2\/media?parent=204305"}],"wp:term":[{"taxonomy":"product_brand","embeddable":true,"href":"https:\/\/integratek.es\/ca\/wp-json\/wp\/v2\/product_brand?post=204305"},{"taxonomy":"product_cat","embeddable":true,"href":"https:\/\/integratek.es\/ca\/wp-json\/wp\/v2\/product_cat?post=204305"},{"taxonomy":"product_tag","embeddable":true,"href":"https:\/\/integratek.es\/ca\/wp-json\/wp\/v2\/product_tag?post=204305"}],"curies":[{"name":"wp","href":"https:\/\/api.w.org\/{rel}","templated":true}]}}