{"id":204298,"date":"2021-04-27T13:19:45","date_gmt":"2021-04-27T11:19:45","guid":{"rendered":"https:\/\/integratek.es\/tienda\/sense%20categoria\/trastorn-de-lespectre-de-lautisme-tea\/"},"modified":"2026-02-02T11:07:26","modified_gmt":"2026-02-02T10:07:26","slug":"trastorn-de-lespectre-de-lautisme-tea","status":"publish","type":"product","link":"https:\/\/integratek.es\/ca\/botiga\/cursos-online-ca\/atencio-a-la-diversitat\/trastorn-de-lespectre-de-lautisme-tea\/","title":{"rendered":"Trastorn de l&#8217;Espectre de l&#8217;Autisme (TEA)"},"content":{"rendered":"<p>El Trastorn de l&#8217;Espectre de l&#8217;Autisme (TEA) \u00e9s un <b>trastorn caracteritzat per dificultats en la interacci\u00f3 social rec\u00edproca, interessos restringits i patrons de conducta repetitius i estereotipats<\/b> . Tot i la major consci\u00e8ncia social aconseguida al voltant del TEA durant els darrers anys a la nostra societat, persisteixen molts mites sobre aix\u00f2 que cal anar trencant, com per exemple que els nens i nenes TEA no es relacionen o que rebutgen el contacte f\u00edsic. <\/p>\n<p>L&#8217;evid\u00e8ncia cient\u00edfica demostra que la detecci\u00f3 i la intervenci\u00f3 de forma primerenca milloren el pron\u00f2stic de les persones TEA de manera significativa, incidint sobre la seva qualitat de vida personal i familiar. En aquest sentit, resulta fonamental disposar d&#8217;eines que ens permetin identificar la variabilitat de perfils que caracteritzen les persones TEA i con\u00e8ixer les intervencions que tenen suport cient\u00edfic per poder oferir tractaments individualitzats, que promoguin una evoluci\u00f3 positiva. <\/p>\n<p>Aix\u00ed mateix, des d&#8217;un pla pr\u00e0ctic, \u00e9s essencial con\u00e8ixer les t\u00e8cniques i estrat\u00e8gies que s&#8217;han demostrat eficaces a la feina amb persones TEA, tant en l&#8217;\u00e0mbit familiar com escolar. A Europa les darreres dades de prevalen\u00e7a de TEA se situen en l&#8217;1-2%, cosa que fa necessari formar-se de forma cont\u00ednua per cobrir les necessitats d&#8217;una part creixent de la poblaci\u00f3. <\/p>\n","protected":false},"excerpt":{"rendered":"<p><span data-sheets-root=\"1\"><b>Compr\u00e8n i recolza de manera efectiva nens amb Trastorn de l&#8217;Espectre de l&#8217;Autisme (TEA)<\/b> .<\/span><\/p>\n<p>Aquest curs et proporcionar\u00e0 un <b>coneixement profund sobre el Trastorn de l&#8217;Espectre de l&#8217;Autisme (TEA)<\/b> <b>,<\/b> ajudant-te a comprendre com aquest afecta el desenvolupament i el comportament dels infants. <\/p>\n<p>A m\u00e9s, us ensenyarem com <b>adaptar l&#8217;entorn per afavorir la inclusi\u00f3 i el benestar<\/b> dels nens TEA. En acabar, estar\u00e0s preparat per donar suport de forma efica\u00e7 a aquests nens, promovent-ne el desenvolupament i <b>millorant-ne la qualitat de vida<\/b> . <\/p>\n<p><img loading=\"lazy\" decoding=\"async\" class=\"alignnone size-full wp-image-196990\" src=\"https:\/\/integratek.es\/wp-content\/uploads\/2024\/09\/Logo-UB-IDP_copia.png\" alt=\"\" width=\"500\" height=\"133\"><\/p>\n","protected":false},"featured_media":102421,"comment_status":"closed","ping_status":"closed","template":"","meta":{"_acf_changed":false,"footnotes":""},"product_brand":[],"product_cat":[741,743],"product_tag":[458,811,475,476],"class_list":{"0":"post-204298","1":"product","2":"type-product","3":"status-publish","4":"has-post-thumbnail","6":"product_cat-atencio-a-la-diversitat","7":"product_cat-cursos-online-ca","8":"product_tag-cursos-online-ca","9":"product_tag-tea-ca","10":"product_tag-trastornos-del-aprendizaje-ca","11":"product_tag-utae-ca","13":"first","14":"instock","15":"sale","16":"sold-individually","17":"taxable","18":"shipping-taxable","19":"purchasable","20":"product-type-variable"},"bundled_by":[],"bundle_stock_status":"instock","bundle_stock_quantity":null,"bundle_virtual":false,"bundle_layout":"","bundle_add_to_cart_form_location":"","bundle_editable_in_cart":false,"bundle_sold_individually_context":"","bundle_item_grouping":"","bundle_min_size":"","bundle_max_size":"","bundle_price":[],"bundled_items":[],"bundle_sell_ids":[],"acf":[],"_links":{"self":[{"href":"https:\/\/integratek.es\/ca\/wp-json\/wp\/v2\/product\/204298","targetHints":{"allow":["GET"]}}],"collection":[{"href":"https:\/\/integratek.es\/ca\/wp-json\/wp\/v2\/product"}],"about":[{"href":"https:\/\/integratek.es\/ca\/wp-json\/wp\/v2\/types\/product"}],"replies":[{"embeddable":true,"href":"https:\/\/integratek.es\/ca\/wp-json\/wp\/v2\/comments?post=204298"}],"version-history":[{"count":2,"href":"https:\/\/integratek.es\/ca\/wp-json\/wp\/v2\/product\/204298\/revisions"}],"predecessor-version":[{"id":209942,"href":"https:\/\/integratek.es\/ca\/wp-json\/wp\/v2\/product\/204298\/revisions\/209942"}],"wp:featuredmedia":[{"embeddable":true,"href":"https:\/\/integratek.es\/ca\/wp-json\/wp\/v2\/media\/102421"}],"wp:attachment":[{"href":"https:\/\/integratek.es\/ca\/wp-json\/wp\/v2\/media?parent=204298"}],"wp:term":[{"taxonomy":"product_brand","embeddable":true,"href":"https:\/\/integratek.es\/ca\/wp-json\/wp\/v2\/product_brand?post=204298"},{"taxonomy":"product_cat","embeddable":true,"href":"https:\/\/integratek.es\/ca\/wp-json\/wp\/v2\/product_cat?post=204298"},{"taxonomy":"product_tag","embeddable":true,"href":"https:\/\/integratek.es\/ca\/wp-json\/wp\/v2\/product_tag?post=204298"}],"curies":[{"name":"wp","href":"https:\/\/api.w.org\/{rel}","templated":true}]}}