{"id":204292,"date":"2021-04-27T13:17:43","date_gmt":"2021-04-27T11:17:43","guid":{"rendered":"https:\/\/integratek.es\/tienda\/sense%20categoria\/intervencio-emocional-i-de-conducta-en-nens-i-adolescents\/"},"modified":"2026-02-20T12:15:59","modified_gmt":"2026-02-20T11:15:59","slug":"intervencio-emocional-i-de-conducta-en-nens-i-adolescents","status":"publish","type":"product","link":"https:\/\/integratek.es\/ca\/botiga\/cursos-online-ca\/intervencio-emocional-i-de-conducta\/intervencio-emocional-i-de-conducta-en-nens-i-adolescents\/","title":{"rendered":"Intervenci\u00f3 emocional i de conducta en nens i adolescents"},"content":{"rendered":"<p>Avui dia, la nostra societat s&#8217;endinsa en problemes complexos de car\u00e0cter personal i familiar que afecten directament els nostres nens i adolescents a les aules.<\/p>\n<p>Per tant, les intervencions terap\u00e8utiques que resultaven efectives al seu moment han deixat de ser-ho. Actualment, necessitem models terap\u00e8utics molt m\u00e9s eficients que permeten resoldre els problemes de forma r\u00e0pida i \u00f2ptima, gr\u00e0cies als recursos i el perfil de les persones.<\/p>\n<p>La ter\u00e0pia estrat\u00e8gica breu que es fa servir \u00e9s un model rigor\u00f3s i reconegut per les comunitats cient\u00edfiques dedicades a la salut mental. Proposa i disposa d&#8217;eines i recursos per abordar les etapes d&#8217;infantil i adolesc\u00e8ncia.<\/p>\n<p>En aquesta formaci\u00f3 es reuneixen els principis te\u00f2rics i pr\u00e0ctics de la intervenci\u00f3 en nens i adolescents, tant a nivell cl\u00ednic com educatiu, per tal de dotar d&#8217;estrat\u00e8gies els professionals. Aix\u00ed mateix, pot resultar interessant aquest curs docents que vulguin aprofundir en la prevenci\u00f3 i la soluci\u00f3 de problemes emocionals i de comportament en aquestes etapes.<\/p>\n","protected":false},"excerpt":{"rendered":"<p><span data-sheets-root=\"1\"><b>Gestiona les emocions i conductes de nens i adolescents amb eines estrat\u00e8giques i pr\u00e0ctiques<\/b> .<\/span><\/p>\n<p>Aquest curs t&#8217;ensenya a utilitzar t\u00e8cniques com ara la intervenci\u00f3 estrat\u00e8gica per <b>abordar de manera efectiva els desafiaments emocionals i conductuals<\/b> en nens i adolescents. A trav\u00e9s d&#8217;exemples pr\u00e0ctics i casos reals, aprendr\u00e0s a intervenir en situacions complexes, afavorint un desenvolupament emocional saludable i un comportament adequat a diferents entorns.<\/p>\n<p>Els professionals que han realitzat aquest curs destaquen el seu <b>enfocament pr\u00e0ctic i la seva utilitat directa<\/b> per aplicar les estrat\u00e8gies apreses tant a nivell educatiu com familiar, cosa que el converteix en una formaci\u00f3 essencial per als que busquen resultats efectius.<\/p>\n<p><img loading=\"lazy\" decoding=\"async\" class=\"alignnone size-full wp-image-196990\" src=\"https:\/\/integratek.es\/wp-content\/uploads\/2024\/09\/Logo-UB-IDP_copia.png\" alt=\"\" width=\"500\" height=\"133\" \/><\/p>\n","protected":false},"featured_media":102293,"comment_status":"closed","ping_status":"closed","template":"","meta":{"_acf_changed":false,"footnotes":""},"product_brand":[],"product_cat":[743,744],"product_tag":[458],"class_list":{"0":"post-204292","1":"product","2":"type-product","3":"status-publish","4":"has-post-thumbnail","6":"product_cat-cursos-online-ca","7":"product_cat-intervencio-emocional-i-de-conducta","8":"product_tag-cursos-online-ca","10":"first","11":"instock","12":"sale","13":"sold-individually","14":"taxable","15":"shipping-taxable","16":"purchasable","17":"product-type-variable"},"bundled_by":[],"bundle_stock_status":"instock","bundle_stock_quantity":null,"bundle_virtual":false,"bundle_layout":"","bundle_add_to_cart_form_location":"","bundle_editable_in_cart":false,"bundle_sold_individually_context":"","bundle_item_grouping":"","bundle_min_size":"","bundle_max_size":"","bundle_price":[],"bundled_items":[],"bundle_sell_ids":[],"acf":[],"_links":{"self":[{"href":"https:\/\/integratek.es\/ca\/wp-json\/wp\/v2\/product\/204292","targetHints":{"allow":["GET"]}}],"collection":[{"href":"https:\/\/integratek.es\/ca\/wp-json\/wp\/v2\/product"}],"about":[{"href":"https:\/\/integratek.es\/ca\/wp-json\/wp\/v2\/types\/product"}],"replies":[{"embeddable":true,"href":"https:\/\/integratek.es\/ca\/wp-json\/wp\/v2\/comments?post=204292"}],"version-history":[{"count":3,"href":"https:\/\/integratek.es\/ca\/wp-json\/wp\/v2\/product\/204292\/revisions"}],"predecessor-version":[{"id":212606,"href":"https:\/\/integratek.es\/ca\/wp-json\/wp\/v2\/product\/204292\/revisions\/212606"}],"wp:featuredmedia":[{"embeddable":true,"href":"https:\/\/integratek.es\/ca\/wp-json\/wp\/v2\/media\/102293"}],"wp:attachment":[{"href":"https:\/\/integratek.es\/ca\/wp-json\/wp\/v2\/media?parent=204292"}],"wp:term":[{"taxonomy":"product_brand","embeddable":true,"href":"https:\/\/integratek.es\/ca\/wp-json\/wp\/v2\/product_brand?post=204292"},{"taxonomy":"product_cat","embeddable":true,"href":"https:\/\/integratek.es\/ca\/wp-json\/wp\/v2\/product_cat?post=204292"},{"taxonomy":"product_tag","embeddable":true,"href":"https:\/\/integratek.es\/ca\/wp-json\/wp\/v2\/product_tag?post=204292"}],"curies":[{"name":"wp","href":"https:\/\/api.w.org\/{rel}","templated":true}]}}