{"id":204286,"date":"2021-04-27T13:25:13","date_gmt":"2021-04-27T11:25:13","guid":{"rendered":"https:\/\/integratek.es\/tienda\/sense categoria\/trastorn-del-desenvolupament-del-llenguatge-tdl\/"},"modified":"2026-02-19T18:59:45","modified_gmt":"2026-02-19T17:59:45","slug":"trastorn-del-desenvolupament-del-llenguatge-tdl","status":"publish","type":"product","link":"https:\/\/integratek.es\/ca\/botiga\/cursos-online-ca\/atencio-a-la-diversitat\/trastorn-del-desenvolupament-del-llenguatge-tdl\/","title":{"rendered":"Trastorn del Desenvolupament del Llenguatge (TDL)"},"content":{"rendered":"<p>El curs sobre Trastorn del Desenvolupament del llenguatge (TDL) pret\u00e9n oferir als professionals i futurs professionals del camp de l&#8217;educaci\u00f3 i la sanitat una visi\u00f3 integradora que els permeti identificar infants i adolescents amb aquest perfil ling\u00fc\u00edstic sobre les seves dificultats per afavorir-ne el desenvolupament.<\/p>\n<p>Al llarg de la formaci\u00f3 es presentaran coneixements actualitzats i basats en l\u201fevid\u00e8ncia cient\u00edfica dels fonaments neurobiol\u00f2gics i psicol\u00f2gics que expliquen les dificultats ling\u00fc\u00edstiques orals i escrites. Un cop compresa la naturalesa d&#8217;aquest trastorn, s&#8217;exposaran els tractaments amb evid\u00e8ncia cient\u00edfica vigents i s&#8217;hi aportaran eines pr\u00e0ctiques per intervenir en l&#8217;\u00e0mbit familiar i escolar. Tot aix\u00f2 des d\u00b4una visi\u00f3 cl\u00ednica i aplicada, basada en l\u00b4experi\u00e8ncia cl\u00ednica fruit del treball diari del nostre equip amb nens\/es i adolescents amb aquest perfil.  <\/p>\n","protected":false},"excerpt":{"rendered":"<p><span data-sheets-root=\"1\"><b>Identifica i recolza el desenvolupament del llenguatge amb eines actualitzades<\/b> .<\/p>\n<p>Podr\u00e0s aprofundir en els coneixements essencials per <b>comprendre el Trastorn del Desenvolupament del Llenguatge (TDL) i com afecta la comunicaci\u00f3 i l&#8217;aprenentatge dels nens<\/b> . Aprendr\u00e0s a identificar senyals d&#8217;alerta i aplicar estrat\u00e8gies d&#8217;intervenci\u00f3 efectives per millorar les habilitats ling\u00fc\u00edstiques a l&#8217;aula ia casa. <\/p>\n<p>Amb un <b>enfocament pr\u00e0ctic i actualitzat<\/b> , aquesta formaci\u00f3 \u00e9s indispensable per a educadors i especialistes que volen millorar la comunicaci\u00f3 i l&#8217;\u00e8xit acad\u00e8mic dels nens amb TDL.<\/span><\/p>\n<p><img loading=\"lazy\" decoding=\"async\" class=\"alignnone size-full wp-image-196990\" src=\"https:\/\/integratek.es\/wp-content\/uploads\/2024\/09\/Logo-UB-IDP_copia.png\" alt=\"\" width=\"500\" height=\"133\"><\/p>\n","protected":false},"featured_media":102316,"comment_status":"closed","ping_status":"closed","template":"","meta":{"_acf_changed":false,"footnotes":""},"product_brand":[],"product_cat":[741,743],"product_tag":[474,871,475,476],"class_list":{"0":"post-204286","1":"product","2":"type-product","3":"status-publish","4":"has-post-thumbnail","6":"product_cat-atencio-a-la-diversitat","7":"product_cat-cursos-online-ca","8":"product_tag-tdl-ca","9":"product_tag-trastorn-del-desenvolupament-del-llenguatge","10":"product_tag-trastornos-del-aprendizaje-ca","11":"product_tag-utae-ca","13":"first","14":"instock","15":"sale","16":"sold-individually","17":"taxable","18":"shipping-taxable","19":"purchasable","20":"product-type-variable"},"bundled_by":[],"bundle_stock_status":"instock","bundle_stock_quantity":null,"bundle_virtual":false,"bundle_layout":"","bundle_add_to_cart_form_location":"","bundle_editable_in_cart":false,"bundle_sold_individually_context":"","bundle_item_grouping":"","bundle_min_size":"","bundle_max_size":"","bundle_price":[],"bundled_items":[],"bundle_sell_ids":[],"acf":[],"_links":{"self":[{"href":"https:\/\/integratek.es\/ca\/wp-json\/wp\/v2\/product\/204286","targetHints":{"allow":["GET"]}}],"collection":[{"href":"https:\/\/integratek.es\/ca\/wp-json\/wp\/v2\/product"}],"about":[{"href":"https:\/\/integratek.es\/ca\/wp-json\/wp\/v2\/types\/product"}],"replies":[{"embeddable":true,"href":"https:\/\/integratek.es\/ca\/wp-json\/wp\/v2\/comments?post=204286"}],"version-history":[{"count":3,"href":"https:\/\/integratek.es\/ca\/wp-json\/wp\/v2\/product\/204286\/revisions"}],"predecessor-version":[{"id":209948,"href":"https:\/\/integratek.es\/ca\/wp-json\/wp\/v2\/product\/204286\/revisions\/209948"}],"wp:featuredmedia":[{"embeddable":true,"href":"https:\/\/integratek.es\/ca\/wp-json\/wp\/v2\/media\/102316"}],"wp:attachment":[{"href":"https:\/\/integratek.es\/ca\/wp-json\/wp\/v2\/media?parent=204286"}],"wp:term":[{"taxonomy":"product_brand","embeddable":true,"href":"https:\/\/integratek.es\/ca\/wp-json\/wp\/v2\/product_brand?post=204286"},{"taxonomy":"product_cat","embeddable":true,"href":"https:\/\/integratek.es\/ca\/wp-json\/wp\/v2\/product_cat?post=204286"},{"taxonomy":"product_tag","embeddable":true,"href":"https:\/\/integratek.es\/ca\/wp-json\/wp\/v2\/product_tag?post=204286"}],"curies":[{"name":"wp","href":"https:\/\/api.w.org\/{rel}","templated":true}]}}