{"id":204281,"date":"2025-07-23T11:35:45","date_gmt":"2025-07-23T09:35:45","guid":{"rendered":"https:\/\/integratek.es\/tienda\/sense%20categoria\/500-estrategies-i-orientacions-per-a-familiars-i-educadors-dalumnat-amb-tea\/"},"modified":"2025-08-01T10:20:40","modified_gmt":"2025-08-01T08:20:40","slug":"500-estrategies-i-orientacions-per-a-familiars-i-educadors-dalumnat-amb-tea","status":"publish","type":"product","link":"https:\/\/integratek.es\/ca\/botiga\/llibres\/500-estrategies-i-orientacions-per-a-familiars-i-educadors-dalumnat-amb-tea\/","title":{"rendered":"500 estrat\u00e8gies i orientacions per a familiars i educadors dalumnat amb TEA"},"content":{"rendered":"<div class=\"row\"  id=\"row-1623721061\">\n<\/div>\n<div class=\"row align-center\"  id=\"row-913126456\">\n\n\t<div id=\"col-24869989\" class=\"col small-12 large-12\"  >\n\t\t\t\t<div class=\"col-inner text-left\"  >\n\t\t\t\n\t\t\t\n<p>Tens un fill o familiar amb el diagn\u00f2stic de Trastorn de l&#8217;Espectre de l&#8217;Autisme (TEA)? A la teva aula hi ha un alumne amb TEA? O simplement vols saber com ajudar les persones amb aquesta condici\u00f3?<\/p>\n<p>En aquest llibre trobar\u00e0s un primer apropament a la comprensi\u00f3 i maneig del TEA. Est\u00e0 especialment dirigit a familiars, educadors i persones de la societat que vulguin assolir una major comprensi\u00f3 sobre aquesta fascinant manera de funcionar. <\/p>\n<p>S&#8217;hi inclouen 500 estrat\u00e8gies i orientacions, organitzades per \u00e0rees, per entendre i ajudar les persones amb aquesta condici\u00f3. Estrat\u00e8gies i orientacions concretes i pr\u00e0ctiques, explicades de forma amena i senzilla, per ser aplicades al dia a dia. <\/p>\n<p>L&#8217;objectiu? Perseguir la millor qualitat de vida possible tant per a la persona amb TEA, com per a la fam\u00edlia i el seu entorn.<\/p>\n\t\t<\/div>\n\t\t\t\t\t<\/div>\n\n\t\n<\/div>\n","protected":false},"excerpt":{"rendered":"<p><strong>El nou llibre de Cristina Garc\u00eda L\u00f3pez<\/strong> | En aquest llibre trobar\u00e0s un primer apropament a la comprensi\u00f3 i el maneig del TEA. S&#8217;hi inclouen 500 estrat\u00e8gies i orientacions concretes i pr\u00e0ctiques per entendre i ajudar les persones amb aquesta condici\u00f3. <\/p>\n","protected":false},"featured_media":204283,"comment_status":"closed","ping_status":"closed","template":"","meta":{"_acf_changed":false,"footnotes":""},"product_brand":[],"product_cat":[746],"product_tag":[812,870,766,811,475],"class_list":{"0":"post-204281","1":"product","2":"type-product","3":"status-publish","4":"has-post-thumbnail","6":"product_cat-llibres","7":"product_tag-autisme","8":"product_tag-cristina-garcia-ca","9":"product_tag-educacio","10":"product_tag-tea-ca","11":"product_tag-trastornos-del-aprendizaje-ca","12":"pa_idioma-castella","14":"first","15":"instock","16":"sale","17":"featured","18":"taxable","19":"shipping-taxable","20":"purchasable","21":"product-type-simple"},"bundled_by":["203994"],"bundle_stock_status":"instock","bundle_stock_quantity":null,"bundle_virtual":false,"bundle_layout":"","bundle_add_to_cart_form_location":"","bundle_editable_in_cart":false,"bundle_sold_individually_context":"","bundle_item_grouping":"","bundle_min_size":"","bundle_max_size":"","bundle_price":[],"bundled_items":[],"bundle_sell_ids":[],"acf":[],"_links":{"self":[{"href":"https:\/\/integratek.es\/ca\/wp-json\/wp\/v2\/product\/204281","targetHints":{"allow":["GET"]}}],"collection":[{"href":"https:\/\/integratek.es\/ca\/wp-json\/wp\/v2\/product"}],"about":[{"href":"https:\/\/integratek.es\/ca\/wp-json\/wp\/v2\/types\/product"}],"replies":[{"embeddable":true,"href":"https:\/\/integratek.es\/ca\/wp-json\/wp\/v2\/comments?post=204281"}],"version-history":[{"count":5,"href":"https:\/\/integratek.es\/ca\/wp-json\/wp\/v2\/product\/204281\/revisions"}],"predecessor-version":[{"id":205242,"href":"https:\/\/integratek.es\/ca\/wp-json\/wp\/v2\/product\/204281\/revisions\/205242"}],"wp:featuredmedia":[{"embeddable":true,"href":"https:\/\/integratek.es\/ca\/wp-json\/wp\/v2\/media\/204283"}],"wp:attachment":[{"href":"https:\/\/integratek.es\/ca\/wp-json\/wp\/v2\/media?parent=204281"}],"wp:term":[{"taxonomy":"product_brand","embeddable":true,"href":"https:\/\/integratek.es\/ca\/wp-json\/wp\/v2\/product_brand?post=204281"},{"taxonomy":"product_cat","embeddable":true,"href":"https:\/\/integratek.es\/ca\/wp-json\/wp\/v2\/product_cat?post=204281"},{"taxonomy":"product_tag","embeddable":true,"href":"https:\/\/integratek.es\/ca\/wp-json\/wp\/v2\/product_tag?post=204281"}],"curies":[{"name":"wp","href":"https:\/\/api.w.org\/{rel}","templated":true}]}}