{"id":204237,"date":"2022-03-23T13:59:49","date_gmt":"2022-03-23T12:59:49","guid":{"rendered":"https:\/\/integratek.es\/tienda\/sense categoria\/nens-i-adolescents-dificils\/"},"modified":"2026-02-02T11:35:57","modified_gmt":"2026-02-02T10:35:57","slug":"nens-i-adolescents-dificils","status":"publish","type":"product","link":"https:\/\/integratek.es\/ca\/botiga\/cursos-online-ca\/intervencio-emocional-i-de-conducta\/nens-i-adolescents-dificils\/","title":{"rendered":"Nens i adolescents dif\u00edcils"},"content":{"rendered":"<p><span style=\"font-weight: 400;\">La intervenci\u00f3 en nens i adolescents per millorar el comportament i les emocions sempre ha estat una assignatura pendent a l&#8217;\u00e0rea educativa, centrant com a prioritat l&#8217;aprenentatge i les metodologies d&#8217;estudi. Els canvis a la societat actual a nivell tecnol\u00f2gic i comunicacional, i la pres\u00e8ncia de models familiars que no permeten l&#8217;experimentaci\u00f3 de les dificultats en els seus fills, i que redueixen els l\u00edmits i les normes, ha generat una poblaci\u00f3 infantil i juvenil molt m\u00e9s vulnerable i amb importants mancances en la regulaci\u00f3 de les emocions i en la seva autoestima. Aix\u00f2 ha produ\u00eft que la l\u00f2gica ordin\u00e0ria o les metodologies d&#8217;intervenci\u00f3 psicol\u00f2gica que funcionaven fa 20 anys hagin quedat en des\u00fas i no donin els fruits adequats, mantenint i empitjorant els problemes.  <\/span><\/p>\n<p><span style=\"font-weight: 400;\">En aquesta formaci\u00f3 Helena Alvarado ens presenta una aportaci\u00f3 renovada centrada en els tres pilars b\u00e0sics d&#8217;intervenci\u00f3:<\/span> <b>estrat\u00e8gies, relaci\u00f3 i comunicaci\u00f3<\/b> <span style=\"font-weight: 400;\">a trav\u00e9s de la<\/span> <b>ter\u00e0pia estrat\u00e8gica breu, sist\u00e8mica i la programaci\u00f3 Neuro-Ling\u00fc\u00edstica (PNL)<\/b><span style=\"font-weight: 400;\">. Sense una bona combinaci\u00f3 de les parts, efic\u00e0cia i efici\u00e8ncia no s\u00f3n possibles. Aprendrem en profunditat, com qui dissecciona amb un bistur\u00ed, a analitzar els problemes particulars m\u00e9s comuns en inf\u00e0ncia i adolesc\u00e8ncia, amb la finalitat de promoure el canvi i trobar la soluci\u00f3, i dotarem d&#8217;eines terap\u00e8utiques eficaces i eficients, i t\u00e8cniques de comunicaci\u00f3 i de relaci\u00f3 als assistents per poder aconseguir resultats altament satisfactoris en poc temps, no nom\u00e9s en el nen i en el nen. <\/span><\/p>\n","protected":false},"excerpt":{"rendered":"<p><span data-sheets-root=\"1\"><b>Desenvolupa habilitats per abordar efica\u00e7ment les dificultats conductuals<\/b> .<\/span><\/p>\n<p>Aquest curs aprofundeix en les causes i les caracter\u00edstiques del comportament dif\u00edcil en nens, nenes i adolescents, <b>proporcionant eines concretes per al seu maneig<\/b> . A trav\u00e9s d&#8217;un enfocament pr\u00e0ctic, aprendr\u00e0s a intervenir en situacions desafiadores, <b>aplicant estrat\u00e8gies que promoguin la regulaci\u00f3 emocional<\/b> , la millora de la conducta i el benestar tant a la llar com a l&#8217;entorn escolar. <\/p>\n<p>A m\u00e9s, es presentaran <b>estudis de casos i t\u00e8cniques provades<\/b> que et prepararan per enfrontar situacions complexes amb confian\u00e7a i efic\u00e0cia.<\/p>\n","protected":false},"featured_media":204238,"comment_status":"closed","ping_status":"closed","template":"","meta":{"_acf_changed":false,"footnotes":""},"product_brand":[],"product_cat":[743,744],"product_tag":[863,458,831,865,864,866],"class_list":{"0":"post-204237","1":"product","2":"type-product","3":"status-publish","4":"has-post-thumbnail","6":"product_cat-cursos-online-ca","7":"product_cat-intervencio-emocional-i-de-conducta","8":"product_tag-conducta-ca","9":"product_tag-cursos-online-ca","10":"product_tag-intervencio","11":"product_tag-pni-ca","12":"product_tag-relacions","13":"product_tag-terapia-breu-estrategica","15":"first","16":"instock","17":"sale","18":"sold-individually","19":"taxable","20":"shipping-taxable","21":"purchasable","22":"product-type-variable"},"bundled_by":[],"bundle_stock_status":"instock","bundle_stock_quantity":null,"bundle_virtual":false,"bundle_layout":"","bundle_add_to_cart_form_location":"","bundle_editable_in_cart":false,"bundle_sold_individually_context":"","bundle_item_grouping":"","bundle_min_size":"","bundle_max_size":"","bundle_price":[],"bundled_items":[],"bundle_sell_ids":[],"acf":[],"_links":{"self":[{"href":"https:\/\/integratek.es\/ca\/wp-json\/wp\/v2\/product\/204237","targetHints":{"allow":["GET"]}}],"collection":[{"href":"https:\/\/integratek.es\/ca\/wp-json\/wp\/v2\/product"}],"about":[{"href":"https:\/\/integratek.es\/ca\/wp-json\/wp\/v2\/types\/product"}],"replies":[{"embeddable":true,"href":"https:\/\/integratek.es\/ca\/wp-json\/wp\/v2\/comments?post=204237"}],"version-history":[{"count":1,"href":"https:\/\/integratek.es\/ca\/wp-json\/wp\/v2\/product\/204237\/revisions"}],"predecessor-version":[{"id":207927,"href":"https:\/\/integratek.es\/ca\/wp-json\/wp\/v2\/product\/204237\/revisions\/207927"}],"wp:featuredmedia":[{"embeddable":true,"href":"https:\/\/integratek.es\/ca\/wp-json\/wp\/v2\/media\/204238"}],"wp:attachment":[{"href":"https:\/\/integratek.es\/ca\/wp-json\/wp\/v2\/media?parent=204237"}],"wp:term":[{"taxonomy":"product_brand","embeddable":true,"href":"https:\/\/integratek.es\/ca\/wp-json\/wp\/v2\/product_brand?post=204237"},{"taxonomy":"product_cat","embeddable":true,"href":"https:\/\/integratek.es\/ca\/wp-json\/wp\/v2\/product_cat?post=204237"},{"taxonomy":"product_tag","embeddable":true,"href":"https:\/\/integratek.es\/ca\/wp-json\/wp\/v2\/product_tag?post=204237"}],"curies":[{"name":"wp","href":"https:\/\/api.w.org\/{rel}","templated":true}]}}