{"id":204233,"date":"2022-03-23T12:17:16","date_gmt":"2022-03-23T11:17:16","guid":{"rendered":"https:\/\/integratek.es\/tienda\/sense%20categoria\/el-tea-a-casa-ia-lescola-orientacions-per-actuar\/"},"modified":"2026-02-02T11:42:10","modified_gmt":"2026-02-02T10:42:10","slug":"el-tea-a-casa-i-a-lescola-orientacions-per-actuar","status":"publish","type":"product","link":"https:\/\/integratek.es\/ca\/botiga\/cursos-online-ca\/atencio-a-la-diversitat\/el-tea-a-casa-i-a-lescola-orientacions-per-actuar\/","title":{"rendered":"El TEA a casa ia lescola: orientacions per actuar"},"content":{"rendered":"<p><span style=\"font-weight: 400;\">El TEA \u00e9s un<\/span> <b>trastorn del neurodesenvolupament<\/b><span style=\"font-weight: 400;\">  que afecta les habilitats socials, comunicatives, emocionals i la conducta. La   <\/span><b>prevalen\u00e7a<\/b> <span style=\"font-weight: 400;\">se situa al voltant de l&#8217;<\/span> <b>1%<\/b><span style=\"font-weight: 400;\">.<\/span> <\/p>\n<p><span style=\"font-weight: 400;\">L&#8217;evid\u00e8ncia cient\u00edfica demostra com<\/span> <b>la intervenci\u00f3 primerenca millora el pron\u00f2stic de les persones TEA<\/b><span style=\"font-weight: 400;\">. \u00c9s a dir, l&#8217;inici preco\u00e7 d&#8217;una intervenci\u00f3 minimitza l&#8217;impacte que aquest diagn\u00f2stic pot tenir sobre la qualitat de vida del nen i del seu entorn. D&#8217;una banda, cal tenir en compte les   <\/span><b>intervencions que tenen m\u00e9s evid\u00e8ncia cient\u00edfica<\/b><span style=\"font-weight: 400;\">. D&#8217;altra banda, \u00e9s fonamental tenir present el fet que  <\/span><b>els<\/b> <b>pensaments, les emocions i les conductes dels familiars i educadors d&#8217;alumnat<\/b><span style=\"font-weight: 400;\">  amb TEA tenen un impacte directe sobre levoluci\u00f3 de les persones amb aquesta condici\u00f3. I per tant, dissenyar intervencions considerant aquests aspectes. <\/span><\/p>\n","protected":false},"excerpt":{"rendered":"<p><span data-sheets-root=\"1\"><b>Recolza nens i adolescents TEA tant a casa com a l&#8217;escola<\/b> .<\/p>\n<p>Apr\u00e8n estrat\u00e8gies pr\u00e0ctiques per acompanyar persones amb Trastorn de l&#8217;Espectre de l&#8217;Autisme (TEA) al seu dia a dia, <b>tant a l&#8217;entorn familiar com a l&#8217;educatiu<\/b> .<\/p>\n<p>Aquest curs us ajudar\u00e0 a comprendre les vostres <b>necessitats espec\u00edfiques ia aplicar orientacions<\/b> que promoguin el vostre benestar emocional i social. Descobrir\u00e0s com <b>adaptar els entorns i les activitats<\/b> per crear espais m\u00e9s inclusius i comprensius. <\/span><\/p>\n","protected":false},"featured_media":204234,"comment_status":"closed","ping_status":"closed","template":"","meta":{"_acf_changed":false,"footnotes":""},"product_brand":[],"product_cat":[741,743],"product_tag":[812,766,811],"class_list":{"0":"post-204233","1":"product","2":"type-product","3":"status-publish","4":"has-post-thumbnail","6":"product_cat-atencio-a-la-diversitat","7":"product_cat-cursos-online-ca","8":"product_tag-autisme","9":"product_tag-educacio","10":"product_tag-tea-ca","12":"first","13":"instock","14":"sale","15":"sold-individually","16":"taxable","17":"shipping-taxable","18":"purchasable","19":"product-type-variable"},"bundled_by":["203994"],"bundle_stock_status":"instock","bundle_stock_quantity":null,"bundle_virtual":false,"bundle_layout":"","bundle_add_to_cart_form_location":"","bundle_editable_in_cart":false,"bundle_sold_individually_context":"","bundle_item_grouping":"","bundle_min_size":"","bundle_max_size":"","bundle_price":[],"bundled_items":[],"bundle_sell_ids":[],"acf":[],"_links":{"self":[{"href":"https:\/\/integratek.es\/ca\/wp-json\/wp\/v2\/product\/204233","targetHints":{"allow":["GET"]}}],"collection":[{"href":"https:\/\/integratek.es\/ca\/wp-json\/wp\/v2\/product"}],"about":[{"href":"https:\/\/integratek.es\/ca\/wp-json\/wp\/v2\/types\/product"}],"replies":[{"embeddable":true,"href":"https:\/\/integratek.es\/ca\/wp-json\/wp\/v2\/comments?post=204233"}],"version-history":[{"count":5,"href":"https:\/\/integratek.es\/ca\/wp-json\/wp\/v2\/product\/204233\/revisions"}],"predecessor-version":[{"id":208609,"href":"https:\/\/integratek.es\/ca\/wp-json\/wp\/v2\/product\/204233\/revisions\/208609"}],"wp:featuredmedia":[{"embeddable":true,"href":"https:\/\/integratek.es\/ca\/wp-json\/wp\/v2\/media\/204234"}],"wp:attachment":[{"href":"https:\/\/integratek.es\/ca\/wp-json\/wp\/v2\/media?parent=204233"}],"wp:term":[{"taxonomy":"product_brand","embeddable":true,"href":"https:\/\/integratek.es\/ca\/wp-json\/wp\/v2\/product_brand?post=204233"},{"taxonomy":"product_cat","embeddable":true,"href":"https:\/\/integratek.es\/ca\/wp-json\/wp\/v2\/product_cat?post=204233"},{"taxonomy":"product_tag","embeddable":true,"href":"https:\/\/integratek.es\/ca\/wp-json\/wp\/v2\/product_tag?post=204233"}],"curies":[{"name":"wp","href":"https:\/\/api.w.org\/{rel}","templated":true}]}}