{"id":204218,"date":"2022-03-23T15:13:44","date_gmt":"2022-03-23T14:13:44","guid":{"rendered":"https:\/\/integratek.es\/tienda\/sense%20categoria\/diagnostic-i-intervencio-en-dislexia\/"},"modified":"2026-02-12T09:07:20","modified_gmt":"2026-02-12T08:07:20","slug":"diagnostic-i-intervencio-en-dislexia","status":"publish","type":"product","link":"https:\/\/integratek.es\/ca\/botiga\/cursos-online-ca\/atencio-a-la-diversitat\/diagnostic-i-intervencio-en-dislexia\/","title":{"rendered":"Diagn\u00f2stic i Intervenci\u00f3 en Disl\u00e8xia"},"content":{"rendered":"<p><span style=\"font-weight: 400;\">La<\/span> <b>disl\u00e8xia<\/b> <span style=\"font-weight: 400;\">\u00e9s un<\/span> <b>trastorn del neurodesenvolupament<\/b><span style=\"font-weight: 400;\">  que afecta l&#8217;aprenentatge de la lectura i l&#8217;escriptura. La   <\/span><b>prevalen\u00e7a<\/b> <span style=\"font-weight: 400;\">\u00e9s de<\/span> <b>1-5 nens a les aules<\/b><span style=\"font-weight: 400;\">. Tenint en compte que, al nostre sistema educatiu actual, les eines per aprendre s\u00f3n la lectura i l&#8217;escriptura, \u00e9s de vital import\u00e0ncia  <\/span><b>entendre qu\u00e8 \u00e9s la disl\u00e8xia, com diagnosticar-la i com intervenir<\/b><span style=\"font-weight: 400;\">  en ella. D&#8217;aquesta manera, garantir un bon aprenentatge als nens amb aquest trastorn.   <\/span><\/p>\n<p><span style=\"font-weight: 400;\">L&#8217;evid\u00e8ncia cient\u00edfica demostra com<\/span> <b>la detecci\u00f3 i la intervenci\u00f3 primerenca millora el pron\u00f2stic<\/b><span style=\"font-weight: 400;\">. \u00c9s a dir, com m\u00e9s aviat es detecti abans es podr\u00e0 intervenir i donar estrat\u00e8gies perqu\u00e8 les mancances que el nen pugui tenir, siguin menors. Un diagn\u00f2stic tard\u00e0 augmenta la probabilitat de l&#8217;aparici\u00f3 de patologies relacionades amb l&#8217;estat d&#8217;\u00e0nim. Per aix\u00f2, \u00e9s la nostra responsabilitat com a professionals saber identificar els s\u00edmptomes de la disl\u00e8xia en qualsevol edat.   <\/span><\/p>\n","protected":false},"excerpt":{"rendered":"<p><span data-sheets-root=\"1\"><b>Diagnostica i interv\u00e9 en casos de disl\u00e8xia de manera efectiva<\/b> .<\/p>\n<p>Aquest curs us proporcionar\u00e0 les eines necess\u00e0ries per <b>identificar la disl\u00e8xia en estudiants i desenvolupar intervencions<\/b> adaptades a les vostres necessitats espec\u00edfiques. Aprendr\u00e0s a aplicar <b>estrat\u00e8gies pr\u00e0ctiques que facilitin l&#8217;aprenentatge<\/b> de la lectoescriptura i a crear un entorn educatiu inclusiu que n&#8217;afavoreixi el desenvolupament cognitiu i emocional. <\/p>\n<p>A m\u00e9s, et preparar\u00e0s per <b>treballar de manera col\u00b7laborativa amb altres professionals i fam\u00edlies<\/b> , recolzant el benestar i progr\u00e9s dels estudiants amb disl\u00e8xia.<\/span><\/p>\n","protected":false},"featured_media":204219,"comment_status":"closed","ping_status":"closed","template":"","meta":{"_acf_changed":false,"footnotes":""},"product_brand":[],"product_cat":[741,743],"product_tag":[858,170,859,475],"class_list":{"0":"post-204218","1":"product","2":"type-product","3":"status-publish","4":"has-post-thumbnail","6":"product_cat-atencio-a-la-diversitat","7":"product_cat-cursos-online-ca","8":"product_tag-diagnostic","9":"product_tag-dislexia","10":"product_tag-simptomatologia","11":"product_tag-trastornos-del-aprendizaje-ca","13":"first","14":"instock","15":"sale","16":"sold-individually","17":"taxable","18":"shipping-taxable","19":"purchasable","20":"product-type-variable"},"bundled_by":[],"bundle_stock_status":"instock","bundle_stock_quantity":null,"bundle_virtual":false,"bundle_layout":"","bundle_add_to_cart_form_location":"","bundle_editable_in_cart":false,"bundle_sold_individually_context":"","bundle_item_grouping":"","bundle_min_size":"","bundle_max_size":"","bundle_price":[],"bundled_items":[],"bundle_sell_ids":[],"acf":[],"_links":{"self":[{"href":"https:\/\/integratek.es\/ca\/wp-json\/wp\/v2\/product\/204218","targetHints":{"allow":["GET"]}}],"collection":[{"href":"https:\/\/integratek.es\/ca\/wp-json\/wp\/v2\/product"}],"about":[{"href":"https:\/\/integratek.es\/ca\/wp-json\/wp\/v2\/types\/product"}],"replies":[{"embeddable":true,"href":"https:\/\/integratek.es\/ca\/wp-json\/wp\/v2\/comments?post=204218"}],"version-history":[{"count":3,"href":"https:\/\/integratek.es\/ca\/wp-json\/wp\/v2\/product\/204218\/revisions"}],"predecessor-version":[{"id":207926,"href":"https:\/\/integratek.es\/ca\/wp-json\/wp\/v2\/product\/204218\/revisions\/207926"}],"wp:featuredmedia":[{"embeddable":true,"href":"https:\/\/integratek.es\/ca\/wp-json\/wp\/v2\/media\/204219"}],"wp:attachment":[{"href":"https:\/\/integratek.es\/ca\/wp-json\/wp\/v2\/media?parent=204218"}],"wp:term":[{"taxonomy":"product_brand","embeddable":true,"href":"https:\/\/integratek.es\/ca\/wp-json\/wp\/v2\/product_brand?post=204218"},{"taxonomy":"product_cat","embeddable":true,"href":"https:\/\/integratek.es\/ca\/wp-json\/wp\/v2\/product_cat?post=204218"},{"taxonomy":"product_tag","embeddable":true,"href":"https:\/\/integratek.es\/ca\/wp-json\/wp\/v2\/product_tag?post=204218"}],"curies":[{"name":"wp","href":"https:\/\/api.w.org\/{rel}","templated":true}]}}