{"id":204214,"date":"2022-03-23T14:12:42","date_gmt":"2022-03-23T13:12:42","guid":{"rendered":"https:\/\/integratek.es\/tienda\/sense%20categoria\/funcions-executives-a-leducacio-ia-la-vida\/"},"modified":"2026-02-02T11:43:45","modified_gmt":"2026-02-02T10:43:45","slug":"funcions-executives-a-leducacio-i-a-la-vida","status":"publish","type":"product","link":"https:\/\/integratek.es\/ca\/botiga\/cursos-online-ca\/neurociencia-ca-2\/funcions-executives-a-leducacio-i-a-la-vida\/","title":{"rendered":"Funcions executives a l&#8217;educaci\u00f3 i a la vida"},"content":{"rendered":"<p><span style=\"font-weight: 400;\">Basant-nos en les investigacions cient\u00edfiques m\u00e9s recents sobre el funcionament i el desenvolupament del cervell, en aquest curs volem proporcionar, a trav\u00e9s d&#8217;un enfocament vivencial, coneixements i orientacions pr\u00e0ctiques que creiem que poden ser \u00fatils per a qualsevol educador.<\/span><\/p>\n","protected":false},"excerpt":{"rendered":"<p><span data-sheets-root=\"1\"><b>Desenvolupa les funcions executives per millorar l&#8217;aprenentatge i la vida di\u00e0ria<\/b> .<\/p>\n<p> Aquest curs us ensenyar\u00e0 com enfortir les funcions executives, com la <b>planificaci\u00f3, el control d&#8217;impulsos i la flexibilitat cognitiva<\/b> , tant en l&#8217;\u00e0mbit educatiu com en la vida quotidiana.<\/p>\n<p> Aprendr\u00e0s a implementar estrat\u00e8gies que ajudin els estudiants a gestionar millor les seves tasques, millorar la seva capacitat d&#8217;organitzaci\u00f3 i <b>fomentar la seva autonomia<\/b> , creant un entorn que en promogui el benestar i el desenvolupament integral.<\/span><\/p>\n","protected":false},"featured_media":204215,"comment_status":"closed","ping_status":"closed","template":"","meta":{"_acf_changed":false,"footnotes":""},"product_brand":[],"product_cat":[743,745],"product_tag":[857,435,799,856],"class_list":{"0":"post-204214","1":"product","2":"type-product","3":"status-publish","4":"has-post-thumbnail","6":"product_cat-cursos-online-ca","7":"product_cat-neurociencia-ca-2","8":"product_tag-adolescencia-ca","9":"product_tag-neurociencia-ca","10":"product_tag-neuroeducacio","11":"product_tag-psicologia-ca","13":"first","14":"instock","15":"sale","16":"sold-individually","17":"taxable","18":"shipping-taxable","19":"purchasable","20":"product-type-variable"},"bundled_by":[],"bundle_stock_status":"instock","bundle_stock_quantity":null,"bundle_virtual":false,"bundle_layout":"","bundle_add_to_cart_form_location":"","bundle_editable_in_cart":false,"bundle_sold_individually_context":"","bundle_item_grouping":"","bundle_min_size":"","bundle_max_size":"","bundle_price":[],"bundled_items":[],"bundle_sell_ids":[],"acf":[],"_links":{"self":[{"href":"https:\/\/integratek.es\/ca\/wp-json\/wp\/v2\/product\/204214","targetHints":{"allow":["GET"]}}],"collection":[{"href":"https:\/\/integratek.es\/ca\/wp-json\/wp\/v2\/product"}],"about":[{"href":"https:\/\/integratek.es\/ca\/wp-json\/wp\/v2\/types\/product"}],"replies":[{"embeddable":true,"href":"https:\/\/integratek.es\/ca\/wp-json\/wp\/v2\/comments?post=204214"}],"version-history":[{"count":3,"href":"https:\/\/integratek.es\/ca\/wp-json\/wp\/v2\/product\/204214\/revisions"}],"predecessor-version":[{"id":209938,"href":"https:\/\/integratek.es\/ca\/wp-json\/wp\/v2\/product\/204214\/revisions\/209938"}],"wp:featuredmedia":[{"embeddable":true,"href":"https:\/\/integratek.es\/ca\/wp-json\/wp\/v2\/media\/204215"}],"wp:attachment":[{"href":"https:\/\/integratek.es\/ca\/wp-json\/wp\/v2\/media?parent=204214"}],"wp:term":[{"taxonomy":"product_brand","embeddable":true,"href":"https:\/\/integratek.es\/ca\/wp-json\/wp\/v2\/product_brand?post=204214"},{"taxonomy":"product_cat","embeddable":true,"href":"https:\/\/integratek.es\/ca\/wp-json\/wp\/v2\/product_cat?post=204214"},{"taxonomy":"product_tag","embeddable":true,"href":"https:\/\/integratek.es\/ca\/wp-json\/wp\/v2\/product_tag?post=204214"}],"curies":[{"name":"wp","href":"https:\/\/api.w.org\/{rel}","templated":true}]}}