{"id":204187,"date":"2022-11-30T15:23:49","date_gmt":"2022-11-30T14:23:49","guid":{"rendered":"https:\/\/integratek.es\/tienda\/sense categoria\/tecnologia-educativa-eines-i-estrategies-tecnologiques-digitals-per-fer-servir-a-laula\/"},"modified":"2026-02-02T11:25:32","modified_gmt":"2026-02-02T10:25:32","slug":"tecnologia-educativa-eines-i-estrategies-tecnologiques-digitals-per-fer-servir-a-laula","status":"publish","type":"product","link":"https:\/\/integratek.es\/ca\/botiga\/cursos-online-ca\/educacio-i-escola\/tecnologia-educativa-eines-i-estrategies-tecnologiques-digitals-per-fer-servir-a-laula\/","title":{"rendered":"Tecnologia Educativa: Eines i estrat\u00e8gies tecnol\u00f2giques digitals per fer servir a l&#8217;aula"},"content":{"rendered":"<p><span style=\"font-weight: 400;\">En aquest moment de canvi, en qu\u00e8 tot evoluciona a velocitat vertiginosa i les tecnologies digitals s\u00f3n cada cop m\u00e9s importants en el dia a dia, els nostres joves han d&#8217;arribar a ser digitalment competents per aconseguir el seu ple desenvolupament i integraci\u00f3 a la societat. Per superar aquest repte no n&#8217;hi ha prou que el professorat adquireixi un grau satisfactori de compet\u00e8ncia digital ciutadana, cal que integri de manera apropiada i efectiva l&#8217;\u00fas de les tecnologies digitals en l&#8217;exercici docent. <\/span><\/p>\n<p><span style=\"font-weight: 400;\">Sens dubte, les Tecnologies d&#8217;Informaci\u00f3 i Comunicacions (TIC) es poden considerar mitjans que contribueixen al millorament dels processos d&#8217;ensenyament i aprenentatge.  <\/span><\/p>\n<p><span style=\"font-weight: 400;\">S&#8217;ent\u00e9n que, la tecnologia a l&#8217;aula, fa refer\u00e8ncia al conjunt de recursos, mitjans instruccionals i infraestructura de car\u00e0cter tecnol\u00f2gic que s&#8217;utilitza en el desenvolupament del proc\u00e9s educatiu. Aquests recursos es vinculen amb la digitalitzaci\u00f3; per\u00f2 des de fa quaranta anys s&#8217;usen mitjans instruccionals, com filmines i projectors de l\u00e0mines, els quals eren considerats com a recursos tecnol\u00f2gics d&#8217;avan\u00e7ada en aquesta \u00e8poca. Per tant, la tecnologia ha estat present a les aules des de fa algun temps.  <\/span><\/p>\n<p><span style=\"font-weight: 400;\">M\u00e9s enll\u00e0 de la simple incorporaci\u00f3 tecnol\u00f2gica als centres, el debat de fons rau a trobar una veritable renovaci\u00f3 metodol\u00f2gica i una transformaci\u00f3 educativa que permeti estar a l&#8217;al\u00e7ada de les circumst\u00e0ncies de la societat actual. Aix\u00ed mateix, el nou marc competencial exigeix canvis profunds en els processos densenyament-aprenentatge. <\/span><\/p>\n","protected":false},"excerpt":{"rendered":"<p><b>Potencia l\u00b4aula amb eines tecnol\u00f2giques i estrat\u00e8gies innovadores.<\/b> Descobreix com <b>incorporar recursos digitals<\/b> que promoguin la participaci\u00f3 activa i el benestar dels alumnes. Aquest curs us guiar\u00e0 en l&#8217;\u00fas de tecnologies educatives per crear <b>entorns d&#8217;aprenentatge m\u00e9s accessibles, din\u00e0mics i adaptats<\/b> a les necessitats de cada estudiant. <\/p>\n","protected":false},"featured_media":204188,"comment_status":"open","ping_status":"closed","template":"","meta":{"_acf_changed":false,"footnotes":""},"product_brand":[],"product_cat":[743,742],"product_tag":[766,800,842],"class_list":{"0":"post-204187","1":"product","2":"type-product","3":"status-publish","4":"has-post-thumbnail","6":"product_cat-cursos-online-ca","7":"product_cat-educacio-i-escola","8":"product_tag-educacio","9":"product_tag-personalitzacio","10":"product_tag-tecnologia-ca","12":"first","13":"instock","14":"sale","15":"sold-individually","16":"taxable","17":"shipping-taxable","18":"purchasable","19":"product-type-variable"},"bundled_by":[],"bundle_stock_status":"instock","bundle_stock_quantity":null,"bundle_virtual":false,"bundle_layout":"","bundle_add_to_cart_form_location":"","bundle_editable_in_cart":false,"bundle_sold_individually_context":"","bundle_item_grouping":"","bundle_min_size":"","bundle_max_size":"","bundle_price":[],"bundled_items":[],"bundle_sell_ids":[],"acf":[],"_links":{"self":[{"href":"https:\/\/integratek.es\/ca\/wp-json\/wp\/v2\/product\/204187","targetHints":{"allow":["GET"]}}],"collection":[{"href":"https:\/\/integratek.es\/ca\/wp-json\/wp\/v2\/product"}],"about":[{"href":"https:\/\/integratek.es\/ca\/wp-json\/wp\/v2\/types\/product"}],"replies":[{"embeddable":true,"href":"https:\/\/integratek.es\/ca\/wp-json\/wp\/v2\/comments?post=204187"}],"version-history":[{"count":0,"href":"https:\/\/integratek.es\/ca\/wp-json\/wp\/v2\/product\/204187\/revisions"}],"wp:featuredmedia":[{"embeddable":true,"href":"https:\/\/integratek.es\/ca\/wp-json\/wp\/v2\/media\/204188"}],"wp:attachment":[{"href":"https:\/\/integratek.es\/ca\/wp-json\/wp\/v2\/media?parent=204187"}],"wp:term":[{"taxonomy":"product_brand","embeddable":true,"href":"https:\/\/integratek.es\/ca\/wp-json\/wp\/v2\/product_brand?post=204187"},{"taxonomy":"product_cat","embeddable":true,"href":"https:\/\/integratek.es\/ca\/wp-json\/wp\/v2\/product_cat?post=204187"},{"taxonomy":"product_tag","embeddable":true,"href":"https:\/\/integratek.es\/ca\/wp-json\/wp\/v2\/product_tag?post=204187"}],"curies":[{"name":"wp","href":"https:\/\/api.w.org\/{rel}","templated":true}]}}