{"id":204177,"date":"2022-04-11T11:39:20","date_gmt":"2022-04-11T09:39:20","guid":{"rendered":"https:\/\/integratek.es\/tienda\/sense%20categoria\/intervencio-en-problematica-infantil-estudi-de-casos\/"},"modified":"2026-02-02T11:34:47","modified_gmt":"2026-02-02T10:34:47","slug":"intervencio-en-problematica-infantil-estudi-de-casos","status":"publish","type":"product","link":"https:\/\/integratek.es\/ca\/botiga\/cursos-online-ca\/intervencio-emocional-i-de-conducta\/intervencio-en-problematica-infantil-estudi-de-casos\/","title":{"rendered":"Intervenci\u00f3 en problem\u00e0tica infantil &#8211; ESTUDI DE CASOS"},"content":{"rendered":"<p><span style=\"font-weight: 400;\">Cada cop m\u00e9s sorgeix la necessitat d&#8217;intervenir amb estrat\u00e8gies eficaces i eficients problem\u00e0tiques emocionals i comportamentals en nens<\/span> <span style=\"font-weight: 400;\">i nenes.<\/span> <span style=\"font-weight: 400;\">\u00c9s a dir, pares i professionals anem a buscar eines senzilles que funcionin en breu per\u00edode de temps i que ajudin els nostres nens<\/span> <span style=\"font-weight: 400;\">i nenes<\/span> <span style=\"font-weight: 400;\">a trobar aquest equilibri emocional i adaptatiu que necessiten per convertir-se en futurs adults sans, en un m\u00f3n que, moltes vegades, va contracorrent d&#8217;aquesta necessitat tan essencial.<\/span><\/p>\n<p><span style=\"font-weight: 400;\">Partint d&#8217;un recordatori de com implementar la pr\u00e0ctica estrat\u00e8gica tant a nivell escolar, social o familiar, Helena Alvarado, ens presenta en aquesta formaci\u00f3 protocols d&#8217;intervenci\u00f3 espec\u00edfics a partir de l&#8217;estudi de casos reals de nens amb afectacions emocionals i\/o de conducta, sempre recolzant-se en els tres pilars b\u00e0sics de la pr\u00e0ctica terap\u00e8utica, que s\u00f3n la comunicaci\u00f3, la relaci\u00f3 i l&#8217;estrat\u00e8gia. La seva finalitat \u00e9s sempre la millora i la soluci\u00f3 de les problem\u00e0tiques en el menor temps possible, aconseguint f\u00e0cilment resultats satisfactoris no nom\u00e9s per al nen sin\u00f3 per a tot el sistema. <\/span><\/p>\n","protected":false},"excerpt":{"rendered":"<p><span data-sheets-root=\"1\"><b>Apr\u00e8n a intervenir en la problem\u00e0tica infantil a trav\u00e9s de l&#8217;an\u00e0lisi de casos pr\u00e0ctics<\/b> .<\/p>\n<p>A trav\u00e9s de l&#8217;estudi de situacions reals, aprendr\u00e0s a identificar i gestionar les dificultats emocionals i conductuals dels infants. Desenvolupar\u00e0s <b>estrat\u00e8gies espec\u00edfiques adaptades a les seves necessitats<\/b> , fomentant el benestar en contextos familiars i escolars. <\/p>\n<p>Aquesta formaci\u00f3 us brindar\u00e0 <b>eines pr\u00e0ctiques<\/b> per abordar els desafiaments que sorgeixen en el desenvolupament infantil.<\/p>\n<p><\/span><\/p>\n","protected":false},"featured_media":204179,"comment_status":"open","ping_status":"closed","template":"","meta":{"_acf_changed":false,"footnotes":""},"product_brand":[],"product_cat":[743,744],"product_tag":[766,800,475],"class_list":{"0":"post-204177","1":"product","2":"type-product","3":"status-publish","4":"has-post-thumbnail","6":"product_cat-cursos-online-ca","7":"product_cat-intervencio-emocional-i-de-conducta","8":"product_tag-educacio","9":"product_tag-personalitzacio","10":"product_tag-trastornos-del-aprendizaje-ca","12":"first","13":"instock","14":"sale","15":"sold-individually","16":"taxable","17":"shipping-taxable","18":"purchasable","19":"product-type-variable"},"bundled_by":[],"bundle_stock_status":"instock","bundle_stock_quantity":null,"bundle_virtual":false,"bundle_layout":"","bundle_add_to_cart_form_location":"","bundle_editable_in_cart":false,"bundle_sold_individually_context":"","bundle_item_grouping":"","bundle_min_size":"","bundle_max_size":"","bundle_price":[],"bundled_items":[],"bundle_sell_ids":[],"acf":[],"_links":{"self":[{"href":"https:\/\/integratek.es\/ca\/wp-json\/wp\/v2\/product\/204177","targetHints":{"allow":["GET"]}}],"collection":[{"href":"https:\/\/integratek.es\/ca\/wp-json\/wp\/v2\/product"}],"about":[{"href":"https:\/\/integratek.es\/ca\/wp-json\/wp\/v2\/types\/product"}],"replies":[{"embeddable":true,"href":"https:\/\/integratek.es\/ca\/wp-json\/wp\/v2\/comments?post=204177"}],"version-history":[{"count":2,"href":"https:\/\/integratek.es\/ca\/wp-json\/wp\/v2\/product\/204177\/revisions"}],"predecessor-version":[{"id":209934,"href":"https:\/\/integratek.es\/ca\/wp-json\/wp\/v2\/product\/204177\/revisions\/209934"}],"wp:featuredmedia":[{"embeddable":true,"href":"https:\/\/integratek.es\/ca\/wp-json\/wp\/v2\/media\/204179"}],"wp:attachment":[{"href":"https:\/\/integratek.es\/ca\/wp-json\/wp\/v2\/media?parent=204177"}],"wp:term":[{"taxonomy":"product_brand","embeddable":true,"href":"https:\/\/integratek.es\/ca\/wp-json\/wp\/v2\/product_brand?post=204177"},{"taxonomy":"product_cat","embeddable":true,"href":"https:\/\/integratek.es\/ca\/wp-json\/wp\/v2\/product_cat?post=204177"},{"taxonomy":"product_tag","embeddable":true,"href":"https:\/\/integratek.es\/ca\/wp-json\/wp\/v2\/product_tag?post=204177"}],"curies":[{"name":"wp","href":"https:\/\/api.w.org\/{rel}","templated":true}]}}