{"id":204145,"date":"2023-08-23T12:18:38","date_gmt":"2023-08-23T10:18:38","guid":{"rendered":"https:\/\/integratek.es\/tienda\/sense categoria\/neurociencia-la-gran-oportunitat-del-cervell-infantil-i-adolescent\/"},"modified":"2026-02-02T11:14:14","modified_gmt":"2026-02-02T10:14:14","slug":"neurociencia-la-gran-oportunitat-del-cervell-infantil-i-adolescent","status":"publish","type":"product","link":"https:\/\/integratek.es\/ca\/botiga\/cursos-online-ca\/educacio-i-escola\/neurociencia-la-gran-oportunitat-del-cervell-infantil-i-adolescent\/","title":{"rendered":"Neuroci\u00e8ncia: la gran oportunitat del cervell infantil i adolescent"},"content":{"rendered":"<p>El cervell hum\u00e0 \u00e9s un dels \u00f2rgans m\u00e9s complexos del cos i t\u00e9 una gran capacitat dadaptaci\u00f3 i aprenentatge, especialment durant les etapes de la inf\u00e0ncia i ladolesc\u00e8ncia. La neuroci\u00e8ncia \u00e9s una disciplina cient\u00edfica que s&#8217;ocupa de l&#8217;estudi del cervell i la relaci\u00f3 amb el comportament hum\u00e0. Guarda enormes secrets per a l&#8217;\u00e9sser hum\u00e0, per\u00f2 tamb\u00e9 coneixem moltes coses en relaci\u00f3 amb ell que ens ajuden a comprendre&#8217;ns millor.  <\/p>\n<p>A quina edat arriba el cervell al seu m\u00e0xim desenvolupament Hi ha difer\u00e8ncies entre el cervell de l&#8217;home i de la dona? Qu\u00e8 caracteritza el cervell de l?adolescent? Quina part del cervell ens diferencia de la resta dels animals? Quan els nens experimenten por o r\u00e0bia, qu\u00e8 passa a nivell cerebral perqu\u00e8 es comportin aix\u00ed? A quina edat poden comen\u00e7ar a mentir els nostres fills? S\u00f3n nom\u00e9s algunes de les q\u00fcestions que anirem resolent al llarg del desenvolupament del curs.     <\/p>\n<p>Per comprendre i entendre millor l&#8217;apassionant desenvolupament del cervell i com es connecten les diferents \u00e0rees farem servir el \u201cmodel pedag\u00f2gic dels quatre cervells\u201d, una manera senzilla i pr\u00e0ctica que ens ajudar\u00e0 a entendre i interpretar millor les conductes de nens i adolescents. A m\u00e9s, dedicarem uns blocs a oferir un enfocament pr\u00e0ctic i amb orientacions per a pares i mestres, a processos cerebrals com ara la concentraci\u00f3, l&#8217;autocontrol, la mem\u00f2ria, l&#8217;aprenentatge i les emocions, que seran \u00fatils tant per a casa com per a les aules. <\/p>\n<p>El curs de neuroci\u00e8ncia del desenvolupament infantil i adolescent t\u00e9 com a objectiu proporcionar una comprensi\u00f3 profunda dels processos cognitius i emocionals del cervell a les diferents etapes de la inf\u00e0ncia i l&#8217;adolesc\u00e8ncia.<\/p>\n","protected":false},"excerpt":{"rendered":"<p><span data-sheets-root=\"1\"><b>Aprofita el potencial del cervell infantil i adolescent amb coneixements actualitzats en neuroci\u00e8ncia<\/b> .<\/p>\n<p>Aquest curs ofereix als educadors l&#8217;oportunitat d&#8217;explorar els darrers aven\u00e7os en <b>neuroci\u00e8ncia aplicats a l&#8217;aprenentatge<\/b> i el desenvolupament de nens i adolescents. Amb un enfocament completament actualitzat i recolzat per investigacions recents, aprendr\u00e0s com funciona el cervell en les diferents etapes de desenvolupament i com pots <b>aplicar aquests coneixements per millorar l&#8217;ensenyament<\/b> . <\/p>\n<p>Descobreix estrat\u00e8gies noves i cient\u00edficament provades per <b>potenciar les capacitats cognitives<\/b> dels teus estudiants i ajudar-los a assolir el m\u00e0xim potencial. Una formaci\u00f3 essencial per als que busquen estar al dia al camp educatiu. <\/span><\/p>\n<p><strong> <\/strong><\/p>\n","protected":false},"featured_media":204146,"comment_status":"open","ping_status":"closed","template":"","meta":{"_acf_changed":false,"footnotes":""},"product_brand":[],"product_cat":[743,742,745],"product_tag":[832,801,855,766,837,435,799],"class_list":{"0":"post-204145","1":"product","2":"type-product","3":"status-publish","4":"has-post-thumbnail","6":"product_cat-cursos-online-ca","7":"product_cat-educacio-i-escola","8":"product_cat-neurociencia-ca-2","9":"product_tag-adolescent","10":"product_tag-aprenentatge","11":"product_tag-cervell","12":"product_tag-educacio","13":"product_tag-infantil-ca","14":"product_tag-neurociencia-ca","15":"product_tag-neuroeducacio","17":"first","18":"instock","19":"sale","20":"sold-individually","21":"taxable","22":"shipping-taxable","23":"purchasable","24":"product-type-variable"},"bundled_by":[],"bundle_stock_status":"instock","bundle_stock_quantity":null,"bundle_virtual":false,"bundle_layout":"","bundle_add_to_cart_form_location":"","bundle_editable_in_cart":false,"bundle_sold_individually_context":"","bundle_item_grouping":"","bundle_min_size":"","bundle_max_size":"","bundle_price":[],"bundled_items":[],"bundle_sell_ids":[],"acf":[],"_links":{"self":[{"href":"https:\/\/integratek.es\/ca\/wp-json\/wp\/v2\/product\/204145","targetHints":{"allow":["GET"]}}],"collection":[{"href":"https:\/\/integratek.es\/ca\/wp-json\/wp\/v2\/product"}],"about":[{"href":"https:\/\/integratek.es\/ca\/wp-json\/wp\/v2\/types\/product"}],"replies":[{"embeddable":true,"href":"https:\/\/integratek.es\/ca\/wp-json\/wp\/v2\/comments?post=204145"}],"version-history":[{"count":2,"href":"https:\/\/integratek.es\/ca\/wp-json\/wp\/v2\/product\/204145\/revisions"}],"predecessor-version":[{"id":207921,"href":"https:\/\/integratek.es\/ca\/wp-json\/wp\/v2\/product\/204145\/revisions\/207921"}],"wp:featuredmedia":[{"embeddable":true,"href":"https:\/\/integratek.es\/ca\/wp-json\/wp\/v2\/media\/204146"}],"wp:attachment":[{"href":"https:\/\/integratek.es\/ca\/wp-json\/wp\/v2\/media?parent=204145"}],"wp:term":[{"taxonomy":"product_brand","embeddable":true,"href":"https:\/\/integratek.es\/ca\/wp-json\/wp\/v2\/product_brand?post=204145"},{"taxonomy":"product_cat","embeddable":true,"href":"https:\/\/integratek.es\/ca\/wp-json\/wp\/v2\/product_cat?post=204145"},{"taxonomy":"product_tag","embeddable":true,"href":"https:\/\/integratek.es\/ca\/wp-json\/wp\/v2\/product_tag?post=204145"}],"curies":[{"name":"wp","href":"https:\/\/api.w.org\/{rel}","templated":true}]}}