{"id":204135,"date":"2023-07-12T13:21:55","date_gmt":"2023-07-12T11:21:55","guid":{"rendered":"https:\/\/integratek.es\/tienda\/sense%20categoria\/dificultats-daprenentatge-a-laula-estrategies-dadaptacio\/"},"modified":"2026-02-02T11:26:05","modified_gmt":"2026-02-02T10:26:05","slug":"dificultats-daprenentatge-a-laula-estrategies-dadaptacio","status":"publish","type":"product","link":"https:\/\/integratek.es\/ca\/botiga\/cursos-online-ca\/atencio-a-la-diversitat\/dificultats-daprenentatge-a-laula-estrategies-dadaptacio\/","title":{"rendered":"Dificultats d&#8217;aprenentatge a l&#8217;aula: Estrat\u00e8gies d&#8217;adaptaci\u00f3"},"content":{"rendered":"<p>L&#8217;educaci\u00f3 inclusiva t\u00e9 com a objectiu garantir l&#8217;acc\u00e9s i la participaci\u00f3 de tots els estudiants a l&#8217;educaci\u00f3, independentment de les seves caracter\u00edstiques o necessitats educatives especials. La inclusi\u00f3 de nens i adolescents amb dificultats d&#8217;aprenentatge a l&#8217;aula \u00e9s un desafiament per als educadors, que requereix el disseny i la implementaci\u00f3 d&#8217;estrat\u00e8gies efectives d&#8217;adaptaci\u00f3 a l&#8217;aula. <\/p>\n<p>En aquest curs, s&#8217;abordaran les estrat\u00e8gies d&#8217;adaptaci\u00f3 m\u00e9s efectives per promoure l&#8217;aprenentatge de nens i adolescents amb dificultats d&#8217;aprenentatge en el marc de l&#8217;escola inclusiva. Els participants aprendran a dissenyar plans d&#8217;intervenci\u00f3 individualitzats i a implementar estrat\u00e8gies d&#8217;adaptaci\u00f3 que fomentin la inclusi\u00f3 i l&#8217;\u00e8xit acad\u00e8mic i social dels estudiants. <\/p>\n","protected":false},"excerpt":{"rendered":"<p><span data-sheets-root=\"1\"><b>Aplica estrat\u00e8gies adaptatives per donar suport a estudiants amb dificultats d&#8217;aprenentatge<\/b> .<\/p>\n<p>Formaci\u00f3 pr\u00e0ctica per <b>identificar i gestionar les dificultats d&#8217;aprenentatge m\u00e9s comunes a l&#8217;aula<\/b> . Amb un enfocament centrat en la inclusi\u00f3 i la personalitzaci\u00f3, aprendr\u00e0s a adaptar els m\u00e8todes d&#8217;ensenyament i a desenvolupar <b>estrat\u00e8gies que afavoreixin el benestar acad\u00e8mic<\/b> de tots els estudiants, independentment dels seus desafiaments. <\/p>\n<p>Gr\u00e0cies al contingut actualitzat, aquest curs es converteix en una eina clau per a educadors que busquen fomentar un entorn educatiu accessible i efica\u00e7.<\/span><\/p>\n<p><strong> <\/strong><\/p>\n","protected":false},"featured_media":204137,"comment_status":"open","ping_status":"closed","template":"","meta":{"_acf_changed":false,"footnotes":""},"product_brand":[],"product_cat":[741,743],"product_tag":[801,767,846,766,809,837,475],"class_list":{"0":"post-204135","1":"product","2":"type-product","3":"status-publish","4":"has-post-thumbnail","6":"product_cat-atencio-a-la-diversitat","7":"product_cat-cursos-online-ca","8":"product_tag-aprenentatge","9":"product_tag-atencio-a-la-diversitat-ca","10":"product_tag-dificultats","11":"product_tag-educacio","12":"product_tag-estrategies","13":"product_tag-infantil-ca","14":"product_tag-trastornos-del-aprendizaje-ca","16":"first","17":"instock","18":"sale","19":"sold-individually","20":"taxable","21":"shipping-taxable","22":"purchasable","23":"product-type-variable"},"bundled_by":[],"bundle_stock_status":"instock","bundle_stock_quantity":null,"bundle_virtual":false,"bundle_layout":"","bundle_add_to_cart_form_location":"","bundle_editable_in_cart":false,"bundle_sold_individually_context":"","bundle_item_grouping":"","bundle_min_size":"","bundle_max_size":"","bundle_price":[],"bundled_items":[],"bundle_sell_ids":[],"acf":[],"_links":{"self":[{"href":"https:\/\/integratek.es\/ca\/wp-json\/wp\/v2\/product\/204135","targetHints":{"allow":["GET"]}}],"collection":[{"href":"https:\/\/integratek.es\/ca\/wp-json\/wp\/v2\/product"}],"about":[{"href":"https:\/\/integratek.es\/ca\/wp-json\/wp\/v2\/types\/product"}],"replies":[{"embeddable":true,"href":"https:\/\/integratek.es\/ca\/wp-json\/wp\/v2\/comments?post=204135"}],"version-history":[{"count":2,"href":"https:\/\/integratek.es\/ca\/wp-json\/wp\/v2\/product\/204135\/revisions"}],"predecessor-version":[{"id":208087,"href":"https:\/\/integratek.es\/ca\/wp-json\/wp\/v2\/product\/204135\/revisions\/208087"}],"wp:featuredmedia":[{"embeddable":true,"href":"https:\/\/integratek.es\/ca\/wp-json\/wp\/v2\/media\/204137"}],"wp:attachment":[{"href":"https:\/\/integratek.es\/ca\/wp-json\/wp\/v2\/media?parent=204135"}],"wp:term":[{"taxonomy":"product_brand","embeddable":true,"href":"https:\/\/integratek.es\/ca\/wp-json\/wp\/v2\/product_brand?post=204135"},{"taxonomy":"product_cat","embeddable":true,"href":"https:\/\/integratek.es\/ca\/wp-json\/wp\/v2\/product_cat?post=204135"},{"taxonomy":"product_tag","embeddable":true,"href":"https:\/\/integratek.es\/ca\/wp-json\/wp\/v2\/product_tag?post=204135"}],"curies":[{"name":"wp","href":"https:\/\/api.w.org\/{rel}","templated":true}]}}