{"id":204132,"date":"2023-04-12T10:49:09","date_gmt":"2023-04-12T08:49:09","guid":{"rendered":"https:\/\/integratek.es\/tienda\/sense%20categoria\/gamificacio-i-creativitat-concepte-i-implementacio-en-contextos-educatius\/"},"modified":"2026-02-02T11:36:59","modified_gmt":"2026-02-02T10:36:59","slug":"gamificacio-i-creativitat-concepte-i-implementacio-en-contextos-educatius","status":"publish","type":"product","link":"https:\/\/integratek.es\/ca\/botiga\/cursos-online-ca\/educacio-i-escola\/gamificacio-i-creativitat-concepte-i-implementacio-en-contextos-educatius\/","title":{"rendered":"Gamificaci\u00f3 i creativitat: concepte i implementaci\u00f3 en contextos educatius"},"content":{"rendered":"<p><span style=\"font-weight: 400;\">La gamificaci\u00f3 \u00e9s el proc\u00e9s d&#8217;aplicar elements de joc, com ara desafiaments, recompenses i punts, a un entorn no l\u00fadic per tal de millorar-ne la motivaci\u00f3 i el rendiment. Els jocs tenen caracter\u00edstiques intr\u00ednseques que els fan atractius per a les persones, com ara la immersi\u00f3, la retroalimentaci\u00f3, l&#8217;estructura i la compet\u00e8ncia, i la gamificaci\u00f3 busca aprofitar aquestes caracter\u00edstiques per millorar la motivaci\u00f3 i el rendiment en un entorn no l\u00fadic. <\/span><\/p>\n<p><span style=\"font-weight: 400;\">Els objectius i les intencions de la gamificaci\u00f3 s\u00f3n molts;<\/span> <b>definir objectius d&#8217;aprenentatge espec\u00edfics i desafiadors,<\/b> <span style=\"font-weight: 400;\">que permetin als estudiants treballar en equip i desenvolupar habilitats com ara la resoluci\u00f3 de problemes, la presa de decisions i la creativitat;<\/span> <b>fomentar la motivaci\u00f3 i el comprom\u00eds<\/b> <span style=\"font-weight: 400;\">, crear jocs i desafiaments que fomentin la compet\u00e8ncia i que permetin als estudiants desenvolupar habilitats socials com la col\u00b7laboraci\u00f3 i el treball en equip i<\/span> <b>tenir la possibilitat davaluar el progr\u00e9s dels estudiants<\/b> <span style=\"font-weight: 400;\">de manera regular i proporcionar retroalimentaci\u00f3 positiva i constructiva, perqu\u00e8 puguin seguir avan\u00e7ant i millorant en les seves habilitats.<\/span><\/p>\n<p><span style=\"font-weight: 400;\">Al llarg d&#8217;aquests darrers anys hem viscut la incorporaci\u00f3 d&#8217;aquest, juntament amb moltes m\u00e9s estrat\u00e8gies, que ens permeten treballar la diversificaci\u00f3 i la individualitat dels aprenentatges des de diferents facetes, i en les diferents etapes. La implementaci\u00f3 de la gamificaci\u00f3 a l&#8217;aula pot variar segons l&#8217;objectiu i les necessitats espec\u00edfiques de cada situaci\u00f3. Intentarem veure algunes estrat\u00e8gies m\u00e9s comunes per comen\u00e7ar a implementar la gamificaci\u00f3 a la teva aula.  <\/span><\/p>\n","protected":false},"excerpt":{"rendered":"<p><span data-sheets-root=\"1\"><b>Incorpora la gamificaci\u00f3 i creativitat a l&#8217;aula per a un aprenentatge din\u00e0mic<\/b> .<\/span><\/p>\n<p>Descobreix com les t\u00e8cniques de gamificaci\u00f3 poden <b>augmentar la motivaci\u00f3 i el comprom\u00eds a l&#8217;aula<\/b> mentre fomentes la creativitat dels estudiants. Aprendr\u00e0s a dissenyar activitats que converteixin l&#8217;aprenentatge en una experi\u00e8ncia l\u00fadica i enriquidora, promovent el <b>benestar i la participaci\u00f3 activa de cada alumne<\/b> . <\/p>\n<p>Amb aquesta metodologia, adaptar\u00e0s les teves classes a les <b>necessitats dels grups<\/b> , creant un entorn educatiu m\u00e9s din\u00e0mic i efica\u00e7.<\/p>\n","protected":false},"featured_media":204133,"comment_status":"open","ping_status":"closed","template":"","meta":{"_acf_changed":false,"footnotes":""},"product_brand":[],"product_cat":[743,742],"product_tag":[852,460,831,435,799],"class_list":{"0":"post-204132","1":"product","2":"type-product","3":"status-publish","4":"has-post-thumbnail","6":"product_cat-cursos-online-ca","7":"product_cat-educacio-i-escola","8":"product_tag-conflicte","9":"product_tag-emociones-ca","10":"product_tag-intervencio","11":"product_tag-neurociencia-ca","12":"product_tag-neuroeducacio","14":"first","15":"instock","16":"sale","17":"sold-individually","18":"taxable","19":"shipping-taxable","20":"purchasable","21":"product-type-variable"},"bundled_by":[],"bundle_stock_status":"instock","bundle_stock_quantity":null,"bundle_virtual":false,"bundle_layout":"","bundle_add_to_cart_form_location":"","bundle_editable_in_cart":false,"bundle_sold_individually_context":"","bundle_item_grouping":"","bundle_min_size":"","bundle_max_size":"","bundle_price":[],"bundled_items":[],"bundle_sell_ids":[],"acf":[],"_links":{"self":[{"href":"https:\/\/integratek.es\/ca\/wp-json\/wp\/v2\/product\/204132","targetHints":{"allow":["GET"]}}],"collection":[{"href":"https:\/\/integratek.es\/ca\/wp-json\/wp\/v2\/product"}],"about":[{"href":"https:\/\/integratek.es\/ca\/wp-json\/wp\/v2\/types\/product"}],"replies":[{"embeddable":true,"href":"https:\/\/integratek.es\/ca\/wp-json\/wp\/v2\/comments?post=204132"}],"version-history":[{"count":2,"href":"https:\/\/integratek.es\/ca\/wp-json\/wp\/v2\/product\/204132\/revisions"}],"predecessor-version":[{"id":207923,"href":"https:\/\/integratek.es\/ca\/wp-json\/wp\/v2\/product\/204132\/revisions\/207923"}],"wp:featuredmedia":[{"embeddable":true,"href":"https:\/\/integratek.es\/ca\/wp-json\/wp\/v2\/media\/204133"}],"wp:attachment":[{"href":"https:\/\/integratek.es\/ca\/wp-json\/wp\/v2\/media?parent=204132"}],"wp:term":[{"taxonomy":"product_brand","embeddable":true,"href":"https:\/\/integratek.es\/ca\/wp-json\/wp\/v2\/product_brand?post=204132"},{"taxonomy":"product_cat","embeddable":true,"href":"https:\/\/integratek.es\/ca\/wp-json\/wp\/v2\/product_cat?post=204132"},{"taxonomy":"product_tag","embeddable":true,"href":"https:\/\/integratek.es\/ca\/wp-json\/wp\/v2\/product_tag?post=204132"}],"curies":[{"name":"wp","href":"https:\/\/api.w.org\/{rel}","templated":true}]}}