{"id":204123,"date":"2023-02-24T09:19:58","date_gmt":"2023-02-24T08:19:58","guid":{"rendered":"https:\/\/integratek.es\/tienda\/sense%20categoria\/del-conflicte-a-la-situacio-daprenentatge-resolucio-i-mediacio-amb-mirada-neuroeducativa\/"},"modified":"2026-02-02T11:36:29","modified_gmt":"2026-02-02T10:36:29","slug":"del-conflicte-a-la-situacio-daprenentatge-resolucio-i-mediacio-amb-mirada-neuroeducativa","status":"publish","type":"product","link":"https:\/\/integratek.es\/ca\/botiga\/cursos-online-ca\/intervencio-emocional-i-de-conducta\/del-conflicte-a-la-situacio-daprenentatge-resolucio-i-mediacio-amb-mirada-neuroeducativa\/","title":{"rendered":"Del conflicte a la situaci\u00f3 d&#8217;aprenentatge: resoluci\u00f3 i mediaci\u00f3 amb mirada neuroeducativa"},"content":{"rendered":"<p><span style=\"font-weight: 400;\">El conflicte apareix de forma quotidiana en situacions en qu\u00e8 les persones ens relacionem. Segur que has sentit aquesta frase tan escoltada \u201cel conflicte \u00e9s una oportunitat per cr\u00e9ixer\u201d. <\/span><\/p>\n<p><span style=\"font-weight: 400;\">S\u00ed, \u00e9s cert que el conflicte es transforma, treballant-hi, en una oportunitat per aprendre. La mat\u00e8ria primera del conflicte \u00e9s emocional, la gesti\u00f3 \u00e9s executiva. Ja sigui a nivell educatiu, personal o p\u00fablic, entre adults o menors, tots els conflictes funcionen igual i es transformen recorrent a l&#8217;educaci\u00f3 emocional, a les t\u00e8cniques de gesti\u00f3 de conflictes ia la col\u00b7laboraci\u00f3.  <\/span><\/p>\n<p><span style=\"font-weight: 400;\">El curs &#8220;El repte de transformar el conflicte en una situaci\u00f3 d&#8217;aprenentatge&#8221; t\u00e9 com a objectiu principal ajudar a comprendre com gestionar de manera efectiva el conflicte en diferents contextos i aprofitar-lo com una oportunitat per aprendre i cr\u00e9ixer.<\/span><\/p>\n<p><span style=\"font-weight: 400;\">Reflexionarem sobre una s\u00e8rie d&#8217;eines i estrat\u00e8gies per abordar el conflicte de manera constructiva, incloent-hi t\u00e8cniques de comunicaci\u00f3 i resoluci\u00f3 de problemes. Tamb\u00e9 es promour\u00e0 la col\u00b7laboraci\u00f3 i el treball en equip, mitjan\u00e7ant la promoci\u00f3 d&#8217;una cultura de di\u00e0leg i respecte mutu. <\/span><\/p>\n","protected":false},"excerpt":{"rendered":"<p><span data-sheets-root=\"1\"><b>Transforma els conflictes a l&#8217;aula en oportunitats d&#8217;aprenentatge<\/b> .<\/p>\n<p>Apr\u00e8n a utilitzar t\u00e8cniques de resoluci\u00f3 i mediaci\u00f3 de conflictes per crear un <b>clima de conviv\u00e8ncia positiva a l&#8217;entorn educatiu<\/b>. Aquest curs t&#8217;ajudar\u00e0 a gestionar situacions dif\u00edcils i convertir-les en oportunitats per al creixement emocional i social dels estudiants. <\/p>\n<p>Desenvolupar\u00e0s habilitats per <b>guiar els alumnes en la comunicaci\u00f3 efectiva<\/b> i la construcci\u00f3 de relacions saludables, fomentant un ambient inclusiu i col\u00b7laboratiu.<br \/>\n<\/span><\/p>\n","protected":false},"featured_media":204124,"comment_status":"open","ping_status":"closed","template":"","meta":{"_acf_changed":false,"footnotes":""},"product_brand":[],"product_cat":[743,744],"product_tag":[852,460,831,435,799],"class_list":{"0":"post-204123","1":"product","2":"type-product","3":"status-publish","4":"has-post-thumbnail","6":"product_cat-cursos-online-ca","7":"product_cat-intervencio-emocional-i-de-conducta","8":"product_tag-conflicte","9":"product_tag-emociones-ca","10":"product_tag-intervencio","11":"product_tag-neurociencia-ca","12":"product_tag-neuroeducacio","14":"first","15":"instock","16":"sale","17":"sold-individually","18":"taxable","19":"shipping-taxable","20":"purchasable","21":"product-type-variable"},"bundled_by":[],"bundle_stock_status":"instock","bundle_stock_quantity":null,"bundle_virtual":false,"bundle_layout":"","bundle_add_to_cart_form_location":"","bundle_editable_in_cart":false,"bundle_sold_individually_context":"","bundle_item_grouping":"","bundle_min_size":"","bundle_max_size":"","bundle_price":[],"bundled_items":[],"bundle_sell_ids":[],"acf":[],"_links":{"self":[{"href":"https:\/\/integratek.es\/ca\/wp-json\/wp\/v2\/product\/204123","targetHints":{"allow":["GET"]}}],"collection":[{"href":"https:\/\/integratek.es\/ca\/wp-json\/wp\/v2\/product"}],"about":[{"href":"https:\/\/integratek.es\/ca\/wp-json\/wp\/v2\/types\/product"}],"replies":[{"embeddable":true,"href":"https:\/\/integratek.es\/ca\/wp-json\/wp\/v2\/comments?post=204123"}],"version-history":[{"count":1,"href":"https:\/\/integratek.es\/ca\/wp-json\/wp\/v2\/product\/204123\/revisions"}],"predecessor-version":[{"id":205339,"href":"https:\/\/integratek.es\/ca\/wp-json\/wp\/v2\/product\/204123\/revisions\/205339"}],"wp:featuredmedia":[{"embeddable":true,"href":"https:\/\/integratek.es\/ca\/wp-json\/wp\/v2\/media\/204124"}],"wp:attachment":[{"href":"https:\/\/integratek.es\/ca\/wp-json\/wp\/v2\/media?parent=204123"}],"wp:term":[{"taxonomy":"product_brand","embeddable":true,"href":"https:\/\/integratek.es\/ca\/wp-json\/wp\/v2\/product_brand?post=204123"},{"taxonomy":"product_cat","embeddable":true,"href":"https:\/\/integratek.es\/ca\/wp-json\/wp\/v2\/product_cat?post=204123"},{"taxonomy":"product_tag","embeddable":true,"href":"https:\/\/integratek.es\/ca\/wp-json\/wp\/v2\/product_tag?post=204123"}],"curies":[{"name":"wp","href":"https:\/\/api.w.org\/{rel}","templated":true}]}}