{"id":204117,"date":"2023-05-17T16:59:39","date_gmt":"2023-05-17T14:59:39","guid":{"rendered":"https:\/\/integratek.es\/tienda\/sense categoria\/la-independencia-a-traves-de-la-metodologia-montessori-a-la-primera-infancia-0-3\/"},"modified":"2026-03-30T09:35:34","modified_gmt":"2026-03-30T07:35:34","slug":"la-independencia-a-traves-de-la-metodologia-montessori-a-la-primera-infancia-0-3","status":"publish","type":"product","link":"https:\/\/integratek.es\/ca\/botiga\/cursos-online-ca\/educacio-i-escola\/la-independencia-a-traves-de-la-metodologia-montessori-a-la-primera-infancia-0-3\/","title":{"rendered":"La independ\u00e8ncia a trav\u00e9s de la metodologia Montessori a la primera inf\u00e0ncia (0-3)"},"content":{"rendered":"<p><span style=\"font-weight: 400;\">La metodologia Montessori \u00e9s una filosofia educativa que es basa en el respecte pel nen i el desenvolupament natural. Mitjan\u00e7ant un ambient preparat i materials sensorials, els nens s\u00f3n animats a explorar, experimentar i aprendre al seu ritme. <\/span><\/p>\n<p><span style=\"font-weight: 400;\">En aquest curs explorarem com els principis de la metodologia Montessori poden ser adaptats a la primera inf\u00e0ncia, centrant-nos en la import\u00e0ncia de l&#8217;autonomia i el desenvolupament d&#8217;habilitats pr\u00e0ctiques. Aprendrem sobre la creaci\u00f3 d&#8217;un ambient segur i estimulant, l&#8217;\u00fas de materials Montessori i l&#8217;aplicaci\u00f3 de t\u00e8cniques i estrat\u00e8gies que fomentin la independ\u00e8ncia i la confian\u00e7a en nens petits. <\/span><\/p>\n<p><span style=\"font-weight: 400;\">Est\u00e0 dissenyat per a pares, cuidadors i educadors interessats a con\u00e8ixer com la metodologia Montessori pot ser aplicada per promoure l&#8217;autonomia i el desenvolupament infantil en nens d&#8217;entre 0 i 3 anys.<\/span><\/p>\n","protected":false},"excerpt":{"rendered":"<p><span data-sheets-root=\"1\"><b>Fomenta la independ\u00e8ncia en la primera inf\u00e0ncia amb la metodologia Montessori<\/b> .<\/p>\n<p>Aquest curs et proporcionar\u00e0 les eines necess\u00e0ries per aplicar els <b>principis de la metodologia Montessori en nens de 0 a 3 anys<\/b> . Aprendr\u00e0s a crear entorns que promoguin l&#8217;autonomia i el desenvolupament integral, <b>respectant el ritme natural de cada nen i nena<\/b> . <\/p>\n<p>A m\u00e9s, coneixer\u00e0s activitats i estrat\u00e8gies pr\u00e0ctiques per potenciar la independ\u00e8ncia, l&#8217;autocura i la confian\u00e7a en els primers anys de vida, <b>afavorint el seu benestar emocional i cognitiu<\/b> .<br \/>\n<\/span><\/p>\n","protected":false},"featured_media":204120,"comment_status":"open","ping_status":"closed","template":"","meta":{"_acf_changed":false,"footnotes":""},"product_brand":[],"product_cat":[743,742],"product_tag":[766,851,837,850],"class_list":{"0":"post-204117","1":"product","2":"type-product","3":"status-publish","4":"has-post-thumbnail","6":"product_cat-cursos-online-ca","7":"product_cat-educacio-i-escola","8":"product_tag-educacio","9":"product_tag-infancia-ca","10":"product_tag-infantil-ca","11":"product_tag-montessori-ca","13":"first","14":"instock","15":"sale","16":"sold-individually","17":"taxable","18":"shipping-taxable","19":"purchasable","20":"product-type-variable"},"bundled_by":[],"bundle_stock_status":"instock","bundle_stock_quantity":null,"bundle_virtual":false,"bundle_layout":"","bundle_add_to_cart_form_location":"","bundle_editable_in_cart":false,"bundle_sold_individually_context":"","bundle_item_grouping":"","bundle_min_size":"","bundle_max_size":"","bundle_price":[],"bundled_items":[],"bundle_sell_ids":[],"acf":[],"_links":{"self":[{"href":"https:\/\/integratek.es\/ca\/wp-json\/wp\/v2\/product\/204117","targetHints":{"allow":["GET"]}}],"collection":[{"href":"https:\/\/integratek.es\/ca\/wp-json\/wp\/v2\/product"}],"about":[{"href":"https:\/\/integratek.es\/ca\/wp-json\/wp\/v2\/types\/product"}],"replies":[{"embeddable":true,"href":"https:\/\/integratek.es\/ca\/wp-json\/wp\/v2\/comments?post=204117"}],"version-history":[{"count":1,"href":"https:\/\/integratek.es\/ca\/wp-json\/wp\/v2\/product\/204117\/revisions"}],"predecessor-version":[{"id":209937,"href":"https:\/\/integratek.es\/ca\/wp-json\/wp\/v2\/product\/204117\/revisions\/209937"}],"wp:featuredmedia":[{"embeddable":true,"href":"https:\/\/integratek.es\/ca\/wp-json\/wp\/v2\/media\/204120"}],"wp:attachment":[{"href":"https:\/\/integratek.es\/ca\/wp-json\/wp\/v2\/media?parent=204117"}],"wp:term":[{"taxonomy":"product_brand","embeddable":true,"href":"https:\/\/integratek.es\/ca\/wp-json\/wp\/v2\/product_brand?post=204117"},{"taxonomy":"product_cat","embeddable":true,"href":"https:\/\/integratek.es\/ca\/wp-json\/wp\/v2\/product_cat?post=204117"},{"taxonomy":"product_tag","embeddable":true,"href":"https:\/\/integratek.es\/ca\/wp-json\/wp\/v2\/product_tag?post=204117"}],"curies":[{"name":"wp","href":"https:\/\/api.w.org\/{rel}","templated":true}]}}