{"id":204075,"date":"2024-01-17T10:48:45","date_gmt":"2024-01-17T09:48:45","guid":{"rendered":"https:\/\/integratek.es\/tienda\/sense%20categoria\/guia-per-a-families-i-docents-de-nens-amb-trastorns-de-laprenentatge-i-la-conducta\/"},"modified":"2026-02-02T11:40:09","modified_gmt":"2026-02-02T10:40:09","slug":"guia-per-a-families-i-docents-de-nens-amb-trastorns-de-laprenentatge-i-la-conducta","status":"publish","type":"product","link":"https:\/\/integratek.es\/ca\/botiga\/cursos-online-ca\/atencio-a-la-diversitat\/guia-per-a-families-i-docents-de-nens-amb-trastorns-de-laprenentatge-i-la-conducta\/","title":{"rendered":"Guia per a fam\u00edlies i docents de nens amb trastorns de l&#8217;aprenentatge i la conducta"},"content":{"rendered":"<p><span style=\"font-weight: 400;\">Quan un nen o adolescent rep un diagn\u00f2stic d&#8217;un trastorn de l&#8217;aprenentatge, pot ser una experi\u00e8ncia estressant i desafiant tant per al nen com per a la seva fam\u00edlia. Les fam\u00edlies sovint se senten desbordades i no saben qu\u00e8 fer per donar suport al seu fill o filla.<br \/>\n<\/span><\/p>\n<p><span style=\"font-weight: 400;\">\u00c9s important recordar que la fam\u00edlia \u00e9s un factor clau en l&#8217;\u00e8xit del tractament de les discapacitats d&#8217;aprenentatge. La participaci\u00f3 i la comprensi\u00f3 actives de la fam\u00edlia s\u00f3n essencials per al benestar emocional i acad\u00e8mic. Les fam\u00edlies han d&#8217;estar informades i participar activament en la presa de decisions pel que fa al tractament i el suport. A m\u00e9s, la intervenci\u00f3 primerenca i l&#8217;estreta col\u00b7laboraci\u00f3 entre la fam\u00edlia i els professionals sanitaris s\u00f3n crucials per millorar la qualitat de vida d&#8217;un infant i la seva capacitat per afrontar els seus reptes. Les fam\u00edlies poden proporcionar informaci\u00f3 important sobre el comportament, les habilitats i el rendiment que ajudar\u00e0 els professionals a comprendre millor les dificultats.    <\/span><\/p>\n<p><span style=\"font-weight: 400;\">Aquest curs ofereix pautes i eines per donar suport a les fam\u00edlies i als professors en la gesti\u00f3 dels trastorns d&#8217;aprenentatge i de comportament, amb l&#8217;objectiu de millorar el benestar i l&#8217;\u00e8xit acad\u00e8mic dels infants. El curs proporciona els coneixements pr\u00e0ctics i les habilitats necess\u00e0ries per comprendre i donar suport als infants, desenvolupar estrat\u00e8gies efectives i treballar en col\u00b7laboraci\u00f3 per aconseguir un enfocament integral i efica\u00e7 per a la gesti\u00f3 d&#8217;aquests trastorns.<br \/>\n<\/span><\/p>\n","protected":false},"excerpt":{"rendered":"<p><span data-sheets-root=\"1\">Aquest curs et proporcionar\u00e0 eines i estrat\u00e8gies pr\u00e0ctiques per <b>comprendre i acompanyar nens amb trastorns de l&#8217;aprenentatge i la conducta<\/b> , tant a l&#8217;entorn familiar com a l&#8217;educatiu. Aprendr\u00e0s a identificar <b>senyals primerencs<\/b> , adaptar els m\u00e8todes d&#8217;ensenyament i desenvolupar <b>plans d&#8217;intervenci\u00f3 efica\u00e7os<\/b> que promoguin el benestar i la millor de l&#8217;aprenentatge. <\/p>\n<p>En acabar, estar\u00e0s millor preparat per col\u00b7laborar amb altres professionals, acompanyar els desafiaments del teu alumnat i <b>crear un entorn inclusiu i comprensiu<\/b> que n&#8217;afavoreixi el desenvolupament.<\/span><\/p>\n<p><strong> <\/strong><\/p>\n","protected":false},"featured_media":204076,"comment_status":"open","ping_status":"closed","template":"","meta":{"_acf_changed":false,"footnotes":""},"product_brand":[],"product_cat":[741,743],"product_tag":[801,767,846,804,766,847,475],"class_list":{"0":"post-204075","1":"product","2":"type-product","3":"status-publish","4":"has-post-thumbnail","6":"product_cat-atencio-a-la-diversitat","7":"product_cat-cursos-online-ca","8":"product_tag-aprenentatge","9":"product_tag-atencio-a-la-diversitat-ca","10":"product_tag-dificultats","11":"product_tag-docent","12":"product_tag-educacio","13":"product_tag-familia-ca","14":"product_tag-trastornos-del-aprendizaje-ca","16":"first","17":"instock","18":"sale","19":"sold-individually","20":"taxable","21":"shipping-taxable","22":"purchasable","23":"product-type-variable"},"bundled_by":[],"bundle_stock_status":"instock","bundle_stock_quantity":null,"bundle_virtual":false,"bundle_layout":"","bundle_add_to_cart_form_location":"","bundle_editable_in_cart":false,"bundle_sold_individually_context":"","bundle_item_grouping":"","bundle_min_size":"","bundle_max_size":"","bundle_price":[],"bundled_items":[],"bundle_sell_ids":[],"acf":[],"_links":{"self":[{"href":"https:\/\/integratek.es\/ca\/wp-json\/wp\/v2\/product\/204075","targetHints":{"allow":["GET"]}}],"collection":[{"href":"https:\/\/integratek.es\/ca\/wp-json\/wp\/v2\/product"}],"about":[{"href":"https:\/\/integratek.es\/ca\/wp-json\/wp\/v2\/types\/product"}],"replies":[{"embeddable":true,"href":"https:\/\/integratek.es\/ca\/wp-json\/wp\/v2\/comments?post=204075"}],"version-history":[{"count":2,"href":"https:\/\/integratek.es\/ca\/wp-json\/wp\/v2\/product\/204075\/revisions"}],"predecessor-version":[{"id":208608,"href":"https:\/\/integratek.es\/ca\/wp-json\/wp\/v2\/product\/204075\/revisions\/208608"}],"wp:featuredmedia":[{"embeddable":true,"href":"https:\/\/integratek.es\/ca\/wp-json\/wp\/v2\/media\/204076"}],"wp:attachment":[{"href":"https:\/\/integratek.es\/ca\/wp-json\/wp\/v2\/media?parent=204075"}],"wp:term":[{"taxonomy":"product_brand","embeddable":true,"href":"https:\/\/integratek.es\/ca\/wp-json\/wp\/v2\/product_brand?post=204075"},{"taxonomy":"product_cat","embeddable":true,"href":"https:\/\/integratek.es\/ca\/wp-json\/wp\/v2\/product_cat?post=204075"},{"taxonomy":"product_tag","embeddable":true,"href":"https:\/\/integratek.es\/ca\/wp-json\/wp\/v2\/product_tag?post=204075"}],"curies":[{"name":"wp","href":"https:\/\/api.w.org\/{rel}","templated":true}]}}