{"id":204068,"date":"2023-11-21T17:12:26","date_gmt":"2023-11-21T16:12:26","guid":{"rendered":"https:\/\/integratek.es\/tienda\/sense%20categoria\/intervencio-a-tea-a-traves-de-casos-practics\/"},"modified":"2026-02-02T11:26:40","modified_gmt":"2026-02-02T10:26:40","slug":"intervencio-a-tea-a-traves-de-casos-practics","status":"publish","type":"product","link":"https:\/\/integratek.es\/ca\/botiga\/cursos-online-ca\/atencio-a-la-diversitat\/intervencio-a-tea-a-traves-de-casos-practics\/","title":{"rendered":"Intervenci\u00f3 a TEA a trav\u00e9s de casos pr\u00e0ctics"},"content":{"rendered":"<p><span style=\"font-weight: 400;\">El TEA \u00e9s un trastorn del desenvolupament neurol\u00f2gic que afecta individus de totes les edats, i la seva manifestaci\u00f3 pot variar significativament entre una persona i una altra. Tot i aix\u00f2, el que tots tenen en com\u00fa \u00e9s la necessitat d&#8217;una intervenci\u00f3 especialitzada, adequada a les seves caracter\u00edstiques individuals i contextuals. <\/span><\/p>\n<p><span style=\"font-weight: 400;\">Aquest curs no nom\u00e9s t\u00e9 com a objectiu dotar els participants de coneixements te\u00f2rics s\u00f2lids, sin\u00f3 que s&#8217;enfoca a la pr\u00e0ctica a trav\u00e9s de l&#8217;an\u00e0lisi de casos reals. A cada m\u00f2dul, es presentaran situacions pr\u00e0ctiques que ens ajudaran a entendre ia aplicar les diferents t\u00e8cniques i estrat\u00e8gies d&#8217;intervenci\u00f3, basades en les millors evid\u00e8ncies i pr\u00e0ctiques actuals. <\/span><span style=\"font-weight: 400;\">  S&#8217;abordaran des d&#8217;intervencions en el context familiar, on es ressaltar\u00e0 la import\u00e0ncia de la individualitzaci\u00f3 del tractament, fins a la intervenci\u00f3 a l&#8217;escola i en contextos cl\u00ednics, segmentats per grups d&#8217;edat. Tot aix\u00f2 per oferir una mirada el m\u00e9s completa i aplicada possible. <\/span><\/p>\n<p><span style=\"font-weight: 400;\">Addicionalment, al llarg del curs, es promour\u00e0 la comunicaci\u00f3 i el treball en equip, habilitats essencials per treballar de la m\u00e0 amb fam\u00edlies, docents i altres professionals a l&#8217;\u00e0mbit del TEA. En acabar aquest curs, no nom\u00e9s haur\u00e0s enriquit els teus coneixements en la mat\u00e8ria, sin\u00f3 que estar\u00e0s capacitat per dissenyar, implementar i adaptar plans d&#8217;intervenci\u00f3 espec\u00edfics per a cada individu amb TEA, en funci\u00f3 de la seva edat, context i necessitats. <\/span><\/p>\n","protected":false},"excerpt":{"rendered":"<p><span data-sheets-root=\"1\"><b>Apr\u00e8n a intervenir en casos de TEA a trav\u00e9s d&#8217;exemples pr\u00e0ctics i estrat\u00e8gies inclusives<\/b> .<\/span><\/p>\n<p>Aquest curs et proporcionar\u00e0 eines pr\u00e0ctiques per acompanyar alumnat TEA, basades en un <b>enfocament respectu\u00f3s i neurodivergent<\/b> . A trav\u00e9s de l&#8217;an\u00e0lisi de casos reals, aprendr\u00e0s a adaptar l&#8217;entorn educatiu ia desenvolupar estrat\u00e8gies que afavoreixin el <b>benestar emocional i social dels estudiants a l&#8217;aula<\/b> centrant l&#8217;atenci\u00f3 en les necessitats individuals, promovent un entorn d&#8217;aprenentatge on cadasc\u00fa se senti valorat i compr\u00e8s. <\/p>\n<p><strong> <\/strong><\/p>\n","protected":false},"featured_media":204069,"comment_status":"open","ping_status":"closed","template":"","meta":{"_acf_changed":false,"footnotes":""},"product_brand":[],"product_cat":[741,743],"product_tag":[801,767,812,846,766,837,811,836,475],"class_list":{"0":"post-204068","1":"product","2":"type-product","3":"status-publish","4":"has-post-thumbnail","6":"product_cat-atencio-a-la-diversitat","7":"product_cat-cursos-online-ca","8":"product_tag-aprenentatge","9":"product_tag-atencio-a-la-diversitat-ca","10":"product_tag-autisme","11":"product_tag-dificultats","12":"product_tag-educacio","13":"product_tag-infantil-ca","14":"product_tag-tea-ca","15":"product_tag-trastorn-de-lespectre-de-lautisme","16":"product_tag-trastornos-del-aprendizaje-ca","18":"first","19":"instock","20":"sale","21":"sold-individually","22":"taxable","23":"shipping-taxable","24":"purchasable","25":"product-type-variable"},"bundled_by":[],"bundle_stock_status":"instock","bundle_stock_quantity":null,"bundle_virtual":false,"bundle_layout":"","bundle_add_to_cart_form_location":"","bundle_editable_in_cart":false,"bundle_sold_individually_context":"","bundle_item_grouping":"","bundle_min_size":"","bundle_max_size":"","bundle_price":[],"bundled_items":[],"bundle_sell_ids":[],"acf":[],"_links":{"self":[{"href":"https:\/\/integratek.es\/ca\/wp-json\/wp\/v2\/product\/204068","targetHints":{"allow":["GET"]}}],"collection":[{"href":"https:\/\/integratek.es\/ca\/wp-json\/wp\/v2\/product"}],"about":[{"href":"https:\/\/integratek.es\/ca\/wp-json\/wp\/v2\/types\/product"}],"replies":[{"embeddable":true,"href":"https:\/\/integratek.es\/ca\/wp-json\/wp\/v2\/comments?post=204068"}],"version-history":[{"count":1,"href":"https:\/\/integratek.es\/ca\/wp-json\/wp\/v2\/product\/204068\/revisions"}],"predecessor-version":[{"id":208183,"href":"https:\/\/integratek.es\/ca\/wp-json\/wp\/v2\/product\/204068\/revisions\/208183"}],"wp:featuredmedia":[{"embeddable":true,"href":"https:\/\/integratek.es\/ca\/wp-json\/wp\/v2\/media\/204069"}],"wp:attachment":[{"href":"https:\/\/integratek.es\/ca\/wp-json\/wp\/v2\/media?parent=204068"}],"wp:term":[{"taxonomy":"product_brand","embeddable":true,"href":"https:\/\/integratek.es\/ca\/wp-json\/wp\/v2\/product_brand?post=204068"},{"taxonomy":"product_cat","embeddable":true,"href":"https:\/\/integratek.es\/ca\/wp-json\/wp\/v2\/product_cat?post=204068"},{"taxonomy":"product_tag","embeddable":true,"href":"https:\/\/integratek.es\/ca\/wp-json\/wp\/v2\/product_tag?post=204068"}],"curies":[{"name":"wp","href":"https:\/\/api.w.org\/{rel}","templated":true}]}}