{"id":204055,"date":"2024-03-21T15:49:50","date_gmt":"2024-03-21T14:49:50","guid":{"rendered":"https:\/\/integratek.es\/tienda\/sense%20categoria\/emocions-i-altes-capacitats-intellectuals\/"},"modified":"2026-02-02T11:34:06","modified_gmt":"2026-02-02T10:34:06","slug":"emocions-i-altes-capacitats-intellectuals","status":"publish","type":"product","link":"https:\/\/integratek.es\/ca\/botiga\/cursos-online-ca\/atencio-a-la-diversitat\/emocions-i-altes-capacitats-intellectuals\/","title":{"rendered":"Emocions i Altes Capacitats Intel\u00b7lectuals"},"content":{"rendered":"<p><span style=\"font-weight: 400;\">Has considerat mai com se sent un nen o nena amb altes capacitats que \u00e9s constantment incompr\u00e8s? O quin \u00e9s l&#8217;impacte emocional que experimenten les fam\u00edlies que viuen dia rere dia amb aquestes circumst\u00e0ncies? Les emocions a les AACC no s\u00f3n un tema menor; s\u00f3n, en realitat, una pe\u00e7a fonamental en el trencaclosques del benestar i el desenvolupament \u00f2ptim.  <\/span><\/p>\n<p><span style=\"font-weight: 400;\">En aquest curs, abordarem tem\u00e0tiques essencials com:<\/span> <b>Qu\u00e8 s\u00f3n les emocions a les AACC?<\/b><span style=\"font-weight: 400;\">  Una base per comprendre la profunditat i la complexitat de les experi\u00e8ncies emocionals en individus amb altes capacitats. E <\/span><b>l impacte emocional a les fam\u00edlies amb fills i filles amb AACC.<\/b><span style=\"font-weight: 400;\">  Perqu\u00e8 darrere de cada individu, hi ha una fam\u00edlia que viu, sent i enfronta reptes. Analitzarem les   <\/span><b>25 senyals que un nen i nena amb AACC \u00e9s incompr\u00e8s.<\/b><span style=\"font-weight: 400;\">  Una eina per identificar, comprendre i actuar. Aprendrem a manejar   <\/span><b>la frustraci\u00f3 en nens d&#8217;altes capacitats<\/b><span style=\"font-weight: 400;\">. Estrat\u00e8gies i t\u00e8cniques per ajudar aquests joves a gestionar un sentiment tan universal.  <\/span><b>L&#8217;efecte Pigmali\u00f3 en nens i nenes amb AACC<\/b><span style=\"font-weight: 400;\">. Com les expectatives poden influir en el rendiment i l&#8217;autoestima? I el   <\/span><b>BURNOUT a nens i adolescents d&#8217;altes capacitats.  <\/b><span style=\"font-weight: 400;\">Una mirada a l&#8217;esgotament i com prevenir-ho a aquesta poblaci\u00f3.<\/span><\/p>\n<p><span style=\"font-weight: 400;\">Us convidem a aprofundir en aquest viatge de coneixement, comprensi\u00f3 i habilitats. No nom\u00e9s descobrir\u00e0s eines per donar suport a les persones amb altes capacitats en el benestar emocional, sin\u00f3 que tamb\u00e9 et trobar\u00e0s m\u00e9s preparat per interactuar, ensenyar i guiar en un entorn que reconeix i valora la diversitat emocional. <\/span><\/p>\n<p><span style=\"font-weight: 400;\">Esperem que et sumis a aquest viatge, perqu\u00e8 cada nen, adolescent i fam\u00edlia amb altes capacitats mereix ser compr\u00e8s, recolzat i celebrat en totes les seves dimensions.<\/span><\/p>\n","protected":false},"excerpt":{"rendered":"<p><span data-sheets-root=\"1\"><b>Apr\u00e8n a donar suport al benestar emocional de les persones amb altes capacitats<\/b> .<\/p>\n<p>Descobrir\u00e0s eines pr\u00e0ctiques per <b>recon\u00e8ixer i gestionar la diversitat emocional<\/b> de les persones amb capacitats altes. Et preparar\u00e0s per interactuar de manera m\u00e9s efectiva en entorns educatius, comprenent millor les seves necessitats emocionals i com guiar-les per <b>potenciar-ne el desenvolupament<\/b> . <\/p>\n<p>En acabar, et sentir\u00e0s m\u00e9s preparat per ensenyar, acompanyar i fomentar una <b>educaci\u00f3 inclusiva que valori la diversitat emocional<\/b> .<\/span><\/p>\n","protected":false},"featured_media":204056,"comment_status":"open","ping_status":"closed","template":"","meta":{"_acf_changed":false,"footnotes":""},"product_brand":[],"product_cat":[741,743],"product_tag":[459,801,767,766,460],"class_list":{"0":"post-204055","1":"product","2":"type-product","3":"status-publish","4":"has-post-thumbnail","6":"product_cat-atencio-a-la-diversitat","7":"product_cat-cursos-online-ca","8":"product_tag-altes-capacitats","9":"product_tag-aprenentatge","10":"product_tag-atencio-a-la-diversitat-ca","11":"product_tag-educacio","12":"product_tag-emociones-ca","14":"first","15":"instock","16":"sale","17":"sold-individually","18":"taxable","19":"shipping-taxable","20":"purchasable","21":"product-type-variable"},"bundled_by":[],"bundle_stock_status":"instock","bundle_stock_quantity":null,"bundle_virtual":false,"bundle_layout":"","bundle_add_to_cart_form_location":"","bundle_editable_in_cart":false,"bundle_sold_individually_context":"","bundle_item_grouping":"","bundle_min_size":"","bundle_max_size":"","bundle_price":[],"bundled_items":[],"bundle_sell_ids":[],"acf":[],"_links":{"self":[{"href":"https:\/\/integratek.es\/ca\/wp-json\/wp\/v2\/product\/204055","targetHints":{"allow":["GET"]}}],"collection":[{"href":"https:\/\/integratek.es\/ca\/wp-json\/wp\/v2\/product"}],"about":[{"href":"https:\/\/integratek.es\/ca\/wp-json\/wp\/v2\/types\/product"}],"replies":[{"embeddable":true,"href":"https:\/\/integratek.es\/ca\/wp-json\/wp\/v2\/comments?post=204055"}],"version-history":[{"count":2,"href":"https:\/\/integratek.es\/ca\/wp-json\/wp\/v2\/product\/204055\/revisions"}],"predecessor-version":[{"id":208606,"href":"https:\/\/integratek.es\/ca\/wp-json\/wp\/v2\/product\/204055\/revisions\/208606"}],"wp:featuredmedia":[{"embeddable":true,"href":"https:\/\/integratek.es\/ca\/wp-json\/wp\/v2\/media\/204056"}],"wp:attachment":[{"href":"https:\/\/integratek.es\/ca\/wp-json\/wp\/v2\/media?parent=204055"}],"wp:term":[{"taxonomy":"product_brand","embeddable":true,"href":"https:\/\/integratek.es\/ca\/wp-json\/wp\/v2\/product_brand?post=204055"},{"taxonomy":"product_cat","embeddable":true,"href":"https:\/\/integratek.es\/ca\/wp-json\/wp\/v2\/product_cat?post=204055"},{"taxonomy":"product_tag","embeddable":true,"href":"https:\/\/integratek.es\/ca\/wp-json\/wp\/v2\/product_tag?post=204055"}],"curies":[{"name":"wp","href":"https:\/\/api.w.org\/{rel}","templated":true}]}}