{"id":204047,"date":"2024-02-19T12:50:02","date_gmt":"2024-02-19T11:50:02","guid":{"rendered":"https:\/\/integratek.es\/tienda\/sense%20categoria\/estrategies-educatives-per-millorar-laprenentatge-a-laula\/"},"modified":"2026-02-02T11:39:43","modified_gmt":"2026-02-02T10:39:43","slug":"estrategies-educatives-per-millorar-laprenentatge-a-laula","status":"publish","type":"product","link":"https:\/\/integratek.es\/ca\/botiga\/cursos-online-ca\/neurociencia-ca-2\/estrategies-educatives-per-millorar-laprenentatge-a-laula\/","title":{"rendered":"Estrat\u00e8gies educatives per millorar l&#8217;aprenentatge a l&#8217;aula"},"content":{"rendered":"<p>En un m\u00f3n en constant evoluci\u00f3, l&#8217;educaci\u00f3 t\u00e9 un paper fonamental en el desenvolupament de les habilitats i coneixements necessaris per a l&#8217;\u00e8xit a la vida. Tot i aix\u00f2, el proc\u00e9s d&#8217;ensenyament-aprenentatge no \u00e9s un cam\u00ed lineal i uniforme; est\u00e0 influenciat per una \u00e0mplia gamma de factors que van des de la mem\u00f2ria i l&#8217;estr\u00e8s fins a la tecnologia i la salut mental. L&#8217;educaci\u00f3 \u00e9s un proc\u00e9s complex que involucra diversos factors, entre els quals hi ha els estudiants, els docents, els continguts i el context. En els darrers anys, la investigaci\u00f3 cient\u00edfica ha aportat un gran coneixement sobre com millorar l&#8217;aprenentatge a l&#8217;aula.   <\/p>\n<p>Aquest curs es proposa oferir una visi\u00f3 actualitzada de les estrat\u00e8gies educatives basades en evid\u00e8ncia cient\u00edfica per millorar laprenentatge a laula. A mesura que avancem, descobrirem com la recerca en neuroci\u00e8ncia, psicologia i pedagogia ens proporciona eines valuoses per optimitzar l&#8217;experi\u00e8ncia educativa i promoure un aprenentatge efectiu i saludable, de la m\u00e0 d&#8217;un gran neurocient\u00edfic especialitzat en l&#8217;aplicaci\u00f3 de la neuroeducaci\u00f3 a l&#8217;aula.<\/p>\n<p>Tractarem temes com i intentarem respondre a q\u00fcestions com: Mem\u00f2ria i aprenentatge; Com funciona la mem\u00f2ria? Com podem millorar laprenentatge? L&#8217;efecte de la sorpresa com a promotor; Com la sorpresa ens pot ajudar a aprendre? Presa de decisions; Com podem ajudar els estudiants a prendre millors decisions? Somni i mem\u00f2ria; Com afecta el somni a l&#8217;aprenentatge? i Salut mental en entorns escolars; Com l&#8217;ansietat i la depressi\u00f3 afecten l&#8217;aprenentatge?, entre moltes altres q\u00fcestions.<\/p>\n<p>En acabar aquest curs, els participants estaran m\u00e9s ben preparats per aplicar estrat\u00e8gies educatives recolzades per la ci\u00e8ncia, contribuint aix\u00ed a l&#8217;\u00e8xit acad\u00e8mic i benestar dels seus estudiants.<\/p>\n","protected":false},"excerpt":{"rendered":"<p><b>Optimitza l&#8217;aprenentatge a l&#8217;aula amb estrat\u00e8gies basades en la neuroci\u00e8ncia<\/b> .<\/p>\n<p>Aprendr\u00e0s com aplicar <b>principis de neuroci\u00e8ncia per millorar el proc\u00e9s d&#8217;aprenentatge<\/b> a l&#8217;aula. Descobrir\u00e0s estrat\u00e8gies pr\u00e0ctiques i basades en evid\u00e8ncia que et permetran entendre com funciona el cervell dels teus estudiants i com pots adaptar <b>els m\u00e8todes d&#8217;ensenyament<\/b> per maximitzar-ne el rendiment. <\/p>\n<p>En acabar, estar\u00e0s preparat per implementar canvis efectius que potenci\u00efn l&#8217; <b>atenci\u00f3, la mem\u00f2ria i la motivaci\u00f3 de l&#8217;alumnat<\/b> , aconseguint aix\u00ed un entorn educatiu m\u00e9s eficient i adaptat a les necessitats cognitives de cada estudiant.&#8221;<\/p>\n<p><strong> <\/strong><\/p>\n","protected":false},"featured_media":204049,"comment_status":"open","ping_status":"closed","template":"","meta":{"_acf_changed":false,"footnotes":""},"product_brand":[],"product_cat":[743,745],"product_tag":[801,804,766,809,435,799],"class_list":{"0":"post-204047","1":"product","2":"type-product","3":"status-publish","4":"has-post-thumbnail","6":"product_cat-cursos-online-ca","7":"product_cat-neurociencia-ca-2","8":"product_tag-aprenentatge","9":"product_tag-docent","10":"product_tag-educacio","11":"product_tag-estrategies","12":"product_tag-neurociencia-ca","13":"product_tag-neuroeducacio","15":"first","16":"instock","17":"sale","18":"sold-individually","19":"taxable","20":"shipping-taxable","21":"purchasable","22":"product-type-variable"},"bundled_by":[],"bundle_stock_status":"instock","bundle_stock_quantity":null,"bundle_virtual":false,"bundle_layout":"","bundle_add_to_cart_form_location":"","bundle_editable_in_cart":false,"bundle_sold_individually_context":"","bundle_item_grouping":"","bundle_min_size":"","bundle_max_size":"","bundle_price":[],"bundled_items":[],"bundle_sell_ids":[],"acf":[],"_links":{"self":[{"href":"https:\/\/integratek.es\/ca\/wp-json\/wp\/v2\/product\/204047","targetHints":{"allow":["GET"]}}],"collection":[{"href":"https:\/\/integratek.es\/ca\/wp-json\/wp\/v2\/product"}],"about":[{"href":"https:\/\/integratek.es\/ca\/wp-json\/wp\/v2\/types\/product"}],"replies":[{"embeddable":true,"href":"https:\/\/integratek.es\/ca\/wp-json\/wp\/v2\/comments?post=204047"}],"version-history":[{"count":4,"href":"https:\/\/integratek.es\/ca\/wp-json\/wp\/v2\/product\/204047\/revisions"}],"predecessor-version":[{"id":209936,"href":"https:\/\/integratek.es\/ca\/wp-json\/wp\/v2\/product\/204047\/revisions\/209936"}],"wp:featuredmedia":[{"embeddable":true,"href":"https:\/\/integratek.es\/ca\/wp-json\/wp\/v2\/media\/204049"}],"wp:attachment":[{"href":"https:\/\/integratek.es\/ca\/wp-json\/wp\/v2\/media?parent=204047"}],"wp:term":[{"taxonomy":"product_brand","embeddable":true,"href":"https:\/\/integratek.es\/ca\/wp-json\/wp\/v2\/product_brand?post=204047"},{"taxonomy":"product_cat","embeddable":true,"href":"https:\/\/integratek.es\/ca\/wp-json\/wp\/v2\/product_cat?post=204047"},{"taxonomy":"product_tag","embeddable":true,"href":"https:\/\/integratek.es\/ca\/wp-json\/wp\/v2\/product_tag?post=204047"}],"curies":[{"name":"wp","href":"https:\/\/api.w.org\/{rel}","templated":true}]}}