{"id":204040,"date":"2024-06-07T10:15:26","date_gmt":"2024-06-07T08:15:26","guid":{"rendered":"https:\/\/integratek.es\/tienda\/sense%20categoria\/pack-masterclass-tdah-tea-i-tecniques-per-a-habits-de-conducta\/"},"modified":"2025-09-04T12:51:27","modified_gmt":"2025-09-04T10:51:27","slug":"pack-masterclass-tdah-tea-i-tecniques-per-a-habits-de-conducta","status":"publish","type":"product","link":"https:\/\/integratek.es\/ca\/botiga\/masterclass-ca\/pack-masterclass-tdah-tea-i-tecniques-per-a-habits-de-conducta\/","title":{"rendered":"PACK MASTERCLASS: TDAH, TEA i t\u00e8cniques per a h\u00e0bits de conducta"},"content":{"rendered":"<div class=\"row align-middle\"  id=\"row-1724575795\">\n<p>Mai no saps quina formaci\u00f3 escollir perqu\u00e8 t&#8217;interessen diverses tem\u00e0tiques? Tenim la soluci\u00f3 per a tu!<\/p>\n<p>Hem preparat aquest PACK de MASTERCLASS de diferents temes a un preu redu\u00eft perqu\u00e8 puguis seguir aprenent a les \u00e0rees de:<\/p>\n<ul>\n<li><a href=\"https:\/\/integratek.es\/ca\/botiga\/masterclass-ca\/tdah-i-funcions-executives\/\" target=\"_blank\" rel=\"noopener\"><b><u>TDAH i Funcions executives<\/u><\/b><\/a> : Ens enfocarem a parlar de les afectacions que es presenten en les funcions executives de les persones que presenten TDAH, explicant que passa quan tenim alguna afectaci\u00f3 en aquestes funcions i com es presenten a la nostra vida quotidiana. Aix\u00ed, entenent el que els passa a aquests nens i nenes per poder generar estrat\u00e8gies per abordar i facilitar-los la vida a aquesta poblaci\u00f3, tenint-los en compte.<br \/>\n EXPERT | Jos\u00e9 Ram\u00f3n Gamo <\/li>\n<li><b><a href=\"https:\/\/integratek.es\/ca\/botiga\/masterclass-ca\/perfil-daprenentatge-de-nens-es-amb-tea\/\" target=\"_blank\" rel=\"noopener\"><u>Perfil d&#8217;aprenentatge de nens\/es amb TEA<\/u><\/a> :<\/b> Abordarem el perfil d&#8217;aprenentatge que presenten els nens\/es amb TEA i donarem resposta a aquells dubtes que tant se&#8217;ns plantegen.<br \/>\n EXPERTA | Anna Valenzuela<\/li>\n<li><b><a href=\"https:\/\/integratek.es\/ca\/botiga\/masterclass-ca\/tecniques-per-desenvolupar-habits-de-conducta-positius-autoinstruccions\/\" target=\"_blank\" rel=\"noopener\"><u>T\u00e8cniques per desenvolupar h\u00e0bits de conducta positius: Autoinstruccions<\/u><\/a><\/b> : Aprendrem sobre les t\u00e8cniques de les autoinstruccions com a eina efica\u00e7 per desenvolupar h\u00e0bits de conducta positius.<br \/>\n EXPERTA | Marta Gil i Asun Llerda<\/li>\n<\/ul>\n<p>Temporalitat: 2 hores i 16 minuts<\/p>\n<\/div>\n<div class=\"row align-middle\"  id=\"row-204478475\">\n\n\t<div id=\"col-786030959\" class=\"col small-12 large-12\"  >\n\t\t\t\t<div class=\"col-inner text-center\"  >\n\t\t\t\n\t\t\t\n<a href=\"https:\/\/integratek.es\/ca\/masterclass\/\" class=\"button primary is-outline\" >\n\t\t<span>M\u00e9s info<\/span>\n\t<\/a>\n\n\t\t<\/div>\n\t\t\t\t\t<\/div>\n\n\t\n<\/div>\n","protected":false},"excerpt":{"rendered":"<p><strong>Apr\u00e8n sobre diverses tem\u00e0tiques amb el PACK de Masterclass<\/strong> <b>al millor preu.<\/b> El pack inclou aquestes 3 masterclass:<\/p>\n","protected":false},"featured_media":207795,"comment_status":"closed","ping_status":"closed","template":"","meta":{"_acf_changed":false,"footnotes":""},"product_brand":[],"product_cat":[747],"product_tag":[801,767,812,813,841,222,811,475],"class_list":{"0":"post-204040","1":"product","2":"type-product","3":"status-publish","4":"has-post-thumbnail","6":"product_cat-masterclass-ca","7":"product_tag-aprenentatge","8":"product_tag-atencio-a-la-diversitat-ca","9":"product_tag-autisme","10":"product_tag-autoinstruccions","11":"product_tag-masterclass-ca","12":"product_tag-tdah-ca","13":"product_tag-tea-ca","14":"product_tag-trastornos-del-aprendizaje-ca","16":"first","17":"instock","18":"sale","19":"featured","20":"virtual","21":"taxable","22":"purchasable","23":"product-type-bundle"},"bundled_by":[],"bundle_stock_status":"instock","bundle_stock_quantity":"","bundle_virtual":false,"bundle_layout":"default","bundle_add_to_cart_form_location":"default","bundle_editable_in_cart":false,"bundle_sold_individually_context":"product","bundle_item_grouping":"parent","bundle_min_size":"","bundle_max_size":"","bundle_price":{"price":{"min":{"incl_tax":"39","excl_tax":"39"},"max":{"incl_tax":"39","excl_tax":"39"}},"regular_price":{"min":{"incl_tax":"54","excl_tax":"54"},"max":{"incl_tax":"54","excl_tax":"54"}}},"bundled_items":[{"bundled_item_id":129,"product_id":204031,"menu_order":0,"quantity_min":1,"quantity_max":1,"quantity_default":1,"priced_individually":false,"shipped_individually":true,"override_title":false,"title":"TDAH i funcions executives","override_description":true,"description":"","optional":false,"hide_thumbnail":false,"discount":"","override_variations":false,"allowed_variations":[""],"override_default_variation_attributes":false,"default_variation_attributes":[],"single_product_visibility":"visible","cart_visibility":"visible","order_visibility":"visible","single_product_price_visibility":"visible","cart_price_visibility":"visible","order_price_visibility":"visible","stock_status":"in_stock"},{"bundled_item_id":130,"product_id":204034,"menu_order":1,"quantity_min":1,"quantity_max":1,"quantity_default":1,"priced_individually":false,"shipped_individually":true,"override_title":false,"title":"Perfil d&#8217;aprenentatge de nens\/es TEA","override_description":true,"description":"","optional":false,"hide_thumbnail":false,"discount":"","override_variations":false,"allowed_variations":[""],"override_default_variation_attributes":false,"default_variation_attributes":[],"single_product_visibility":"visible","cart_visibility":"visible","order_visibility":"visible","single_product_price_visibility":"visible","cart_price_visibility":"visible","order_price_visibility":"visible","stock_status":"in_stock"},{"bundled_item_id":131,"product_id":204037,"menu_order":2,"quantity_min":1,"quantity_max":1,"quantity_default":1,"priced_individually":false,"shipped_individually":true,"override_title":false,"title":"T\u00e8cniques per desenvolupar h\u00e0bits de conducta positius: Autoinstruccions","override_description":true,"description":"","optional":false,"hide_thumbnail":false,"discount":"","override_variations":false,"allowed_variations":[""],"override_default_variation_attributes":false,"default_variation_attributes":[],"single_product_visibility":"visible","cart_visibility":"visible","order_visibility":"visible","single_product_price_visibility":"visible","cart_price_visibility":"visible","order_price_visibility":"visible","stock_status":"in_stock"}],"bundle_sell_ids":[],"acf":[],"_links":{"self":[{"href":"https:\/\/integratek.es\/ca\/wp-json\/wp\/v2\/product\/204040","targetHints":{"allow":["GET"]}}],"collection":[{"href":"https:\/\/integratek.es\/ca\/wp-json\/wp\/v2\/product"}],"about":[{"href":"https:\/\/integratek.es\/ca\/wp-json\/wp\/v2\/types\/product"}],"replies":[{"embeddable":true,"href":"https:\/\/integratek.es\/ca\/wp-json\/wp\/v2\/comments?post=204040"}],"version-history":[{"count":5,"href":"https:\/\/integratek.es\/ca\/wp-json\/wp\/v2\/product\/204040\/revisions"}],"predecessor-version":[{"id":207906,"href":"https:\/\/integratek.es\/ca\/wp-json\/wp\/v2\/product\/204040\/revisions\/207906"}],"wp:featuredmedia":[{"embeddable":true,"href":"https:\/\/integratek.es\/ca\/wp-json\/wp\/v2\/media\/207795"}],"wp:attachment":[{"href":"https:\/\/integratek.es\/ca\/wp-json\/wp\/v2\/media?parent=204040"}],"wp:term":[{"taxonomy":"product_brand","embeddable":true,"href":"https:\/\/integratek.es\/ca\/wp-json\/wp\/v2\/product_brand?post=204040"},{"taxonomy":"product_cat","embeddable":true,"href":"https:\/\/integratek.es\/ca\/wp-json\/wp\/v2\/product_cat?post=204040"},{"taxonomy":"product_tag","embeddable":true,"href":"https:\/\/integratek.es\/ca\/wp-json\/wp\/v2\/product_tag?post=204040"}],"curies":[{"name":"wp","href":"https:\/\/api.w.org\/{rel}","templated":true}]}}