{"id":204037,"date":"2024-06-06T09:42:33","date_gmt":"2024-06-06T07:42:33","guid":{"rendered":"https:\/\/integratek.es\/tienda\/sense%20categoria\/tecniques-per-desenvolupar-habits-de-conducta-positius-autoinstruccions\/"},"modified":"2025-09-04T13:00:49","modified_gmt":"2025-09-04T11:00:49","slug":"tecniques-per-desenvolupar-habits-de-conducta-positius-autoinstruccions","status":"publish","type":"product","link":"https:\/\/integratek.es\/ca\/botiga\/cursos-online-ca\/atencio-a-la-diversitat\/tecniques-per-desenvolupar-habits-de-conducta-positius-autoinstruccions\/","title":{"rendered":"T\u00e8cniques per desenvolupar h\u00e0bits de conducta positius: Autoinstruccions"},"content":{"rendered":"<p>Des de les primeres aplicacions de les autoinstruccions, que es van fer en nens hiperactius, s\u201fha posat de manifest l\u201fefic\u00e0cia d\u201faquesta t\u00e8cnica aplicada al tractament de nens impulsius, amb d\u00e8ficit atencional, amb manca d\u201fautocontrol, amb trastorns d\u201fansietat i amb dificultats d\u201faprenentatge en general.<\/p>\n<p>A l&#8217;\u00e0mbit educatiu tamb\u00e9 s&#8217;ha utilitzat amb \u00e8xit per introduir i automatitzar h\u00e0bits i procediments de treball no nom\u00e9s amb nens amb dificultats, sin\u00f3 amb tots els alumnes i de forma grupal.<\/p>\n<p>En aquest curs aprendr\u00e0s les t\u00e8cniques d&#8217;autoinstruccions com a eina efica\u00e7 per desenvolupar h\u00e0bits de conducta positius per als teus alumnes i tamb\u00e9 a l&#8217;entorn familiar.<\/p>\n","protected":false},"excerpt":{"rendered":"<p>MASTERCLASS | EXPERTES: Marta Gil i Asun Llerda<\/p>\n","protected":false},"featured_media":204038,"comment_status":"closed","ping_status":"closed","template":"","meta":{"_acf_changed":false,"footnotes":""},"product_brand":[],"product_cat":[741,747],"product_tag":[801,813,766,837,838,840,839,475],"class_list":{"0":"post-204037","1":"product","2":"type-product","3":"status-publish","4":"has-post-thumbnail","6":"product_cat-atencio-a-la-diversitat","7":"product_cat-masterclass-ca","8":"product_tag-aprenentatge","9":"product_tag-autoinstruccions","10":"product_tag-educacio","11":"product_tag-infantil-ca","12":"product_tag-primaria-ca","13":"product_tag-reeducacio","14":"product_tag-secundaria-ca","15":"product_tag-trastornos-del-aprendizaje-ca","17":"first","18":"instock","19":"sale","20":"virtual","21":"sold-individually","22":"taxable","23":"purchasable","24":"product-type-simple"},"bundled_by":["204040"],"bundle_stock_status":"instock","bundle_stock_quantity":null,"bundle_virtual":false,"bundle_layout":"","bundle_add_to_cart_form_location":"","bundle_editable_in_cart":false,"bundle_sold_individually_context":"","bundle_item_grouping":"","bundle_min_size":"","bundle_max_size":"","bundle_price":[],"bundled_items":[],"bundle_sell_ids":[],"acf":[],"_links":{"self":[{"href":"https:\/\/integratek.es\/ca\/wp-json\/wp\/v2\/product\/204037","targetHints":{"allow":["GET"]}}],"collection":[{"href":"https:\/\/integratek.es\/ca\/wp-json\/wp\/v2\/product"}],"about":[{"href":"https:\/\/integratek.es\/ca\/wp-json\/wp\/v2\/types\/product"}],"replies":[{"embeddable":true,"href":"https:\/\/integratek.es\/ca\/wp-json\/wp\/v2\/comments?post=204037"}],"version-history":[{"count":0,"href":"https:\/\/integratek.es\/ca\/wp-json\/wp\/v2\/product\/204037\/revisions"}],"wp:featuredmedia":[{"embeddable":true,"href":"https:\/\/integratek.es\/ca\/wp-json\/wp\/v2\/media\/204038"}],"wp:attachment":[{"href":"https:\/\/integratek.es\/ca\/wp-json\/wp\/v2\/media?parent=204037"}],"wp:term":[{"taxonomy":"product_brand","embeddable":true,"href":"https:\/\/integratek.es\/ca\/wp-json\/wp\/v2\/product_brand?post=204037"},{"taxonomy":"product_cat","embeddable":true,"href":"https:\/\/integratek.es\/ca\/wp-json\/wp\/v2\/product_cat?post=204037"},{"taxonomy":"product_tag","embeddable":true,"href":"https:\/\/integratek.es\/ca\/wp-json\/wp\/v2\/product_tag?post=204037"}],"curies":[{"name":"wp","href":"https:\/\/api.w.org\/{rel}","templated":true}]}}