{"id":204034,"date":"2024-06-05T16:58:24","date_gmt":"2024-06-05T14:58:24","guid":{"rendered":"https:\/\/integratek.es\/tienda\/sense%20categoria\/perfil-daprenentatge-de-nens-es-amb-tea\/"},"modified":"2025-09-04T12:48:21","modified_gmt":"2025-09-04T10:48:21","slug":"perfil-daprenentatge-de-nens-es-amb-tea","status":"publish","type":"product","link":"https:\/\/integratek.es\/ca\/botiga\/cursos-online-ca\/atencio-a-la-diversitat\/perfil-daprenentatge-de-nens-es-amb-tea\/","title":{"rendered":"Perfil d&#8217;aprenentatge de nens\/es TEA"},"content":{"rendered":"<p>&#8220;El meu fill a l&#8217;escola no apr\u00e8n, no vol anar-hi, tinc un alumne que es queda nom\u00e9s amb els detalls, tinc un alumne que sovint t\u00e9 conflictes al pati&#8221;. Aquestes s\u00f3n algunes de les frases que pares i mares diuen quan van a la consulta per parlar del Trastorn de l&#8217;Autisme que presenten els seus fills\/es, per qu\u00e8? <\/p>\n<p>En aquesta classe s&#8217;abordar\u00e0 el perfil d&#8217;aprenentatge que presenten els infants TEA i es respondran a les frases que es plantegen tantes vegades.<\/p>\n","protected":false},"excerpt":{"rendered":"<p>MASTERCLASS | EXPERTA: Anna Valenzuela<\/p>\n","protected":false},"featured_media":204035,"comment_status":"closed","ping_status":"closed","template":"","meta":{"_acf_changed":false,"footnotes":""},"product_brand":[],"product_cat":[741,747],"product_tag":[801,812,811,836,475],"class_list":{"0":"post-204034","1":"product","2":"type-product","3":"status-publish","4":"has-post-thumbnail","6":"product_cat-atencio-a-la-diversitat","7":"product_cat-masterclass-ca","8":"product_tag-aprenentatge","9":"product_tag-autisme","10":"product_tag-tea-ca","11":"product_tag-trastorn-de-lespectre-de-lautisme","12":"product_tag-trastornos-del-aprendizaje-ca","14":"first","15":"instock","16":"sale","17":"virtual","18":"sold-individually","19":"taxable","20":"purchasable","21":"product-type-simple"},"bundled_by":["204040"],"bundle_stock_status":"instock","bundle_stock_quantity":null,"bundle_virtual":false,"bundle_layout":"","bundle_add_to_cart_form_location":"","bundle_editable_in_cart":false,"bundle_sold_individually_context":"","bundle_item_grouping":"","bundle_min_size":"","bundle_max_size":"","bundle_price":[],"bundled_items":[],"bundle_sell_ids":[],"acf":[],"_links":{"self":[{"href":"https:\/\/integratek.es\/ca\/wp-json\/wp\/v2\/product\/204034","targetHints":{"allow":["GET"]}}],"collection":[{"href":"https:\/\/integratek.es\/ca\/wp-json\/wp\/v2\/product"}],"about":[{"href":"https:\/\/integratek.es\/ca\/wp-json\/wp\/v2\/types\/product"}],"replies":[{"embeddable":true,"href":"https:\/\/integratek.es\/ca\/wp-json\/wp\/v2\/comments?post=204034"}],"version-history":[{"count":0,"href":"https:\/\/integratek.es\/ca\/wp-json\/wp\/v2\/product\/204034\/revisions"}],"wp:featuredmedia":[{"embeddable":true,"href":"https:\/\/integratek.es\/ca\/wp-json\/wp\/v2\/media\/204035"}],"wp:attachment":[{"href":"https:\/\/integratek.es\/ca\/wp-json\/wp\/v2\/media?parent=204034"}],"wp:term":[{"taxonomy":"product_brand","embeddable":true,"href":"https:\/\/integratek.es\/ca\/wp-json\/wp\/v2\/product_brand?post=204034"},{"taxonomy":"product_cat","embeddable":true,"href":"https:\/\/integratek.es\/ca\/wp-json\/wp\/v2\/product_cat?post=204034"},{"taxonomy":"product_tag","embeddable":true,"href":"https:\/\/integratek.es\/ca\/wp-json\/wp\/v2\/product_tag?post=204034"}],"curies":[{"name":"wp","href":"https:\/\/api.w.org\/{rel}","templated":true}]}}