{"id":204031,"date":"2024-06-05T15:54:22","date_gmt":"2024-06-05T13:54:22","guid":{"rendered":"https:\/\/integratek.es\/tienda\/sense categoria\/tdah-i-funcions-executives\/"},"modified":"2025-07-23T10:02:15","modified_gmt":"2025-07-23T08:02:15","slug":"tdah-i-funcions-executives","status":"publish","type":"product","link":"https:\/\/integratek.es\/ca\/botiga\/cursos-online-ca\/atencio-a-la-diversitat\/tdah-i-funcions-executives\/","title":{"rendered":"TDAH i funcions executives"},"content":{"rendered":"<p>En aquesta masterclass parlarem del TDAH per\u00f2 fent un canvi de focus. Ens enfocarem a parlar de les afectacions que es presenten en les funcions executives de les persones que presenten TDAH, explicant que passa quan tenim alguna afectaci\u00f3 en aquestes funcions i com es presenten les afectacions a la nostra vida quotidiana. <\/p>\n<p>Aix\u00ed, entenent el que els passa a aquests nens i nenes per poder generar estrat\u00e8gies per abordar i facilitar-los la vida a aquesta poblaci\u00f3, tenint-los en compte.<\/p>\n","protected":false},"excerpt":{"rendered":"<p>MASTERCLASS | EXPERT: Jos\u00e9 Ram\u00f3n Gamo<\/p>\n","protected":false},"featured_media":204032,"comment_status":"closed","ping_status":"closed","template":"","meta":{"_acf_changed":false,"footnotes":""},"product_brand":[],"product_cat":[741,747],"product_tag":[801,766,835,810,799,222,475],"class_list":{"0":"post-204031","1":"product","2":"type-product","3":"status-publish","4":"has-post-thumbnail","6":"product_cat-atencio-a-la-diversitat","7":"product_cat-masterclass-ca","8":"product_tag-aprenentatge","9":"product_tag-educacio","10":"product_tag-funcions-executives","11":"product_tag-neurodesenvolupament","12":"product_tag-neuroeducacio","13":"product_tag-tdah-ca","14":"product_tag-trastornos-del-aprendizaje-ca","16":"first","17":"instock","18":"sale","19":"virtual","20":"sold-individually","21":"taxable","22":"purchasable","23":"product-type-simple"},"bundled_by":["204040"],"bundle_stock_status":"instock","bundle_stock_quantity":null,"bundle_virtual":false,"bundle_layout":"","bundle_add_to_cart_form_location":"","bundle_editable_in_cart":false,"bundle_sold_individually_context":"","bundle_item_grouping":"","bundle_min_size":"","bundle_max_size":"","bundle_price":[],"bundled_items":[],"bundle_sell_ids":[],"acf":[],"_links":{"self":[{"href":"https:\/\/integratek.es\/ca\/wp-json\/wp\/v2\/product\/204031","targetHints":{"allow":["GET"]}}],"collection":[{"href":"https:\/\/integratek.es\/ca\/wp-json\/wp\/v2\/product"}],"about":[{"href":"https:\/\/integratek.es\/ca\/wp-json\/wp\/v2\/types\/product"}],"replies":[{"embeddable":true,"href":"https:\/\/integratek.es\/ca\/wp-json\/wp\/v2\/comments?post=204031"}],"version-history":[{"count":0,"href":"https:\/\/integratek.es\/ca\/wp-json\/wp\/v2\/product\/204031\/revisions"}],"wp:featuredmedia":[{"embeddable":true,"href":"https:\/\/integratek.es\/ca\/wp-json\/wp\/v2\/media\/204032"}],"wp:attachment":[{"href":"https:\/\/integratek.es\/ca\/wp-json\/wp\/v2\/media?parent=204031"}],"wp:term":[{"taxonomy":"product_brand","embeddable":true,"href":"https:\/\/integratek.es\/ca\/wp-json\/wp\/v2\/product_brand?post=204031"},{"taxonomy":"product_cat","embeddable":true,"href":"https:\/\/integratek.es\/ca\/wp-json\/wp\/v2\/product_cat?post=204031"},{"taxonomy":"product_tag","embeddable":true,"href":"https:\/\/integratek.es\/ca\/wp-json\/wp\/v2\/product_tag?post=204031"}],"curies":[{"name":"wp","href":"https:\/\/api.w.org\/{rel}","templated":true}]}}