{"id":204029,"date":"2024-09-26T11:09:11","date_gmt":"2024-09-26T09:09:11","guid":{"rendered":"https:\/\/integratek.es\/tienda\/sense%20categoria\/intervencio-del-tdah-a-ladolescencia\/"},"modified":"2025-09-04T12:59:25","modified_gmt":"2025-09-04T10:59:25","slug":"intervencio-del-tdah-a-ladolescencia","status":"publish","type":"product","link":"https:\/\/integratek.es\/ca\/botiga\/cursos-online-ca\/atencio-a-la-diversitat\/intervencio-del-tdah-a-ladolescencia\/","title":{"rendered":"Intervenci\u00f3 del TDAH a l&#8217;adolesc\u00e8ncia"},"content":{"rendered":"<p>El Trastorn per D\u00e8ficit d&#8217;Atenci\u00f3 i Hiperactivitat (TDAH) \u00e9s un dels trastorns neuropsiqui\u00e0trics m\u00e9s comuns a l&#8217;adolesc\u00e8ncia i pot tenir un impacte significatiu a la vida acad\u00e8mica, emocional i social de l&#8217;adolescent. Aquesta masterclass proporciona estrat\u00e8gies pr\u00e0ctiques i basades en evid\u00e8ncia per intervenir i gestionar el TDAH en aquesta etapa cr\u00edtica del desenvolupament. <\/p>\n<p>Aquesta classe se centra a comprendre les caracter\u00edstiques espec\u00edfiques del TDAH durant l&#8217;adolesc\u00e8ncia i com aquest trastorn pot influir en el comportament i les relacions de l&#8217;adolescent. S&#8217;aborden temes com la impulsivitat, la manca d&#8217;atenci\u00f3, la hiperactivitat i els reptes que aquests comportaments presenten a l&#8217;entorn educatiu i familiar.<\/p>\n<p>&nbsp;<\/p>\n","protected":false},"excerpt":{"rendered":"<p>MASTERCLASS | EXPERT: Bernat Coll<\/p>\n","protected":false},"featured_media":204030,"comment_status":"closed","ping_status":"closed","template":"","meta":{"_acf_changed":false,"footnotes":""},"product_brand":[],"product_cat":[741,747],"product_tag":[832,801,834,809,833,831,222,475],"class_list":{"0":"post-204029","1":"product","2":"type-product","3":"status-publish","4":"has-post-thumbnail","6":"product_cat-atencio-a-la-diversitat","7":"product_cat-masterclass-ca","8":"product_tag-adolescent","9":"product_tag-aprenentatge","10":"product_tag-comportament","11":"product_tag-estrategies","12":"product_tag-impulsivitat","13":"product_tag-intervencio","14":"product_tag-tdah-ca","15":"product_tag-trastornos-del-aprendizaje-ca","17":"first","18":"instock","19":"sale","20":"virtual","21":"sold-individually","22":"taxable","23":"purchasable","24":"product-type-simple"},"bundled_by":[],"bundle_stock_status":"instock","bundle_stock_quantity":null,"bundle_virtual":false,"bundle_layout":"","bundle_add_to_cart_form_location":"","bundle_editable_in_cart":false,"bundle_sold_individually_context":"","bundle_item_grouping":"","bundle_min_size":"","bundle_max_size":"","bundle_price":[],"bundled_items":[],"bundle_sell_ids":[],"acf":[],"_links":{"self":[{"href":"https:\/\/integratek.es\/ca\/wp-json\/wp\/v2\/product\/204029","targetHints":{"allow":["GET"]}}],"collection":[{"href":"https:\/\/integratek.es\/ca\/wp-json\/wp\/v2\/product"}],"about":[{"href":"https:\/\/integratek.es\/ca\/wp-json\/wp\/v2\/types\/product"}],"replies":[{"embeddable":true,"href":"https:\/\/integratek.es\/ca\/wp-json\/wp\/v2\/comments?post=204029"}],"version-history":[{"count":0,"href":"https:\/\/integratek.es\/ca\/wp-json\/wp\/v2\/product\/204029\/revisions"}],"wp:featuredmedia":[{"embeddable":true,"href":"https:\/\/integratek.es\/ca\/wp-json\/wp\/v2\/media\/204030"}],"wp:attachment":[{"href":"https:\/\/integratek.es\/ca\/wp-json\/wp\/v2\/media?parent=204029"}],"wp:term":[{"taxonomy":"product_brand","embeddable":true,"href":"https:\/\/integratek.es\/ca\/wp-json\/wp\/v2\/product_brand?post=204029"},{"taxonomy":"product_cat","embeddable":true,"href":"https:\/\/integratek.es\/ca\/wp-json\/wp\/v2\/product_cat?post=204029"},{"taxonomy":"product_tag","embeddable":true,"href":"https:\/\/integratek.es\/ca\/wp-json\/wp\/v2\/product_tag?post=204029"}],"curies":[{"name":"wp","href":"https:\/\/api.w.org\/{rel}","templated":true}]}}