{"id":204019,"date":"2024-11-25T11:07:56","date_gmt":"2024-11-25T10:07:56","guid":{"rendered":"https:\/\/integratek.es\/tienda\/sense%20categoria\/aules-inclusives-estrategies-per-atendre-tots-els-alumnes\/"},"modified":"2026-05-13T16:32:52","modified_gmt":"2026-05-13T14:32:52","slug":"aules-inclusives-estrategies-per-atendre-tots-els-alumnes","status":"publish","type":"product","link":"https:\/\/integratek.es\/ca\/botiga\/cursos-online-ca\/atencio-a-la-diversitat\/aules-inclusives-estrategies-per-atendre-tots-els-alumnes\/","title":{"rendered":"Aules inclusives: Estrat\u00e8gies per atendre tots els alumnes"},"content":{"rendered":"<p><span data-sheets-root=\"1\">L&#8217;educaci\u00f3 inclusiva no \u00e9s nom\u00e9s una pr\u00e0ctica pedag\u00f2gica; \u00e9s un comprom\u00eds amb la igualtat d&#8217;oportunitats i el respecte per la diversitat. En un context educatiu cada vegada m\u00e9s divers i canviant, aquest curs t&#8217;ofereix les eines essencials per crear una aula on tots els alumnes puguin participar plenament, sentir-se valorats i assolir el seu m\u00e0xim potencial, independentment de les seves capacitats o necessitats individuals.<br \/>\nA trav\u00e9s d&#8217;aquest curs, no nom\u00e9s aprendr\u00e0s a aplicar estrat\u00e8gies metodol\u00f2giques inclusives com el Disseny Universal per a l&#8217;Aprenentatge (DUA), sin\u00f3 que tamb\u00e9 adquirir\u00e0s les habilitats per identificar i intervenir en trastorns d&#8217;aprenentatge com la disl\u00e8xia, el TDAH, i altres dificultats cognitives o emocionals. L&#8217;objectiu \u00e9s que cada alumne trobi el seu lloc en el sistema educatiu, sense exclusions ni barreres.<br \/>\nExplorar\u00e0s com el disseny d\u2019activitats did\u00e0ctiques pot adaptar-se a la diversitat dins l\u2019aula, garantint que l&#8217;aprenentatge sigui accessible per a tots, mentre que l&#8217;avaluaci\u00f3 inclusiva et permetr\u00e0 seguir el progr\u00e9s dels alumnes de manera justa i equitativa. A m\u00e9s, aquest curs t&#8217;ensenyar\u00e0 a fomentar la col\u00b7laboraci\u00f3 amb fam\u00edlies i altres agents educatius, convertint l\u2019escola en una comunitat cohesionada on cada alumne \u00e9s part fonamental del proc\u00e9s d\u2019aprenentatge.   <\/span><\/p>\n","protected":false},"excerpt":{"rendered":"<p><span data-sheets-root=\"1\">L\u2019educaci\u00f3 inclusiva va m\u00e9s enll\u00e0 d\u2019adaptar materials o ajustar continguts. \u00c9s una visi\u00f3 que reconeix la riquesa de la <b>diversitat humana<\/b> i ent\u00e9n que cada alumne, amb les seves <b>capacitats i reptes<\/b>, contribueix al <b>creixement col\u00b7lectiu de l&#8217;aula<\/b>. <\/span><\/p>\n","protected":false},"featured_media":203196,"comment_status":"open","ping_status":"closed","template":"","meta":{"_acf_changed":false,"footnotes":""},"product_brand":[],"product_cat":[741,743],"product_tag":[801,814,804,766,809],"class_list":{"0":"post-204019","1":"product","2":"type-product","3":"status-publish","4":"has-post-thumbnail","6":"product_cat-atencio-a-la-diversitat","7":"product_cat-cursos-online-ca","8":"product_tag-aprenentatge","9":"product_tag-cursos-catala-ca","10":"product_tag-docent","11":"product_tag-educacio","12":"product_tag-estrategies","14":"first","15":"instock","16":"sale","17":"sold-individually","18":"taxable","19":"shipping-taxable","20":"purchasable","21":"product-type-variable"},"bundled_by":[],"bundle_stock_status":"instock","bundle_stock_quantity":null,"bundle_virtual":false,"bundle_layout":"","bundle_add_to_cart_form_location":"","bundle_editable_in_cart":false,"bundle_sold_individually_context":"","bundle_item_grouping":"","bundle_min_size":"","bundle_max_size":"","bundle_price":[],"bundled_items":[],"bundle_sell_ids":[],"acf":[],"_links":{"self":[{"href":"https:\/\/integratek.es\/ca\/wp-json\/wp\/v2\/product\/204019","targetHints":{"allow":["GET"]}}],"collection":[{"href":"https:\/\/integratek.es\/ca\/wp-json\/wp\/v2\/product"}],"about":[{"href":"https:\/\/integratek.es\/ca\/wp-json\/wp\/v2\/types\/product"}],"replies":[{"embeddable":true,"href":"https:\/\/integratek.es\/ca\/wp-json\/wp\/v2\/comments?post=204019"}],"version-history":[{"count":1,"href":"https:\/\/integratek.es\/ca\/wp-json\/wp\/v2\/product\/204019\/revisions"}],"predecessor-version":[{"id":215283,"href":"https:\/\/integratek.es\/ca\/wp-json\/wp\/v2\/product\/204019\/revisions\/215283"}],"wp:featuredmedia":[{"embeddable":true,"href":"https:\/\/integratek.es\/ca\/wp-json\/wp\/v2\/media\/203196"}],"wp:attachment":[{"href":"https:\/\/integratek.es\/ca\/wp-json\/wp\/v2\/media?parent=204019"}],"wp:term":[{"taxonomy":"product_brand","embeddable":true,"href":"https:\/\/integratek.es\/ca\/wp-json\/wp\/v2\/product_brand?post=204019"},{"taxonomy":"product_cat","embeddable":true,"href":"https:\/\/integratek.es\/ca\/wp-json\/wp\/v2\/product_cat?post=204019"},{"taxonomy":"product_tag","embeddable":true,"href":"https:\/\/integratek.es\/ca\/wp-json\/wp\/v2\/product_tag?post=204019"}],"curies":[{"name":"wp","href":"https:\/\/api.w.org\/{rel}","templated":true}]}}