{"id":204013,"date":"2024-09-26T16:17:11","date_gmt":"2024-09-26T14:17:11","guid":{"rendered":"https:\/\/integratek.es\/tienda\/sense%20categoria\/els-beneficis-de-llegir-en-veu-alta\/"},"modified":"2025-09-04T12:57:47","modified_gmt":"2025-09-04T10:57:47","slug":"els-beneficis-de-llegir-en-veu-alta","status":"publish","type":"product","link":"https:\/\/integratek.es\/ca\/botiga\/cursos-online-ca\/neurociencia-ca-2\/els-beneficis-de-llegir-en-veu-alta\/","title":{"rendered":"Els beneficis de llegir en veu alta"},"content":{"rendered":"<p><span style=\"font-weight: 400;\">La lectura \u00e9s una de les activitats m\u00e9s plaents i enriquidores perqu\u00e8 desenvolupa la imaginaci\u00f3, la creativitat i permet con\u00e8ixer mons possibles, temps i llocs diferents, permet compartir i alhora estar acompanyats. Es podria considerar la lectura com la capacitat intel\u00b7lectual superior m\u00e9s meravellosa, amb ella creem, rescatem, explorem un m\u00f3n potser desconegut, ens comuniquem, transferim sentiments, incorporem nous punts de vista, motivem la curiositat i satisfem les necessitats d&#8217;informaci\u00f3; en fi, ens coneixem a nosaltres mateixos. <\/span><\/p>\n<p><span style=\"font-weight: 400;\">\u00c9s important que els nens i nenes tinguin l&#8217;oportunitat d&#8217;acostar-se aviat a la m\u00e0gia que amaga la lectura recreativa i per plaer. La facultat lectora no \u00e9s innata en els individus, per aix\u00f2 \u00e9s important despertar als estudiants una sensibilitat que els faci descobrir el gust per la lectura. Ells han d&#8217;aprendre a llegir i alhora estimar la lectura. Aix\u00f2 succeir\u00e0 si troben prou est\u00edmuls per motivar-se i mantenir el seu inter\u00e8s per llegir.   <\/span><\/p>\n<p><span style=\"font-weight: 400;\">En aquesta sessi\u00f3 de formaci\u00f3 analitzarem qu\u00e8 passa al nostre cervell ia la nostra cognici\u00f3 quan compartim una lectura i el que sentim quan llegim en veu alta, intentant aix\u00ed generar estrat\u00e8gies efectives per motivar i fomentar la lectura a l&#8217;aula, aix\u00ed com per millorar les habilitats de comprensi\u00f3 i an\u00e0lisi.<\/span><\/p>\n","protected":false},"excerpt":{"rendered":"<p>MASTERCLASS | EXPERTS: David Bueno i Anna For\u00e9s<\/p>\n","protected":false},"featured_media":204014,"comment_status":"closed","ping_status":"closed","template":"","meta":{"_acf_changed":false,"footnotes":""},"product_brand":[],"product_cat":[747,745],"product_tag":[830,828,827,825,781,829,826],"class_list":{"0":"post-204013","1":"product","2":"type-product","3":"status-publish","4":"has-post-thumbnail","6":"product_cat-masterclass-ca","7":"product_cat-neurociencia-ca-2","8":"product_tag-biblioteca","9":"product_tag-etapa-lectora-ca","10":"product_tag-etapa-pre-lectora-ca","11":"product_tag-foment-lector-ca-2","12":"product_tag-lectura-ca","13":"product_tag-literatura-ca","14":"product_tag-motivacio","16":"first","17":"instock","18":"sale","19":"virtual","20":"sold-individually","21":"taxable","22":"purchasable","23":"product-type-simple"},"bundled_by":[],"bundle_stock_status":"instock","bundle_stock_quantity":null,"bundle_virtual":false,"bundle_layout":"","bundle_add_to_cart_form_location":"","bundle_editable_in_cart":false,"bundle_sold_individually_context":"","bundle_item_grouping":"","bundle_min_size":"","bundle_max_size":"","bundle_price":[],"bundled_items":[],"bundle_sell_ids":[],"acf":[],"_links":{"self":[{"href":"https:\/\/integratek.es\/ca\/wp-json\/wp\/v2\/product\/204013","targetHints":{"allow":["GET"]}}],"collection":[{"href":"https:\/\/integratek.es\/ca\/wp-json\/wp\/v2\/product"}],"about":[{"href":"https:\/\/integratek.es\/ca\/wp-json\/wp\/v2\/types\/product"}],"replies":[{"embeddable":true,"href":"https:\/\/integratek.es\/ca\/wp-json\/wp\/v2\/comments?post=204013"}],"version-history":[{"count":0,"href":"https:\/\/integratek.es\/ca\/wp-json\/wp\/v2\/product\/204013\/revisions"}],"wp:featuredmedia":[{"embeddable":true,"href":"https:\/\/integratek.es\/ca\/wp-json\/wp\/v2\/media\/204014"}],"wp:attachment":[{"href":"https:\/\/integratek.es\/ca\/wp-json\/wp\/v2\/media?parent=204013"}],"wp:term":[{"taxonomy":"product_brand","embeddable":true,"href":"https:\/\/integratek.es\/ca\/wp-json\/wp\/v2\/product_brand?post=204013"},{"taxonomy":"product_cat","embeddable":true,"href":"https:\/\/integratek.es\/ca\/wp-json\/wp\/v2\/product_cat?post=204013"},{"taxonomy":"product_tag","embeddable":true,"href":"https:\/\/integratek.es\/ca\/wp-json\/wp\/v2\/product_tag?post=204013"}],"curies":[{"name":"wp","href":"https:\/\/api.w.org\/{rel}","templated":true}]}}