{"id":204006,"date":"2025-01-13T12:16:39","date_gmt":"2025-01-13T11:16:39","guid":{"rendered":"https:\/\/integratek.es\/tienda\/sense%20categoria\/educacio-emocional-basada-en-la-neurociencia-gestio-de-les-emocions-a-laula\/"},"modified":"2026-05-13T16:28:28","modified_gmt":"2026-05-13T14:28:28","slug":"educacio-emocional-basada-en-la-neurociencia-gestio-de-les-emocions-a-laula","status":"publish","type":"product","link":"https:\/\/integratek.es\/ca\/botiga\/cursos-online-ca\/educacio-i-escola\/educacio-emocional-basada-en-la-neurociencia-gestio-de-les-emocions-a-laula\/","title":{"rendered":"Educaci\u00f3 emocional basada en la neuroci\u00e8ncia: Gesti\u00f3 de les emocions a l&#8217;aula"},"content":{"rendered":"<p><span data-sheets-root=\"1\">La neuroci\u00e8ncia aplicada a l&#8217;educaci\u00f3 emocional ha demostrat que les emocions tenen un impacte directe en l&#8217;aprenentatge i el desenvolupament cognitiu. Comprendre com funciona el cervell en relaci\u00f3 amb les emocions \u00e9s clau per poder dissenyar estrat\u00e8gies pedag\u00f2giques que afavoreixin tant el benestar emocional com el rendiment acad\u00e8mic dels alumnes. L&#8217;educaci\u00f3 emocional no nom\u00e9s millora la conviv\u00e8ncia i la gesti\u00f3 de conflictes, sin\u00f3 que tamb\u00e9 potencia la capacitat dels alumnes per concentrar-se, prendre decisions i gestionar situacions d&#8217;estr\u00e8s.  <\/span><\/p>\n<p>Aquest curs et permetr\u00e0 entendre els mecanismes cerebrals implicats en les emocions, i t&#8217;oferir\u00e0 eines pr\u00e0ctiques per aplicar a l\u2019aula, amb l\u2019objectiu de fomentar compet\u00e8ncies emocionals com l\u2019autoconsci\u00e8ncia i la regulaci\u00f3 emocional. Descobrir\u00e0s com estructurar activitats per millorar la conviv\u00e8ncia i potenciar un clima emocional positiu, que alhora impacti de manera positiva en l\u2019aprenentatge. A m\u00e9s, explorar\u00e0s com gestionar l\u2019estr\u00e8s i l\u2019ansietat dels alumnes per afavorir el seu creixement personal i acad\u00e8mic. Finalment, podr\u00e0s dissenyar programes d\u2019educaci\u00f3 emocional adaptats a les necessitats espec\u00edfiques del teu centre i context educatiu, aplicant recursos basats en l\u2019evid\u00e8ncia cient\u00edfica.   <\/p>\n<p>Aquest enfocament garanteix que ser\u00e0s capa\u00e7 de millorar tant el benestar emocional com la qualitat de l&#8217;aprenentatge dins l\u2019aula.<\/p>\n","protected":false},"excerpt":{"rendered":"<p>Descobrir\u00e0s com estructurar activitats per millorar la <b>conviv\u00e8ncia i potenciar un clima emocional positiu<\/b>, que alhora impacti de manera positiva en l\u2019aprenentatge.<\/p>\n","protected":false},"featured_media":203199,"comment_status":"open","ping_status":"closed","template":"","meta":{"_acf_changed":false,"footnotes":""},"product_brand":[],"product_cat":[743,742],"product_tag":[801,814,804,766,809],"class_list":{"0":"post-204006","1":"product","2":"type-product","3":"status-publish","4":"has-post-thumbnail","6":"product_cat-cursos-online-ca","7":"product_cat-educacio-i-escola","8":"product_tag-aprenentatge","9":"product_tag-cursos-catala-ca","10":"product_tag-docent","11":"product_tag-educacio","12":"product_tag-estrategies","14":"first","15":"instock","16":"sale","17":"sold-individually","18":"taxable","19":"shipping-taxable","20":"purchasable","21":"product-type-variable"},"bundled_by":[],"bundle_stock_status":"instock","bundle_stock_quantity":null,"bundle_virtual":false,"bundle_layout":"","bundle_add_to_cart_form_location":"","bundle_editable_in_cart":false,"bundle_sold_individually_context":"","bundle_item_grouping":"","bundle_min_size":"","bundle_max_size":"","bundle_price":[],"bundled_items":[],"bundle_sell_ids":[],"acf":[],"_links":{"self":[{"href":"https:\/\/integratek.es\/ca\/wp-json\/wp\/v2\/product\/204006","targetHints":{"allow":["GET"]}}],"collection":[{"href":"https:\/\/integratek.es\/ca\/wp-json\/wp\/v2\/product"}],"about":[{"href":"https:\/\/integratek.es\/ca\/wp-json\/wp\/v2\/types\/product"}],"replies":[{"embeddable":true,"href":"https:\/\/integratek.es\/ca\/wp-json\/wp\/v2\/comments?post=204006"}],"version-history":[{"count":1,"href":"https:\/\/integratek.es\/ca\/wp-json\/wp\/v2\/product\/204006\/revisions"}],"predecessor-version":[{"id":215274,"href":"https:\/\/integratek.es\/ca\/wp-json\/wp\/v2\/product\/204006\/revisions\/215274"}],"wp:featuredmedia":[{"embeddable":true,"href":"https:\/\/integratek.es\/ca\/wp-json\/wp\/v2\/media\/203199"}],"wp:attachment":[{"href":"https:\/\/integratek.es\/ca\/wp-json\/wp\/v2\/media?parent=204006"}],"wp:term":[{"taxonomy":"product_brand","embeddable":true,"href":"https:\/\/integratek.es\/ca\/wp-json\/wp\/v2\/product_brand?post=204006"},{"taxonomy":"product_cat","embeddable":true,"href":"https:\/\/integratek.es\/ca\/wp-json\/wp\/v2\/product_cat?post=204006"},{"taxonomy":"product_tag","embeddable":true,"href":"https:\/\/integratek.es\/ca\/wp-json\/wp\/v2\/product_tag?post=204006"}],"curies":[{"name":"wp","href":"https:\/\/api.w.org\/{rel}","templated":true}]}}