{"id":204003,"date":"2025-01-13T11:58:30","date_gmt":"2025-01-13T10:58:30","guid":{"rendered":"https:\/\/integratek.es\/tienda\/sense categoria\/intelligencia-artificial-a-laula-personalitzacio-de-laprenentatge\/"},"modified":"2026-02-02T11:41:44","modified_gmt":"2026-02-02T10:41:44","slug":"intelligencia-artificial-a-laula-personalitzacio-de-laprenentatge","status":"publish","type":"product","link":"https:\/\/integratek.es\/ca\/botiga\/cursos-online-ca\/atencio-a-la-diversitat\/intelligencia-artificial-a-laula-personalitzacio-de-laprenentatge\/","title":{"rendered":"Intel\u00b7lig\u00e8ncia Artificial a l&#8217;aula: Personalitzaci\u00f3 de l&#8217;aprenentatge"},"content":{"rendered":"<p><span data-sheets-root=\"1\">L&#8217;estr\u00e8s, la pressi\u00f3 acad\u00e8mica i els retes emocionals, tant dins com fora de l&#8217;aula, poden afectar el benestar dels alumnes i dels docents. En un m\u00f3n cada cop m\u00e9s accelerat el mindfulness esdev\u00e9 una eina essencial per gestionar millor aquestes tensions i fomentar un ambient m\u00e9s equilibrat, conscient i positiu. Per\u00f2, qu\u00e8 \u00e9s el mindfulness i quin paper juga a l&#8217;educaci\u00f3?  <\/span><\/p>\n<p>Aquest curs ofereix molt m\u00e9s que una introducci\u00f3 te\u00f2rica: \u00e9s una experi\u00e8ncia immersiva i pr\u00e0ctica, un proc\u00e9s on nom\u00e9s aprendreu els conceptes clau del mindfulness, sin\u00f3 que tamb\u00e9 explorareu maneres concretes de portar-lo a l&#8217;aula. Partint de fonaments neurocient\u00edfics, el curs et proporcionar\u00e0 metodologies aplicades per facilitar la implementaci\u00f3 de t\u00e8cniques senzilles, per\u00f2 transformadors, que ajudin a regular l&#8217;estr\u00e8s, millorar la concentraci\u00f3 i promoure el benestar emocional de l&#8217;alumnat. <\/p>\n","protected":false},"excerpt":{"rendered":"<p><span data-sheets-root=\"1\">Descobrir\u00e0s com <b>utilitzar t\u00e8cniques d&#8217;aprenentatge autom\u00e0tic<\/b> per crear <b>entorns d&#8217;aprenentatge din\u00e0mics<\/b> i com l&#8217;an\u00e0lisi de dades pot ajudar-te a <b>avaluar el rendiment<\/b> de manera m\u00e9s <b>precisa<\/b> .   <\/span><\/p>\n","protected":false},"featured_media":203198,"comment_status":"open","ping_status":"closed","template":"","meta":{"_acf_changed":false,"footnotes":""},"product_brand":[],"product_cat":[741,743],"product_tag":[801,814,804,766,809],"class_list":{"0":"post-204003","1":"product","2":"type-product","3":"status-publish","4":"has-post-thumbnail","6":"product_cat-atencio-a-la-diversitat","7":"product_cat-cursos-online-ca","8":"product_tag-aprenentatge","9":"product_tag-cursos-catala-ca","10":"product_tag-docent","11":"product_tag-educacio","12":"product_tag-estrategies","14":"first","15":"instock","16":"sale","17":"sold-individually","18":"taxable","19":"shipping-taxable","20":"purchasable","21":"product-type-variable"},"bundled_by":[],"bundle_stock_status":"instock","bundle_stock_quantity":null,"bundle_virtual":false,"bundle_layout":"","bundle_add_to_cart_form_location":"","bundle_editable_in_cart":false,"bundle_sold_individually_context":"","bundle_item_grouping":"","bundle_min_size":"","bundle_max_size":"","bundle_price":[],"bundled_items":[],"bundle_sell_ids":[],"acf":[],"_links":{"self":[{"href":"https:\/\/integratek.es\/ca\/wp-json\/wp\/v2\/product\/204003","targetHints":{"allow":["GET"]}}],"collection":[{"href":"https:\/\/integratek.es\/ca\/wp-json\/wp\/v2\/product"}],"about":[{"href":"https:\/\/integratek.es\/ca\/wp-json\/wp\/v2\/types\/product"}],"replies":[{"embeddable":true,"href":"https:\/\/integratek.es\/ca\/wp-json\/wp\/v2\/comments?post=204003"}],"version-history":[{"count":1,"href":"https:\/\/integratek.es\/ca\/wp-json\/wp\/v2\/product\/204003\/revisions"}],"predecessor-version":[{"id":207911,"href":"https:\/\/integratek.es\/ca\/wp-json\/wp\/v2\/product\/204003\/revisions\/207911"}],"wp:featuredmedia":[{"embeddable":true,"href":"https:\/\/integratek.es\/ca\/wp-json\/wp\/v2\/media\/203198"}],"wp:attachment":[{"href":"https:\/\/integratek.es\/ca\/wp-json\/wp\/v2\/media?parent=204003"}],"wp:term":[{"taxonomy":"product_brand","embeddable":true,"href":"https:\/\/integratek.es\/ca\/wp-json\/wp\/v2\/product_brand?post=204003"},{"taxonomy":"product_cat","embeddable":true,"href":"https:\/\/integratek.es\/ca\/wp-json\/wp\/v2\/product_cat?post=204003"},{"taxonomy":"product_tag","embeddable":true,"href":"https:\/\/integratek.es\/ca\/wp-json\/wp\/v2\/product_tag?post=204003"}],"curies":[{"name":"wp","href":"https:\/\/api.w.org\/{rel}","templated":true}]}}