{"id":203994,"date":"2024-12-03T10:18:19","date_gmt":"2024-12-03T09:18:19","guid":{"rendered":"https:\/\/integratek.es\/tienda\/sense%20categoria\/pack-autisme-curs-online-i-llibre-de-cristina-garcia\/"},"modified":"2025-09-01T12:27:43","modified_gmt":"2025-09-01T10:27:43","slug":"pack-autisme-curs-online-i-llibre-de-cristina-garcia","status":"publish","type":"product","link":"https:\/\/integratek.es\/ca\/botiga\/cursos-online-ca\/atencio-a-la-diversitat\/pack-autisme-curs-online-i-llibre-de-cristina-garcia\/","title":{"rendered":"PACK AUTISME: Curs Online i Llibre de Cristina Garc\u00eda"},"content":{"rendered":"<div class=\"row align-middle\"  id=\"row-1947548853\">\n<p>T&#8217;hem preparat aquest PACK sobre AUTISME perqu\u00e8 aprenguis recursos, estrat\u00e8gies i refor\u00e7is i aprenguis m\u00e9s el trastorn de l&#8217;espectre de l&#8217;autisme (TEA):<\/p>\n<ul>\n<li><a href=\"https:\/\/integratek.es\/ca\/botiga\/cursos-online-ca\/atencio-a-la-diversitat\/el-tea-a-casa-ia-lescola-orientacions-per-actuar\/\"><b><u>El TEA a casa ia l&#8217;escola: orientacions per actuar<\/u><\/b><\/a> : Apr\u00e8n estrat\u00e8gies pr\u00e0ctiques per acompanyar persones amb Trastorn de l&#8217;Espectre de l&#8217;Autisme (TEA) al seu dia a dia, tant a l&#8217;entorn familiar com a l&#8217;educatiu.<\/li>\n<li><b><a href=\"https:\/\/integratek.es\/ca\/botiga\/llibres\/500-estrategies-i-orientacions-per-a-familiars-i-educadors-dalumnat-amb-tea\/\"><u>500 estrat\u00e8gies i orientacions per a familiars i educadors d&#8217;alumnat amb TEA<\/u><\/a> :<\/b> Trobar\u00e0s un primer apropament a la comprensi\u00f3 i maneig del TEA. S&#8217;hi inclouen 500 estrat\u00e8gies i orientacions concretes i pr\u00e0ctiques per entendre i ajudar les persones amb aquesta condici\u00f3. <\/li>\n<\/ul>\n<\/div>\n","protected":false},"excerpt":{"rendered":"<p>Apr\u00e8n m\u00e9s sobre autisme amb el curs de 10 hores &#8221; <b>El TEA a casa ia l&#8217;escola: orientacions per actuar<\/b> &#8221; i el llibre de Cristina Garc\u00eda &#8221; <b>500 estrat\u00e8gies i orientacions per a familiars i educadors d&#8217;alumnat amb TEA<\/b> &#8220;.<\/p>\n","protected":false},"featured_media":203996,"comment_status":"closed","ping_status":"closed","template":"","meta":{"_acf_changed":false,"footnotes":""},"product_brand":[],"product_cat":[741,743,746],"product_tag":[801,767,812,813,811,475],"class_list":{"0":"post-203994","1":"product","2":"type-product","3":"status-publish","4":"has-post-thumbnail","6":"product_cat-atencio-a-la-diversitat","7":"product_cat-cursos-online-ca","8":"product_cat-llibres","9":"product_tag-aprenentatge","10":"product_tag-atencio-a-la-diversitat-ca","11":"product_tag-autisme","12":"product_tag-autoinstruccions","13":"product_tag-tea-ca","14":"product_tag-trastornos-del-aprendizaje-ca","16":"first","17":"outofstock","18":"sale","19":"featured","20":"virtual","21":"taxable","22":"purchasable","23":"product-type-bundle"},"bundled_by":[],"bundle_stock_status":"outofstock","bundle_stock_quantity":0,"bundle_virtual":false,"bundle_layout":"default","bundle_add_to_cart_form_location":"default","bundle_editable_in_cart":false,"bundle_sold_individually_context":"product","bundle_item_grouping":"parent","bundle_min_size":"","bundle_max_size":"","bundle_price":{"price":{"min":{"incl_tax":"59","excl_tax":"59"},"max":{"incl_tax":"59","excl_tax":"59"}},"regular_price":{"min":{"incl_tax":"99","excl_tax":"99"},"max":{"incl_tax":"99","excl_tax":"99"}}},"bundled_items":[{"bundled_item_id":165,"product_id":204233,"menu_order":0,"quantity_min":1,"quantity_max":1,"quantity_default":1,"priced_individually":false,"shipped_individually":false,"override_title":false,"title":"El TEA a casa ia lescola: orientacions per actuar","override_description":true,"description":"","optional":false,"hide_thumbnail":false,"discount":"","override_variations":true,"allowed_variations":[193041,204236],"override_default_variation_attributes":false,"default_variation_attributes":[],"single_product_visibility":"visible","cart_visibility":"visible","order_visibility":"visible","single_product_price_visibility":"visible","cart_price_visibility":"visible","order_price_visibility":"visible","stock_status":"in_stock"},{"bundled_item_id":166,"product_id":204281,"menu_order":1,"quantity_min":1,"quantity_max":1,"quantity_default":1,"priced_individually":false,"shipped_individually":false,"override_title":false,"title":"500 estrat\u00e8gies i orientacions per a familiars i educadors dalumnat amb TEA","override_description":true,"description":"","optional":false,"hide_thumbnail":false,"discount":"","override_variations":false,"allowed_variations":[""],"override_default_variation_attributes":false,"default_variation_attributes":[],"single_product_visibility":"visible","cart_visibility":"visible","order_visibility":"visible","single_product_price_visibility":"visible","cart_price_visibility":"visible","order_price_visibility":"visible","stock_status":"in_stock"}],"bundle_sell_ids":[],"acf":[],"_links":{"self":[{"href":"https:\/\/integratek.es\/ca\/wp-json\/wp\/v2\/product\/203994","targetHints":{"allow":["GET"]}}],"collection":[{"href":"https:\/\/integratek.es\/ca\/wp-json\/wp\/v2\/product"}],"about":[{"href":"https:\/\/integratek.es\/ca\/wp-json\/wp\/v2\/types\/product"}],"replies":[{"embeddable":true,"href":"https:\/\/integratek.es\/ca\/wp-json\/wp\/v2\/comments?post=203994"}],"version-history":[{"count":5,"href":"https:\/\/integratek.es\/ca\/wp-json\/wp\/v2\/product\/203994\/revisions"}],"predecessor-version":[{"id":207617,"href":"https:\/\/integratek.es\/ca\/wp-json\/wp\/v2\/product\/203994\/revisions\/207617"}],"wp:featuredmedia":[{"embeddable":true,"href":"https:\/\/integratek.es\/ca\/wp-json\/wp\/v2\/media\/203996"}],"wp:attachment":[{"href":"https:\/\/integratek.es\/ca\/wp-json\/wp\/v2\/media?parent=203994"}],"wp:term":[{"taxonomy":"product_brand","embeddable":true,"href":"https:\/\/integratek.es\/ca\/wp-json\/wp\/v2\/product_brand?post=203994"},{"taxonomy":"product_cat","embeddable":true,"href":"https:\/\/integratek.es\/ca\/wp-json\/wp\/v2\/product_cat?post=203994"},{"taxonomy":"product_tag","embeddable":true,"href":"https:\/\/integratek.es\/ca\/wp-json\/wp\/v2\/product_tag?post=203994"}],"curies":[{"name":"wp","href":"https:\/\/api.w.org\/{rel}","templated":true}]}}