{"id":203990,"date":"2025-02-12T11:52:29","date_gmt":"2025-02-12T10:52:29","guid":{"rendered":"https:\/\/integratek.es\/tienda\/sense%20categoria\/trastorns-del-neurodesenvolupament-a-laula\/"},"modified":"2025-09-04T13:26:54","modified_gmt":"2025-09-04T11:26:54","slug":"trastorns-del-neurodesenvolupament-a-laula","status":"publish","type":"product","link":"https:\/\/integratek.es\/ca\/botiga\/cursos-online-ca\/atencio-a-la-diversitat\/trastorns-del-neurodesenvolupament-a-laula\/","title":{"rendered":"Trastorns del neurodesenvolupament a l&#8217;aula"},"content":{"rendered":"<p>Els trastorns del neurodesenvolupament fan refer\u00e8ncia a trastorns del funcionament del sistema nervi\u00f3s central vinculats a la maduraci\u00f3 del cervell. A la inf\u00e0ncia es poden expressar de manera diferent en les diferents etapes de creixement de l&#8217;individu, afectant les diferents funcions regulades pel sistema nervi\u00f3s central (sensitives, motores, cognitives i emocionals) i incidint en aspectes com el llenguatge, la capacitat d&#8217;aprenentatge o la conducta social.  Des d&#8217;una perspectiva psicoeducativa, els trastorns del desenvolupament s\u00f3n vistos com unes necessitats educatives especials, les dels alumnes que requereixen en un per\u00edode de la seva escolaritzaci\u00f3, o al llarg de tota ella, determinats suports i atencions educatives espec\u00edfiques.<\/p>\n<p>Aquesta masterclass pret\u00e9n dotar els professionals de l&#8217;educaci\u00f3, mestres, docents i educadors davant d&#8217;una aula diversificada, del coneixement necessari per comprendre qu\u00e8 s\u00f3n els trastorns del neurodesenvolupament i com afecten el dia a dia del nostre alumnat. L&#8217;impacte en els aprenentatges l&#8217;autogesti\u00f3 i la regulaci\u00f3 de la conducta i les funcions executives necess\u00e0ries per a la realitzaci\u00f3 i la finalitzaci\u00f3 d&#8217;objectius. <\/p>\n","protected":false},"excerpt":{"rendered":"<p>MASTERCLASS | EXPERT: Jos\u00e9 Ram\u00f3n Gamo<\/p>\n","protected":false},"featured_media":203991,"comment_status":"closed","ping_status":"closed","template":"","meta":{"_acf_changed":false,"footnotes":""},"product_brand":[],"product_cat":[741,747],"product_tag":[801,766,810,799,222,474,475],"class_list":{"0":"post-203990","1":"product","2":"type-product","3":"status-publish","4":"has-post-thumbnail","6":"product_cat-atencio-a-la-diversitat","7":"product_cat-masterclass-ca","8":"product_tag-aprenentatge","9":"product_tag-educacio","10":"product_tag-neurodesenvolupament","11":"product_tag-neuroeducacio","12":"product_tag-tdah-ca","13":"product_tag-tdl-ca","14":"product_tag-trastornos-del-aprendizaje-ca","16":"first","17":"instock","18":"sale","19":"virtual","20":"sold-individually","21":"taxable","22":"purchasable","23":"product-type-simple"},"bundled_by":[],"bundle_stock_status":"instock","bundle_stock_quantity":null,"bundle_virtual":false,"bundle_layout":"","bundle_add_to_cart_form_location":"","bundle_editable_in_cart":false,"bundle_sold_individually_context":"","bundle_item_grouping":"","bundle_min_size":"","bundle_max_size":"","bundle_price":[],"bundled_items":[],"bundle_sell_ids":[],"acf":[],"_links":{"self":[{"href":"https:\/\/integratek.es\/ca\/wp-json\/wp\/v2\/product\/203990","targetHints":{"allow":["GET"]}}],"collection":[{"href":"https:\/\/integratek.es\/ca\/wp-json\/wp\/v2\/product"}],"about":[{"href":"https:\/\/integratek.es\/ca\/wp-json\/wp\/v2\/types\/product"}],"replies":[{"embeddable":true,"href":"https:\/\/integratek.es\/ca\/wp-json\/wp\/v2\/comments?post=203990"}],"version-history":[{"count":0,"href":"https:\/\/integratek.es\/ca\/wp-json\/wp\/v2\/product\/203990\/revisions"}],"wp:featuredmedia":[{"embeddable":true,"href":"https:\/\/integratek.es\/ca\/wp-json\/wp\/v2\/media\/203991"}],"wp:attachment":[{"href":"https:\/\/integratek.es\/ca\/wp-json\/wp\/v2\/media?parent=203990"}],"wp:term":[{"taxonomy":"product_brand","embeddable":true,"href":"https:\/\/integratek.es\/ca\/wp-json\/wp\/v2\/product_brand?post=203990"},{"taxonomy":"product_cat","embeddable":true,"href":"https:\/\/integratek.es\/ca\/wp-json\/wp\/v2\/product_cat?post=203990"},{"taxonomy":"product_tag","embeddable":true,"href":"https:\/\/integratek.es\/ca\/wp-json\/wp\/v2\/product_tag?post=203990"}],"curies":[{"name":"wp","href":"https:\/\/api.w.org\/{rel}","templated":true}]}}