{"id":203966,"date":"2025-04-10T16:24:56","date_gmt":"2025-04-10T14:24:56","guid":{"rendered":"https:\/\/integratek.es\/tienda\/sense%20categoria\/vocacio-docent-lideratge-i-avaluacio-per-a-la-transformacio-educativa\/"},"modified":"2026-02-02T11:33:38","modified_gmt":"2026-02-02T10:33:38","slug":"vocacion-docente","status":"publish","type":"product","link":"https:\/\/integratek.es\/ca\/botiga\/cursos-online-ca\/educacio-i-escola\/vocacion-docente\/","title":{"rendered":"Vocaci\u00f3 docent: lideratge i avaluaci\u00f3 per a la transformaci\u00f3 educativa"},"content":{"rendered":"<p>Els docents i els professionals de l&#8217;educaci\u00f3 tenen avui l&#8217;oportunitat de ser agents de canvi als seus centres i aules. Aquest curs ofereix un recorregut integral pels principis del lideratge educatiu, lavaluaci\u00f3 formativa i la transformaci\u00f3 de lensenyament, pilars que permeten construir entorns inclusius, din\u00e0mics i enfocats en el desenvolupament integral de cada estudiant. <\/p>\n<p>A trav\u00e9s d&#8217;aquesta formaci\u00f3, els participants aprendran a implementar estrat\u00e8gies de lideratge efectives que promoguin una cultura de col\u00b7laboraci\u00f3 entre docents, fam\u00edlies i comunitat. <\/p>\n<p>Tamb\u00e9 podreu reflexionar sobre l&#8217;aplicaci\u00f3 de m\u00e8todes pedag\u00f2gics innovadors que adapten l&#8217;aprenentatge a la diversitat de ritmes i estils, impulsant una veritable transformaci\u00f3 educativa a l&#8217;aula. Amb un enfocament pr\u00e0ctic i casos aplicats, aquesta formaci\u00f3 \u00e9s ideal per als qui creuen en l&#8217;educaci\u00f3 com a motor de canvi i busquen adquirir compet\u00e8ncies per liderar amb \u00e8xit la innovaci\u00f3 educativa. <\/p>\n","protected":false},"excerpt":{"rendered":"<p><span data-sheets-root=\"1\"><b>Apr\u00e8n els principis i les eines per comprendre millor l&#8217;avaluaci\u00f3 formativa i la seva aplicaci\u00f3 en el context educatiu actual.<\/b><\/span><\/p>\n<p>Els docents i professionals de l&#8217;educaci\u00f3 tenen avui l&#8217;oportunitat de ser <b>agents de canvi als seus centres i aules<\/b> . Aquest curs us ofereix un recorregut integral pels principis del <b>lideratge educatiu, l&#8217;avaluaci\u00f3 formativa i la transformaci\u00f3 de l&#8217;ensenyament<\/b> , pilars que us permetran construir entorns inclusius, din\u00e0mics i enfocats en el desenvolupament integral de cada estudiant. <\/p>\n<p>Amb un enfocament pr\u00e0ctic i casos aplicats, aquesta formaci\u00f3 \u00e9s ideal per als qui creuen en l&#8217; <b>educaci\u00f3 com a motor de canvi<\/b> i busquen adquirir <b>compet\u00e8ncies per liderar amb \u00e8xit la innovaci\u00f3 educativa<\/b> .<\/p>\n","protected":false},"featured_media":206043,"comment_status":"open","ping_status":"closed","template":"","meta":{"_acf_changed":false,"footnotes":""},"product_brand":[],"product_cat":[743,742],"product_tag":[808,804,766,803,805,800,807,806],"class_list":{"0":"post-203966","1":"product","2":"type-product","3":"status-publish","4":"has-post-thumbnail","6":"product_cat-cursos-online-ca","7":"product_cat-educacio-i-escola","8":"product_tag-avaluacio","9":"product_tag-docent","10":"product_tag-educacio","11":"product_tag-escola","12":"product_tag-lideratge","13":"product_tag-personalitzacio","14":"product_tag-transformacio","15":"product_tag-vocacio","17":"first","18":"instock","19":"sale","20":"sold-individually","21":"taxable","22":"shipping-taxable","23":"purchasable","24":"product-type-variable"},"bundled_by":[],"bundle_stock_status":"instock","bundle_stock_quantity":null,"bundle_virtual":false,"bundle_layout":"","bundle_add_to_cart_form_location":"","bundle_editable_in_cart":false,"bundle_sold_individually_context":"","bundle_item_grouping":"","bundle_min_size":"","bundle_max_size":"","bundle_price":[],"bundled_items":[],"bundle_sell_ids":[],"acf":[],"_links":{"self":[{"href":"https:\/\/integratek.es\/ca\/wp-json\/wp\/v2\/product\/203966","targetHints":{"allow":["GET"]}}],"collection":[{"href":"https:\/\/integratek.es\/ca\/wp-json\/wp\/v2\/product"}],"about":[{"href":"https:\/\/integratek.es\/ca\/wp-json\/wp\/v2\/types\/product"}],"replies":[{"embeddable":true,"href":"https:\/\/integratek.es\/ca\/wp-json\/wp\/v2\/comments?post=203966"}],"version-history":[{"count":5,"href":"https:\/\/integratek.es\/ca\/wp-json\/wp\/v2\/product\/203966\/revisions"}],"predecessor-version":[{"id":207780,"href":"https:\/\/integratek.es\/ca\/wp-json\/wp\/v2\/product\/203966\/revisions\/207780"}],"wp:featuredmedia":[{"embeddable":true,"href":"https:\/\/integratek.es\/ca\/wp-json\/wp\/v2\/media\/206043"}],"wp:attachment":[{"href":"https:\/\/integratek.es\/ca\/wp-json\/wp\/v2\/media?parent=203966"}],"wp:term":[{"taxonomy":"product_brand","embeddable":true,"href":"https:\/\/integratek.es\/ca\/wp-json\/wp\/v2\/product_brand?post=203966"},{"taxonomy":"product_cat","embeddable":true,"href":"https:\/\/integratek.es\/ca\/wp-json\/wp\/v2\/product_cat?post=203966"},{"taxonomy":"product_tag","embeddable":true,"href":"https:\/\/integratek.es\/ca\/wp-json\/wp\/v2\/product_tag?post=203966"}],"curies":[{"name":"wp","href":"https:\/\/api.w.org\/{rel}","templated":true}]}}