{"id":203963,"date":"2025-04-24T10:53:21","date_gmt":"2025-04-24T08:53:21","guid":{"rendered":"https:\/\/integratek.es\/tienda\/sense%20categoria\/personalitzant-laprenentatge-atenent-necessitats\/"},"modified":"2025-09-04T12:54:45","modified_gmt":"2025-09-04T10:54:45","slug":"personalitzant-laprenentatge-atenent-necessitats","status":"publish","type":"product","link":"https:\/\/integratek.es\/ca\/botiga\/cursos-online-ca\/atencio-a-la-diversitat\/personalitzant-laprenentatge-atenent-necessitats\/","title":{"rendered":"Personalitzant l&#8217;aprenentatge, atenent necessitats"},"content":{"rendered":"<p>PERSONALITZAR \u00e9s una necessitat actual a qu\u00e8 s&#8217;enfronten les escoles. Els seus fonaments ens orienten a servir l&#8217;alumne en una dimensi\u00f3 global, procurant el seu m\u00e0xim desenvolupament cognitiu, personal, emocional i social, servint-nos del repte curricular i d&#8217;un context que ofereix sinergies de creixement i desenvolupament. Personalitzar no \u00e9s individualitzar sin\u00f3 transformar la tasca docent i dotar-lo de les eines necess\u00e0ries per gestionar, impulsar i motivar l&#8217;aprenentatge dels alumnes de manera que aquest serveixi per descobrir interessos, estimular la creativitat i augmentar la disposici\u00f3 dels alumnes a pensar de manera cr\u00edtica, a cooperar ia comunicar amb efic\u00e0cia.  <\/p>\n<p>Un aprenentatge efica\u00e7 i significatiu: respectant el proc\u00e9s natural daprenentatge del cervell. Aprendre hauria d&#8217;anar associat a paraules com ara mem\u00f2ria, emoci\u00f3\u2026 <\/p>\n<p>En aquest curs aprofundim en el disseny d&#8217;experi\u00e8ncies d&#8217;aprenentatge significatives, posant el focus en qu\u00e8 l&#8217;important en el disseny \u00e9s guiar-se pel proc\u00e9s natural del cervell per aprendre, tal com recull el model dissenyat per Niuco, el \u201crosc de l&#8217;aprenentatge\u201d.<\/p>\n<p>A la nostra seq\u00fc\u00e8ncia particular atenem tot seguit la concreci\u00f3 curricular, continuem amb la definici\u00f3 del proc\u00e9s avaluatiu, la recollida d&#8217;evid\u00e8ncies d&#8217;aprenentatge d&#8217;acord amb els criteris i els est\u00e0ndards d&#8217;avaluaci\u00f3. Des d&#8217;aqu\u00ed s&#8217;estructuren i dissenyen tasques, activitats i exercicis que desenvolupen les dimensions cognitives d&#8217;ordre inferior i superior de l&#8217;alumnat, i tot aix\u00f2 dins de contextos o situacions d&#8217;aprenentatge altament competencials, sense oblidar que la reflexi\u00f3 sobre el propi aprenentatge \u00e9s una bastida a construir en el proc\u00e9s continu d&#8217;aprendre a aprendre. <\/p>\n","protected":false},"excerpt":{"rendered":"<p>MASTERCLASS | EXPERT: Chema L\u00e1zaro<\/p>\n","protected":false},"featured_media":203964,"comment_status":"closed","ping_status":"closed","template":"","meta":{"_acf_changed":false,"footnotes":""},"product_brand":[],"product_cat":[741,747],"product_tag":[801,802,766,803,435,799,800],"class_list":{"0":"post-203963","1":"product","2":"type-product","3":"status-publish","4":"has-post-thumbnail","6":"product_cat-atencio-a-la-diversitat","7":"product_cat-masterclass-ca","8":"product_tag-aprenentatge","9":"product_tag-desenvolupament","10":"product_tag-educacio","11":"product_tag-escola","12":"product_tag-neurociencia-ca","13":"product_tag-neuroeducacio","14":"product_tag-personalitzacio","16":"first","17":"instock","18":"sale","19":"virtual","20":"sold-individually","21":"taxable","22":"purchasable","23":"product-type-simple"},"bundled_by":[],"bundle_stock_status":"instock","bundle_stock_quantity":null,"bundle_virtual":false,"bundle_layout":"","bundle_add_to_cart_form_location":"","bundle_editable_in_cart":false,"bundle_sold_individually_context":"","bundle_item_grouping":"","bundle_min_size":"","bundle_max_size":"","bundle_price":[],"bundled_items":[],"bundle_sell_ids":[],"acf":[],"_links":{"self":[{"href":"https:\/\/integratek.es\/ca\/wp-json\/wp\/v2\/product\/203963","targetHints":{"allow":["GET"]}}],"collection":[{"href":"https:\/\/integratek.es\/ca\/wp-json\/wp\/v2\/product"}],"about":[{"href":"https:\/\/integratek.es\/ca\/wp-json\/wp\/v2\/types\/product"}],"replies":[{"embeddable":true,"href":"https:\/\/integratek.es\/ca\/wp-json\/wp\/v2\/comments?post=203963"}],"version-history":[{"count":0,"href":"https:\/\/integratek.es\/ca\/wp-json\/wp\/v2\/product\/203963\/revisions"}],"wp:featuredmedia":[{"embeddable":true,"href":"https:\/\/integratek.es\/ca\/wp-json\/wp\/v2\/media\/203964"}],"wp:attachment":[{"href":"https:\/\/integratek.es\/ca\/wp-json\/wp\/v2\/media?parent=203963"}],"wp:term":[{"taxonomy":"product_brand","embeddable":true,"href":"https:\/\/integratek.es\/ca\/wp-json\/wp\/v2\/product_brand?post=203963"},{"taxonomy":"product_cat","embeddable":true,"href":"https:\/\/integratek.es\/ca\/wp-json\/wp\/v2\/product_cat?post=203963"},{"taxonomy":"product_tag","embeddable":true,"href":"https:\/\/integratek.es\/ca\/wp-json\/wp\/v2\/product_tag?post=203963"}],"curies":[{"name":"wp","href":"https:\/\/api.w.org\/{rel}","templated":true}]}}