{"id":203955,"date":"2025-05-26T17:18:48","date_gmt":"2025-05-26T15:18:48","guid":{"rendered":"https:\/\/integratek.es\/tienda\/sense%20categoria\/foment-de-la-lectura-a-laula-estrategies-i-recursos-didactics\/"},"modified":"2026-05-13T16:29:14","modified_gmt":"2026-05-13T14:29:14","slug":"foment-de-la-lectura-a-laula-estrategies-i-recursos-didactics","status":"publish","type":"product","link":"https:\/\/integratek.es\/ca\/botiga\/cursos-online-ca\/atencio-a-la-diversitat\/foment-de-la-lectura-a-laula-estrategies-i-recursos-didactics\/","title":{"rendered":"Foment de la lectura a l&#8217;aula: Estrat\u00e8gies i recursos did\u00e0ctics"},"content":{"rendered":"<p><span style=\"font-weight: 400;\">La lectura \u00e9s una eina fonamental per al desenvolupament cognitiu, emocional i social dels infants i joves. Llegir fomenta la imaginaci\u00f3, la creativitat i la capacitat cr\u00edtica, a m\u00e9s d&#8217;obrir les portes a nous coneixements i experi\u00e8ncies. <\/span><span style=\"font-weight: 400;\">Aquest curs t\u00e9 com a objectiu dotar els docents i professionals de l&#8217;educaci\u00f3 d&#8217;eines pr\u00e0ctiques i estrat\u00e8gies per fomentar l&#8217;h\u00e0bit lector en l&#8217;alumnat, adaptant-se a les necessitats i interessos de cada etapa educativa.<\/span><\/p>\n<p><span style=\"font-weight: 400;\">Mitjan\u00e7ant un enfocament pr\u00e0ctic i participatiu, es treballaran t\u00e8cniques per despertar la motivaci\u00f3 lectora, crear ambients lectors rics i aprofitar les tecnologies digitals per a la promoci\u00f3 de la lectura.<\/span><\/p>\n","protected":false},"excerpt":{"rendered":"<p>Aquest curs t\u00e9 com a objectiu <b>dotar els docents i professionals de l&#8217;educaci\u00f3 d&#8217;eines pr\u00e0ctiques i estrat\u00e8gies per fomentar l&#8217;h\u00e0bit lector en l&#8217;alumnat<\/b>, adaptant-se a les necessitats i interessos de cada etapa educativa.<\/p>\n","protected":false},"featured_media":203956,"comment_status":"open","ping_status":"closed","template":"","meta":{"_acf_changed":false,"footnotes":""},"product_brand":[],"product_cat":[741,743],"product_tag":[788,791,787,786,784,789,798,797,782,792,785,781,795,790,794,796,783,793],"class_list":{"0":"post-203955","1":"product","2":"type-product","3":"status-publish","4":"has-post-thumbnail","6":"product_cat-atencio-a-la-diversitat","7":"product_cat-cursos-online-ca","8":"product_tag-animacio-lectora-ca","9":"product_tag-audiolibres","10":"product_tag-biblioteca-escolar-ca","11":"product_tag-competencia-lectora-ca","12":"product_tag-comprensio-lectora-ca","13":"product_tag-estrategies-didactiques-ca","14":"product_tag-evaluacio-lectora","15":"product_tag-familia-i-lectura-ca","16":"product_tag-foment-lector-ca","17":"product_tag-gamificacio-i-lectura-ca","18":"product_tag-habits-lectors-ca","19":"product_tag-lectura-ca","20":"product_tag-lectura-critica-ca","21":"product_tag-lectura-digital-ca","22":"product_tag-lectura-per-plaer-ca","23":"product_tag-literatura-infantil-i-juvenil-ca","24":"product_tag-motivacio-lectora-ca","25":"product_tag-tecnologies-i-foment-lector-ca","27":"first","28":"instock","29":"sale","30":"sold-individually","31":"taxable","32":"shipping-taxable","33":"purchasable","34":"product-type-variable"},"bundled_by":[],"bundle_stock_status":"instock","bundle_stock_quantity":null,"bundle_virtual":false,"bundle_layout":"","bundle_add_to_cart_form_location":"","bundle_editable_in_cart":false,"bundle_sold_individually_context":"","bundle_item_grouping":"","bundle_min_size":"","bundle_max_size":"","bundle_price":[],"bundled_items":[],"bundle_sell_ids":[],"acf":[],"_links":{"self":[{"href":"https:\/\/integratek.es\/ca\/wp-json\/wp\/v2\/product\/203955","targetHints":{"allow":["GET"]}}],"collection":[{"href":"https:\/\/integratek.es\/ca\/wp-json\/wp\/v2\/product"}],"about":[{"href":"https:\/\/integratek.es\/ca\/wp-json\/wp\/v2\/types\/product"}],"replies":[{"embeddable":true,"href":"https:\/\/integratek.es\/ca\/wp-json\/wp\/v2\/comments?post=203955"}],"version-history":[{"count":1,"href":"https:\/\/integratek.es\/ca\/wp-json\/wp\/v2\/product\/203955\/revisions"}],"predecessor-version":[{"id":215277,"href":"https:\/\/integratek.es\/ca\/wp-json\/wp\/v2\/product\/203955\/revisions\/215277"}],"wp:featuredmedia":[{"embeddable":true,"href":"https:\/\/integratek.es\/ca\/wp-json\/wp\/v2\/media\/203956"}],"wp:attachment":[{"href":"https:\/\/integratek.es\/ca\/wp-json\/wp\/v2\/media?parent=203955"}],"wp:term":[{"taxonomy":"product_brand","embeddable":true,"href":"https:\/\/integratek.es\/ca\/wp-json\/wp\/v2\/product_brand?post=203955"},{"taxonomy":"product_cat","embeddable":true,"href":"https:\/\/integratek.es\/ca\/wp-json\/wp\/v2\/product_cat?post=203955"},{"taxonomy":"product_tag","embeddable":true,"href":"https:\/\/integratek.es\/ca\/wp-json\/wp\/v2\/product_tag?post=203955"}],"curies":[{"name":"wp","href":"https:\/\/api.w.org\/{rel}","templated":true}]}}