{"id":203949,"date":"2025-06-03T15:54:07","date_gmt":"2025-06-03T13:54:07","guid":{"rendered":"https:\/\/integratek.es\/tienda\/sense%20categoria\/atencio-a-lalumnat-amb-necessitats-emocionals-i-conductuals\/"},"modified":"2026-05-13T16:24:53","modified_gmt":"2026-05-13T14:24:53","slug":"atencio-a-lalumnat-amb-necessitats-emocionals-i-conductuals","status":"publish","type":"product","link":"https:\/\/integratek.es\/ca\/botiga\/cursos-online-ca\/atencio-a-la-diversitat\/atencio-a-lalumnat-amb-necessitats-emocionals-i-conductuals\/","title":{"rendered":"Atenci\u00f3 a l&#8217;alumnat amb necessitats emocionals i conductuals"},"content":{"rendered":"<p><span style=\"font-weight: 400;\">Els<\/span> <b>trastorns i les dificultats emocionals i conductuals<\/b> <span style=\"font-weight: 400;\">poden afectar el desenvolupament acad\u00e8mic i social dels infants i adolescents, dificultant el seu aprenentatge i relacions interpersonals. Aquest curs ofereix estrat\u00e8gies i eines per a   <\/span><b>identificar, comprendre i atendre l&#8217;alumnat amb dificultats i trastorns emocionals i conductuals<\/b> <span style=\"font-weight: 400;\">, proporcionant recursos per adaptar l&#8217;ensenyament i millorar la conviv\u00e8ncia a l&#8217;aula.<\/span><\/p>\n<p><span style=\"font-weight: 400;\">A trav\u00e9s d&#8217;un enfocament pr\u00e0ctic i basat en<\/span> <b>evid\u00e8ncies cient\u00edfiques<\/b> <span style=\"font-weight: 400;\">, es treballaran t\u00e8cniques per a la<\/span> <b>gesti\u00f3 de l&#8217;aula, el desenvolupament d&#8217;habilitats socioemocionals i la col\u00b7laboraci\u00f3 amb les fam\u00edlies i l&#8217;equip psicopedag\u00f2gic<\/b> <span style=\"font-weight: 400;\">.<\/span><\/p>\n","protected":false},"excerpt":{"rendered":"<p>Aquest curs proporciona estrat\u00e8gies i recursos pr\u00e0ctics basats en evid\u00e8ncies cient\u00edfiques per identificar i atendre l&#8217;alumnat amb trastorns emocionals i conductuals, afavorint el seu aprenentatge, la conviv\u00e8ncia a l&#8217;aula i la col\u00b7laboraci\u00f3 amb les fam\u00edlies i professionals.<\/p>\n","protected":false},"featured_media":203950,"comment_status":"open","ping_status":"closed","template":"","meta":{"_acf_changed":false,"footnotes":""},"product_brand":[],"product_cat":[741,743],"product_tag":[774,778,780,776,775,779,773,777,772,771],"class_list":{"0":"post-203949","1":"product","2":"type-product","3":"status-publish","4":"has-post-thumbnail","6":"product_cat-atencio-a-la-diversitat","7":"product_cat-cursos-online-ca","8":"product_tag-aprenentatge-socioemocional-ca","9":"product_tag-atencio-a-la-diversitat-ca-2","10":"product_tag-collaboracio-familia-escola-ca","11":"product_tag-convivencia-escolar-ca","12":"product_tag-educacio-inclusiva-ca","13":"product_tag-estrategies-per-a-la-resolucio-de-conflictes-ca","14":"product_tag-gestio-de-laula-ca","15":"product_tag-intervencio-psicopedagogica-ca","16":"product_tag-regulacio-emocional-ca","17":"product_tag-trastorns-emocionals-i-conductuals-ca","19":"first","20":"instock","21":"sale","22":"sold-individually","23":"taxable","24":"shipping-taxable","25":"purchasable","26":"product-type-variable"},"bundled_by":[],"bundle_stock_status":"instock","bundle_stock_quantity":null,"bundle_virtual":false,"bundle_layout":"","bundle_add_to_cart_form_location":"","bundle_editable_in_cart":false,"bundle_sold_individually_context":"","bundle_item_grouping":"","bundle_min_size":"","bundle_max_size":"","bundle_price":[],"bundled_items":[],"bundle_sell_ids":[],"acf":[],"_links":{"self":[{"href":"https:\/\/integratek.es\/ca\/wp-json\/wp\/v2\/product\/203949","targetHints":{"allow":["GET"]}}],"collection":[{"href":"https:\/\/integratek.es\/ca\/wp-json\/wp\/v2\/product"}],"about":[{"href":"https:\/\/integratek.es\/ca\/wp-json\/wp\/v2\/types\/product"}],"replies":[{"embeddable":true,"href":"https:\/\/integratek.es\/ca\/wp-json\/wp\/v2\/comments?post=203949"}],"version-history":[{"count":1,"href":"https:\/\/integratek.es\/ca\/wp-json\/wp\/v2\/product\/203949\/revisions"}],"predecessor-version":[{"id":215209,"href":"https:\/\/integratek.es\/ca\/wp-json\/wp\/v2\/product\/203949\/revisions\/215209"}],"wp:featuredmedia":[{"embeddable":true,"href":"https:\/\/integratek.es\/ca\/wp-json\/wp\/v2\/media\/203950"}],"wp:attachment":[{"href":"https:\/\/integratek.es\/ca\/wp-json\/wp\/v2\/media?parent=203949"}],"wp:term":[{"taxonomy":"product_brand","embeddable":true,"href":"https:\/\/integratek.es\/ca\/wp-json\/wp\/v2\/product_brand?post=203949"},{"taxonomy":"product_cat","embeddable":true,"href":"https:\/\/integratek.es\/ca\/wp-json\/wp\/v2\/product_cat?post=203949"},{"taxonomy":"product_tag","embeddable":true,"href":"https:\/\/integratek.es\/ca\/wp-json\/wp\/v2\/product_tag?post=203949"}],"curies":[{"name":"wp","href":"https:\/\/api.w.org\/{rel}","templated":true}]}}