{"id":203944,"date":"2025-07-14T09:23:31","date_gmt":"2025-07-14T07:23:31","guid":{"rendered":"https:\/\/integratek.es\/tienda\/sense%20categoria\/interpretacio-del-wisc-v-taller-practic-online-10-doctubre-del-2025\/"},"modified":"2025-11-22T12:08:35","modified_gmt":"2025-11-22T11:08:35","slug":"interpretacio-del-wisc-v-taller-practic-online-10-doctubre-del-2025","status":"publish","type":"product","link":"https:\/\/integratek.es\/ca\/botiga\/cursos-online-ca\/atencio-a-la-diversitat\/interpretacio-del-wisc-v-taller-practic-online-10-doctubre-del-2025\/","title":{"rendered":"Interpretaci\u00f3 del WISC-V. Taller pr\u00e0ctic online | 10 d&#8217;octubre del 2025"},"content":{"rendered":"<div class=\"row\"  id=\"row-1748179492\">\n\n\t<div id=\"col-948749838\" class=\"col small-12 large-12\"  >\n\t\t\t\t<div class=\"col-inner\"  >\n\t\t\t\n\t\t\t\n<p><span style=\"font-weight: 400;\">L&#8217;escala d&#8217;Intel\u00b7lig\u00e8ncia de Wechsler per a Nens-V (WISC-V) \u00e9s una de les eines m\u00e9s utilitzades per avaluar la intel\u00b7lig\u00e8ncia en nens i adolescents entre els 6 i els 16 anys. La seva interpretaci\u00f3 correcta permet con\u00e8ixer en profunditat el perfil cognitiu de l&#8217;avaluat i orientar intervencions en contextos educatius i cl\u00ednics. <\/span><\/p>\n<p><b>Aquest curs pr\u00e0ctic est\u00e0 dissenyat per proporcionar als participants les eines necess\u00e0ries per analitzar i interpretar els resultats del WISC-V amb m\u00e9s precisi\u00f3, facilitant la presa de decisions a nivell psicopedag\u00f2gic i neuropsicol\u00f2gic.<\/b><\/p>\n\t\t<\/div>\n\t\t\t\t\n<style>\n#col-948749838 > .col-inner {\n  margin: 0px 0px -39px 0px;\n}\n<\/style>\n\t<\/div>\n\n\t\n<\/div>\n<div class=\"row row-large\"  id=\"row-55694996\">\n\n\t<div id=\"col-103526723\" class=\"col small-12 large-12\"  >\n\t\t\t\t<div class=\"col-inner text-left\"  >\n\t\t\t\n\t\t\t\n<div class=\"wpb_text_column wpb_content_element \">\n<div class=\"wpb_wrapper\">\n<div class=\"wpb_text_column-text-style\">\n<div class=\"wpb_text_column wpb_content_element \">\n<div class=\"wpb_wrapper\">\n<div class=\"wpb_text_column-text-style\">\n<h2><span data-text-color=\"primary\"><img loading=\"lazy\" decoding=\"async\" class=\" wp-image-40671 alignnone\" src=\"https:\/\/integratek.es\/wp-content\/uploads\/2018\/02\/target.png\" alt=\"\" width=\"40\" height=\"40\" srcset=\"https:\/\/integratek.es\/wp-content\/uploads\/2018\/02\/target.png 256w, https:\/\/integratek.es\/wp-content\/uploads\/2018\/02\/target-247x256.png 247w, https:\/\/integratek.es\/wp-content\/uploads\/2018\/02\/target-100x100.png 100w, https:\/\/integratek.es\/wp-content\/uploads\/2018\/02\/target-180x180.png 180w\" sizes=\"auto, (max-width: 40px) 100vw, 40px\" \/> Objectius del curs<\/span><\/h2>\n<\/div>\n<\/div>\n<\/div>\n<div class=\"wpb_text_column wpb_content_element \">\n<div class=\"wpb_wrapper\">\n<div class=\"wpb_text_column-text-style\">\n<ul>\n<li style=\"text-align: left;\">Interpretaci\u00f3 del CI total i dels \u00edndexs principals i secundaris.<\/li>\n<li style=\"text-align: left;\">Identificaci\u00f3 i an\u00e0lisi de puntuacions complement\u00e0ries.<\/li>\n<li style=\"text-align: left;\">Relaci\u00f3 entre els perfils cognitius i diferents trastorns del desenvolupament.<\/li>\n<li style=\"text-align: left;\">Aplicaci\u00f3 pr\u00e0ctica a trav\u00e9s de casos cl\u00ednics.<\/li>\n<\/ul>\n<\/div>\n<\/div>\n<\/div>\n<\/div>\n<\/div>\n<\/div>\n\t\t<\/div>\n\t\t\t\t\n<style>\n#col-103526723 > .col-inner {\n  padding: 0px 0px 0px 0px;\n}\n<\/style>\n\t<\/div>\n\n\t\n\n<style>\n#row-55694996 > .col > .col-inner {\n  padding: 30px 0px 0px 0px;\n}\n<\/style>\n<\/div>\n<div class=\"row row-large\"  id=\"row-1365718079\">\n\n\t<div id=\"col-1033019465\" class=\"col small-12 large-12\"  >\n\t\t\t\t<div class=\"col-inner text-left\"  >\n\t\t\t\n\t\t\t\n<div class=\"wpb_text_column wpb_content_element \">\n<div class=\"wpb_wrapper\">\n<div class=\"wpb_text_column-text-style\">\n<h2><span data-text-color=\"primary\"> <img loading=\"lazy\" decoding=\"async\" class=\" wp-image-40668 alignnone\" src=\"https:\/\/integratek.es\/wp-content\/uploads\/2018\/02\/online-course.png\" alt=\"\" width=\"40\" height=\"40\" srcset=\"https:\/\/integratek.es\/wp-content\/uploads\/2018\/02\/online-course.png 256w, https:\/\/integratek.es\/wp-content\/uploads\/2018\/02\/online-course-247x256.png 247w, https:\/\/integratek.es\/wp-content\/uploads\/2018\/02\/online-course-100x100.png 100w, https:\/\/integratek.es\/wp-content\/uploads\/2018\/02\/online-course-180x180.png 180w\" sizes=\"auto, (max-width: 40px) 100vw, 40px\" \/> Contingut<\/span><\/h2>\n<p><b>Bloc 0: Introducci\u00f3<\/b><br \/>\nContextualitzaci\u00f3 del WISC-V a l&#8217;avaluaci\u00f3 psicol\u00f2gica i neuropsicol\u00f2gica.<\/p>\n<p><b>Bloc 1: Generalitats<\/b><br \/>\nOrganitzaci\u00f3 de l&#8217;escala i els components.<\/p>\n<p><b>Bloc 2: \u00cdndexs principals<\/b><br \/>\nInterpretaci\u00f3 del CI Total<br \/>\nAn\u00e0lisi dels \u00edndexs primaris i secundaris.<\/p>\n<p><b>Bloc 3: Relaci\u00f3 entre els \u00edndexs i el funcionament neurocognitiu<\/b><br \/>\nCorrelacions anat\u00f2miques i neurofuncionals.<\/p>\n<p><b>Bloc 4: Perfils WISC-V segons els trastorns del neurodesenvolupament<\/b><br \/>\nRelaci\u00f3 amb TDAH, TEA, dificultats de laprenentatge, etc.<\/p>\n<p><b>Bloc 5: Puntuacions complement\u00e0ries<\/b><br \/>\nQuan utilitzar-les i com interpretar-les?<\/p>\n<p><b>Bloc 6: An\u00e0lisi de casos reals<\/b><br \/>\nIntegraci\u00f3 de resultats i elaboraci\u00f3 dinforme.<\/p>\n<p><b>Bloc 7: Conclusions i tancament<\/b><\/p>\n<\/div>\n<\/div>\n<\/div>\n\t\t<\/div>\n\t\t\t\t\t<\/div>\n\n\t\n\n<style>\n#row-1365718079 > .col > .col-inner {\n  padding: 0px 0px 0px 0px;\n}\n<\/style>\n<\/div>\n<div class=\"row row-large\"  id=\"row-745012282\">\n\n\t<div id=\"col-1264343682\" class=\"col small-12 large-12\"  >\n\t\t\t\t<div class=\"col-inner text-left\"  >\n\t\t\t\n\t\t\t\n<div class=\"wpb_text_column wpb_content_element \">\n<div class=\"wpb_wrapper\">\n<div class=\"wpb_text_column-text-style\">\n<h2><span data-text-color=\"primary\"> <img loading=\"lazy\" decoding=\"async\" class=\" wp-image-40668 alignnone\" src=\"https:\/\/integratek.es\/wp-content\/uploads\/2018\/02\/online-course.png\" alt=\"\" width=\"40\" height=\"40\" srcset=\"https:\/\/integratek.es\/wp-content\/uploads\/2018\/02\/online-course.png 256w, https:\/\/integratek.es\/wp-content\/uploads\/2018\/02\/online-course-247x256.png 247w, https:\/\/integratek.es\/wp-content\/uploads\/2018\/02\/online-course-100x100.png 100w, https:\/\/integratek.es\/wp-content\/uploads\/2018\/02\/online-course-180x180.png 180w\" sizes=\"auto, (max-width: 40px) 100vw, 40px\" \/> Metodologia<\/span><\/h2>\n<ul>\n<li>F <b>ormaci\u00f3 100% online en directe<\/b> , amb sessions interactives i din\u00e0miques participatives.<\/li>\n<li><b>Acc\u00e9s posterior als continguts<\/b> : Els participants podran accedir als enregistraments de les sessions i al material d&#8217;estudi per consultar despr\u00e9s de la formaci\u00f3.<\/li>\n<li><b>Materials descarregables<\/b> : Es proporcionar\u00e0 material original amb la seva correcci\u00f3, juntament amb documentaci\u00f3 complement\u00e0ria per aprofundir els continguts.<\/li>\n<li><b>Enfocament pr\u00e0ctic<\/b> Cada bloc combina una base te\u00f2rica amb an\u00e0lisi de casos reals, promovent la reflexi\u00f3 i l&#8217;aprenentatge aplicat.<\/li>\n<li><b>Espai de discussi\u00f3 i resoluci\u00f3 de dubtes<\/b> : Els assistents podran plantejar preguntes i compartir experi\u00e8ncies en temps real.<\/li>\n<\/ul>\n<p><b><u>ACTIVITAT PR\u00c8VIA<\/u><\/b><br \/>\nPer fer la part pr\u00e0ctica el mateix dia del taller, els participants podran completar una activitat pr\u00e8viament. D&#8217;aquesta manera, un cop feta la inscripci\u00f3 tindr\u00e0s <b><a href=\"https:\/\/campusvirtual.integratek.es\/\">acc\u00e9s al Campus Virtual<\/a><\/b> , on trobar\u00e0s l&#8217;activitat oberta per fer la teva aportaci\u00f3 fins al 10 d&#8217;octubre.<\/p>\n<\/div>\n<\/div>\n<\/div>\n\t\t<\/div>\n\t\t\t\t\t<\/div>\n\n\t\n\n<style>\n#row-745012282 > .col > .col-inner {\n  padding: 0px 0px 0px 0px;\n}\n<\/style>\n<\/div>\n<div class=\"row row-collapse\"  id=\"row-1366313227\">\n\n\t<div id=\"col-1393304842\" class=\"col medium-8 small-12 large-8\"  >\n\t\t\t\t<div class=\"col-inner\"  >\n\t\t\t\n\t\t\t\n\t<div id=\"text-4261122787\" class=\"text\">\n\t\t\n<div class=\"wpb_text_column wpb_content_element \">\n<div class=\"wpb_wrapper\">\n<div class=\"wpb_text_column-text-style\">\n<div class=\"wpb_text_column wpb_content_element \">\n<div class=\"wpb_wrapper\">\n<div class=\"wpb_text_column-text-style\">\n<h2 style=\"text-align: left;\"><span data-text-color=\"primary\"><img loading=\"lazy\" decoding=\"async\" class=\" wp-image-40661 alignnone\" src=\"https:\/\/integratek.es\/wp-content\/uploads\/2018\/02\/speak.png\" alt=\"\" width=\"41\" height=\"41\" align=\"left\" srcset=\"https:\/\/integratek.es\/wp-content\/uploads\/2018\/02\/speak.png 256w, https:\/\/integratek.es\/wp-content\/uploads\/2018\/02\/speak-247x256.png 247w, https:\/\/integratek.es\/wp-content\/uploads\/2018\/02\/speak-100x100.png 100w, https:\/\/integratek.es\/wp-content\/uploads\/2018\/02\/speak-180x180.png 180w\" sizes=\"auto, (max-width: 41px) 100vw, 41px\" \/> La Formadora<\/span><\/h2>\n<p align=\"left\">Llicenciada en Psicologia, experta en Neuropsicologia i Psicoterapeuta. Treballa a la Unitat de Trastorns de l&#8217;Aprenentatge Escolar (UTAE) de l&#8217;Hospital Sant Joan de D\u00e9u de Barcelona ia la consulta privada (Neuro&amp;Psico). A m\u00e9s, \u00e9s investigadora, docent en diversos m\u00e0sters i consultora a la Universitat Oberta de Catalunya (UOC).<\/p>\n<\/div>\n<\/div>\n<\/div>\n<\/div>\n<\/div>\n<\/div>\n\t\t\n<style>\n#text-4261122787 {\n  text-align: left;\n}\n<\/style>\n\t<\/div>\n\t\n\t<div id=\"text-445762139\" class=\"text\">\n\t\t\n<div class=\"wpb_text_column wpb_content_element \">\n<div class=\"wpb_wrapper\">\n<div class=\"wpb_text_column-text-style\">\n<div class=\"wpb_text_column wpb_content_element \">\n<div class=\"wpb_wrapper\">\n<div class=\"wpb_text_column-text-style\">\n<p align=\"left\"><a href=\"https:\/\/academy.integratek.es\/formadores\/3\/maria-garau\">Coneix a Maria<\/a><\/p>\n<\/div>\n<\/div>\n<\/div>\n<\/div>\n<\/div>\n<\/div>\n\t\t\n<style>\n#text-445762139 {\n  text-align: left;\n}\n<\/style>\n\t<\/div>\n\t\n\t\t<\/div>\n\t\t\t\t\n<style>\n#col-1393304842 > .col-inner {\n  padding: 0px 0px 30px 0px;\n}\n<\/style>\n\t<\/div>\n\n\t\n\n\t<div id=\"col-444626103\" class=\"col medium-4 small-12 large-4\"  >\n\t\t\t\t<div class=\"col-inner text-center\"  >\n\t\t\t\n\t\t\t\n\t<div id=\"text-332821188\" class=\"text\">\n\t\t\n<p align=\"center\"><b>Maria Garau<\/b><br \/>\nNEUROPSIC\u00d2LOGA<\/p>\n\t\t\n<style>\n#text-332821188 {\n  text-align: left;\n}\n<\/style>\n\t<\/div>\n\t\n\t<div class=\"img has-hover x md-x lg-x y md-y lg-y\" id=\"image_379488901\">\n\t\t\t\t\t\t\t\t<div class=\"img-inner dark\" style=\"margin:-20px 0px 0px 0px;\">\n\t\t\t<img loading=\"lazy\" decoding=\"async\" width=\"540\" height=\"540\" src=\"https:\/\/integratek.es\/wp-content\/uploads\/2022\/03\/FOTOS-FORMADORS-ITK-6.jpg\" class=\"attachment-large size-large\" alt=\"\" srcset=\"https:\/\/integratek.es\/wp-content\/uploads\/2022\/03\/FOTOS-FORMADORS-ITK-6.jpg 540w, https:\/\/integratek.es\/wp-content\/uploads\/2022\/03\/FOTOS-FORMADORS-ITK-6-400x400.jpg 400w, https:\/\/integratek.es\/wp-content\/uploads\/2022\/03\/FOTOS-FORMADORS-ITK-6-280x280.jpg 280w, https:\/\/integratek.es\/wp-content\/uploads\/2022\/03\/FOTOS-FORMADORS-ITK-6-510x510.jpg 510w, https:\/\/integratek.es\/wp-content\/uploads\/2022\/03\/FOTOS-FORMADORS-ITK-6-100x100.jpg 100w\" sizes=\"auto, (max-width: 540px) 100vw, 540px\" \/>\t\t\t\t\t\t\n\t\t\t\t\t<\/div>\n\t\t\t\t\t\t\t\t\n<style>\n#image_379488901 {\n  width: 70%;\n}\n<\/style>\n\t<\/div>\n\t\n\t\t<\/div>\n\t\t\t\t\t<\/div>\n\n\t\n<\/div>\n<div class=\"row\"  id=\"row-1605290277\">\n\n\t<div id=\"col-1451034925\" class=\"col small-12 large-12\"  >\n\t\t\t\t<div class=\"col-inner\"  >\n\t\t\t\n\t\t\t\n<div class=\"wpb_text_column wpb_content_element \">\n<div class=\"wpb_wrapper\">\n<div class=\"wpb_text_column-text-style\">\n<div class=\"wpb_text_column wpb_content_element \">\n<div class=\"wpb_wrapper\">\n<div class=\"wpb_text_column-text-style\">\n<h2><span data-text-color=\"primary\"><img loading=\"lazy\" decoding=\"async\" class=\" wp-image-40658 alignnone\" src=\"https:\/\/integratek.es\/wp-content\/uploads\/2018\/02\/clock-circular-outline.png\" alt=\"\" width=\"40\" height=\"40\" srcset=\"https:\/\/integratek.es\/wp-content\/uploads\/2018\/02\/clock-circular-outline.png 256w, https:\/\/integratek.es\/wp-content\/uploads\/2018\/02\/clock-circular-outline-247x256.png 247w, https:\/\/integratek.es\/wp-content\/uploads\/2018\/02\/clock-circular-outline-100x100.png 100w, https:\/\/integratek.es\/wp-content\/uploads\/2018\/02\/clock-circular-outline-180x180.png 180w\" sizes=\"auto, (max-width: 40px) 100vw, 40px\" \/> Horari<\/span><\/h2>\n<p><b>Durada total: 5 hores<\/b> (formaci\u00f3 en l\u00ednia en directe i acc\u00e9s posterior a materials)<\/p>\n<p><b>Horari de les sessions en viu:<\/b><\/p>\n<p>9:00 \u2013 11:00 h <span style=\"font-weight: 400;\">\u2192 Primera part.<\/span><\/p>\n<p>11:00 \u2013 11:20 h <span style=\"font-weight: 400;\">\u2192 Pausa.<\/span><\/p>\n<p>11:20 \u2013 13:00 h <span style=\"font-weight: 400;\">\u2192 Segona part.<\/span><\/p>\n<p>13:00 &#8211; 14:00 h <span style=\"font-weight: 400;\">\u2192 Casos pr\u00e0ctics i tancament.<\/span><\/p>\n<\/div>\n<\/div>\n<\/div>\n<\/div>\n<\/div>\n<\/div>\n\t\t<\/div>\n\t\t\t\t\t<\/div>\n\n\t\n\n\t<div id=\"col-1678282535\" class=\"col small-12 large-12\"  >\n\t\t\t\t<div class=\"col-inner\"  >\n\t\t\t\n\t\t\t\n<div class=\"wpb_text_column wpb_content_element \">\n<div class=\"wpb_wrapper\">\n<div class=\"wpb_text_column-text-style\">\n<div class=\"wpb_text_column wpb_content_element \">\n<div class=\"wpb_wrapper\">\n<div class=\"wpb_text_column-text-style\">\n<h2><span data-text-color=\"primary\">Material<\/span><\/h2>\n<\/div>\n<\/div>\n<\/div>\n<\/div>\n<\/div>\n<\/div>\n<div class=\"wpb_text_column wpb_content_element \">\n<div class=\"wpb_wrapper\">\n<div class=\"wpb_text_column-text-style\">\n<div class=\"wpb_text_column wpb_content_element \">\n<div class=\"wpb_wrapper\">\n<div class=\"wpb_text_column-text-style\">\n<p>Tot el material del taller estar\u00e0 disponible al <b><a href=\"https:\/\/campusvirtual.integratek.es\/my\/\">Campus Virtual<\/a><\/b> d&#8217;Integratek on podr\u00e0s accedir amb les credencials d&#8217;inscripci\u00f3.<\/p>\n<p><b>Enregistrament complet:<\/b> La sessi\u00f3 en directe ser\u00e0 enregistrada i podr\u00e0s tornar a visualitzar tots els v\u00eddeos. En cas que no pugueu assistir a l&#8217;emissi\u00f3 el mateix dia del taller, tamb\u00e9 tindreu acc\u00e9s al material en v\u00eddeo en diferit <b>fins al 30 de novembre.<\/b><\/p>\n<p><b>Material complementari:<\/b> Documentaci\u00f3 addicional per aprofundir els continguts i tot el material original del taller amb la correcci\u00f3 corresponent.<\/p>\n<p><b>Enquesta de satisfacci\u00f3:<\/b> Al final del taller, caldr\u00e0 fer una petita enquesta per avaluar-ne la qualitat.<\/p>\n<p><b>Certificat de participaci\u00f3:<\/b> Tots els participants podran obtenir un certificat de participaci\u00f3 del taller amb les vostres dades personals.<\/p>\n<\/div>\n<\/div>\n<\/div>\n<\/div>\n<\/div>\n<\/div>\n\t\t<\/div>\n\t\t\t\t\t<\/div>\n\n\t\n<\/div>\n<div class=\"text-center\"><div class=\"is-divider divider clearfix\" style=\"max-width:145px;height:1px;background-color:rgb(108, 95, 95);\"><\/div><\/div>\n<div class=\"row\"  id=\"row-1362210902\">\n\n\t<div id=\"col-980744129\" class=\"col medium-4 small-6 large-4\"  >\n\t\t\t\t<div class=\"col-inner\"  >\n\t\t\t\n\t\t\t\n\n\t\t<div class=\"icon-box featured-box icon-box-center text-center\"  >\n\t\t\t\t\t<div class=\"icon-box-img\" style=\"width: 60px\">\n\t\t\t\t<div class=\"icon\">\n\t\t\t\t\t<div class=\"icon-inner\" >\n\t\t\t\t\t\t<img loading=\"lazy\" decoding=\"async\" width=\"256\" height=\"256\" src=\"https:\/\/integratek.es\/wp-content\/uploads\/2018\/02\/multiple-users-silhouette.png\" class=\"attachment-medium size-medium\" alt=\"\" srcset=\"https:\/\/integratek.es\/wp-content\/uploads\/2018\/02\/multiple-users-silhouette.png 256w, https:\/\/integratek.es\/wp-content\/uploads\/2018\/02\/multiple-users-silhouette-100x100.png 100w, https:\/\/integratek.es\/wp-content\/uploads\/2018\/02\/multiple-users-silhouette-180x180.png 180w\" sizes=\"auto, (max-width: 256px) 100vw, 256px\" \/>\t\t\t\t\t<\/div>\n\t\t\t\t<\/div>\n\t\t\t<\/div>\n\t\t\t\t<div class=\"icon-box-text last-reset\">\n\t\t\t<h5 class=\"uppercase\">A qui est\u00e0 dirigit?<\/h5>\t\t\t\t\t\t\n\t<div id=\"text-3619033726\" class=\"text\">\n\t\t\n<p style=\"text-align: left;\" align=\"center\">Professionals de la psicologia, neuropsicologia i psicologia sanit\u00e0ria, i altres professionals relacionats amb leducaci\u00f3 que tinguin inter\u00e8s en el diagn\u00f2stic cognitiu.<\/p>\n\t\t\n<style>\n#text-3619033726 {\n  text-align: center;\n}\n<\/style>\n\t<\/div>\n\t\n\t\t<\/div>\n\t<\/div>\n\t\n\t\n\t\t<\/div>\n\t\t\t\t\t<\/div>\n\n\t\n\n\t<div id=\"col-1194124963\" class=\"col medium-4 small-6 large-4\"  >\n\t\t\t\t<div class=\"col-inner\"  >\n\t\t\t\n\t\t\t\n\n\t\t<div class=\"icon-box featured-box icon-box-center text-center\"  >\n\t\t\t\t\t<div class=\"icon-box-img\" style=\"width: 60px\">\n\t\t\t\t<div class=\"icon\">\n\t\t\t\t\t<div class=\"icon-inner\" >\n\t\t\t\t\t\t<img loading=\"lazy\" decoding=\"async\" width=\"256\" height=\"256\" src=\"https:\/\/integratek.es\/wp-content\/uploads\/2018\/02\/medal.png\" class=\"attachment-medium size-medium\" alt=\"\" srcset=\"https:\/\/integratek.es\/wp-content\/uploads\/2018\/02\/medal.png 256w, https:\/\/integratek.es\/wp-content\/uploads\/2018\/02\/medal-100x100.png 100w, https:\/\/integratek.es\/wp-content\/uploads\/2018\/02\/medal-180x180.png 180w\" sizes=\"auto, (max-width: 256px) 100vw, 256px\" \/>\t\t\t\t\t<\/div>\n\t\t\t\t<\/div>\n\t\t\t<\/div>\n\t\t\t\t<div class=\"icon-box-text last-reset\">\n\t\t\t<h5 class=\"uppercase\">Lliurament de certificat<\/h5>\t\t\t\t\t\t\n<p style=\"text-align: left;\">Podr\u00e0s descarregar el certificat d&#8217;assist\u00e8ncia accedint al campus virtual i fent l&#8217;enquesta de satisfacci\u00f3.<\/p>\n\t\t<\/div>\n\t<\/div>\n\t\n\t\n\t\t<\/div>\n\t\t\t\t\t<\/div>\n\n\t\n\n\t<div id=\"col-143495759\" class=\"col medium-4 small-6 large-4\"  >\n\t\t\t\t<div class=\"col-inner\"  >\n\t\t\t\n\t\t\t\n\n\t\t<div class=\"icon-box featured-box icon-box-center text-center\"  >\n\t\t\t\t\t<div class=\"icon-box-img\" style=\"width: 60px\">\n\t\t\t\t<div class=\"icon\">\n\t\t\t\t\t<div class=\"icon-inner\" >\n\t\t\t\t\t\t<img loading=\"lazy\" decoding=\"async\" width=\"256\" height=\"256\" src=\"https:\/\/integratek.es\/wp-content\/uploads\/2018\/02\/question-mark.png\" class=\"attachment-medium size-medium\" alt=\"\" srcset=\"https:\/\/integratek.es\/wp-content\/uploads\/2018\/02\/question-mark.png 256w, https:\/\/integratek.es\/wp-content\/uploads\/2018\/02\/question-mark-100x100.png 100w, https:\/\/integratek.es\/wp-content\/uploads\/2018\/02\/question-mark-180x180.png 180w\" sizes=\"auto, (max-width: 256px) 100vw, 256px\" \/>\t\t\t\t\t<\/div>\n\t\t\t\t<\/div>\n\t\t\t<\/div>\n\t\t\t\t<div class=\"icon-box-text last-reset\">\n\t\t\t<h5 class=\"uppercase\">Preguntes freq\u00fcents<\/h5>\t\t\t\t\t\t\n<p style=\"text-align: left;\">A qui s&#8217;adre\u00e7a el curs? Quan m&#8217;he d&#8217;inscriure? On es fa el curs? De certificat d&#8217;assist\u00e8ncia?&#8230; <a href=\"\/?page_id=33977\" target=\"_blank\" rel=\"noopener\">Consulta aqu\u00ed totes les preguntes freq\u00fcents<\/a> .<\/p>\n\t\t<\/div>\n\t<\/div>\n\t\n\t\n\t\t<\/div>\n\t\t\t\t\t<\/div>\n\n\t\n<\/div>\n\n\t<section class=\"section contacta-con-nosotros2\" id=\"section_751752909\">\n\t\t<div class=\"section-bg fill\" >\n\t\t\t\t\t\t\t\t\t<div class=\"section-bg-overlay absolute fill\"><\/div>\n\t\t\t\n\t<div class=\"is-border\"\n\t\tstyle=\"border-width:0px 0 0px 0px;margin:0px 0 0px 0px;\">\n\t<\/div>\n\n\t\t<\/div>\n\n\t\t\n\n\t\t<div class=\"section-content relative\">\n\t\t\t\n<div class=\"row align-middle\"  id=\"row-898551480\">\n\n\t<div id=\"col-383615781\" class=\"col small-12 large-12\"  >\n\t\t\t\t<div class=\"col-inner\"  >\n\t\t\t\n\t\t\t\n<h2><span style=\"color: #ff8300; font-size: 115%;\"><img loading=\"lazy\" decoding=\"async\" class=\"wp-image-40633 alignnone\" src=\"https:\/\/integratek.es\/wp-content\/uploads\/2018\/02\/call-center-service-for-information.png\" alt=\"\" width=\"40\" height=\"40\" srcset=\"https:\/\/integratek.es\/wp-content\/uploads\/2018\/02\/call-center-service-for-information.png 256w, https:\/\/integratek.es\/wp-content\/uploads\/2018\/02\/call-center-service-for-information-247x256.png 247w, https:\/\/integratek.es\/wp-content\/uploads\/2018\/02\/call-center-service-for-information-100x100.png 100w, https:\/\/integratek.es\/wp-content\/uploads\/2018\/02\/call-center-service-for-information-180x180.png 180w\" sizes=\"auto, (max-width: 40px) 100vw, 40px\" \/> Tens dubtes? Contacta amb nosaltres<\/span><\/h2>\n<p>Recorda que pots contactar amb nosaltres trucant al 93 210 70 24, escrivint a cursos@integratek.es o completant el nostre formulari. T&#8217;informarem de tot all\u00f2 que necessitis sobre la formaci\u00f3.<\/p>\n\t\t<\/div>\n\t\t\t\t\n<style>\n#col-383615781 > .col-inner {\n  margin: 0px 0px -30px 0px;\n}\n<\/style>\n\t<\/div>\n\n\t\n\n\t<div id=\"col-478729186\" class=\"col small-12 large-12\"  >\n\t\t\t\t<div class=\"col-inner text-center\"  >\n\t\t\t\n\t\t\t\n<a href=\"\/contact\/\" target=\"_blank\" class=\"button primary\" rel=\"noopener\" style=\"border-radius:5px;\">\n\t\t<span>Contactar ara<\/span>\n\t<\/a>\n\n\t\t<\/div>\n\t\t\t\t\n<style>\n#col-478729186 > .col-inner {\n  margin: 0px 0px -100px 0px;\n}\n<\/style>\n\t<\/div>\n\n\t\n<\/div>\n\t\t<\/div>\n\n\t\t\n<style>\n#section_751752909 {\n  padding-top: 43px;\n  padding-bottom: 43px;\n  min-height: 0px;\n  background-color: rgb(193, 193, 193);\n}\n#section_751752909 .section-bg-overlay {\n  background-color: rgba(255, 255, 255, 0.85);\n}\n<\/style>\n\t<\/section>\n\t\n","protected":false},"excerpt":{"rendered":"<p><span style=\"font-weight: 400;\">Aquest curs pr\u00e0ctic est\u00e0 dissenyat per a proporcionar als participants les eines necess\u00e0ries per a analitzar i interpretar els resultats del WISC-V amb major precisi\u00f3, facilitant la presa de decisions en l&#8217;\u00e0mbit psicopedag\u00f2gic i neuropsicol\u00f2gic.<\/span><\/p>\n<p>Idioma: Castell\u00e0<\/p>\n<p><b>\u00daLTIMES PLACES<\/b><br \/>\nTaller en directe (disponible en diferit).<br \/>\n<i>\u00a1Places limitades!<\/i><\/p>\n","protected":false},"featured_media":208919,"comment_status":"open","ping_status":"closed","template":"","meta":{"_acf_changed":false,"footnotes":""},"product_brand":[],"product_cat":[741,743],"product_tag":[767,766,768,475,769],"class_list":{"0":"post-203944","1":"product","2":"type-product","3":"status-publish","4":"has-post-thumbnail","6":"product_cat-atencio-a-la-diversitat","7":"product_cat-cursos-online-ca","8":"product_tag-atencio-a-la-diversitat-ca","9":"product_tag-educacio","10":"product_tag-presencial-ca","11":"product_tag-trastornos-del-aprendizaje-ca","12":"product_tag-wisc-ca","14":"first","15":"outofstock","16":"virtual","17":"sold-individually","18":"taxable","19":"purchasable","20":"product-type-simple"},"bundled_by":[],"bundle_stock_status":"outofstock","bundle_stock_quantity":null,"bundle_virtual":false,"bundle_layout":"","bundle_add_to_cart_form_location":"","bundle_editable_in_cart":false,"bundle_sold_individually_context":"","bundle_item_grouping":"","bundle_min_size":"","bundle_max_size":"","bundle_price":[],"bundled_items":[],"bundle_sell_ids":[],"acf":[],"_links":{"self":[{"href":"https:\/\/integratek.es\/ca\/wp-json\/wp\/v2\/product\/203944","targetHints":{"allow":["GET"]}}],"collection":[{"href":"https:\/\/integratek.es\/ca\/wp-json\/wp\/v2\/product"}],"about":[{"href":"https:\/\/integratek.es\/ca\/wp-json\/wp\/v2\/types\/product"}],"replies":[{"embeddable":true,"href":"https:\/\/integratek.es\/ca\/wp-json\/wp\/v2\/comments?post=203944"}],"version-history":[{"count":5,"href":"https:\/\/integratek.es\/ca\/wp-json\/wp\/v2\/product\/203944\/revisions"}],"predecessor-version":[{"id":209388,"href":"https:\/\/integratek.es\/ca\/wp-json\/wp\/v2\/product\/203944\/revisions\/209388"}],"wp:featuredmedia":[{"embeddable":true,"href":"https:\/\/integratek.es\/ca\/wp-json\/wp\/v2\/media\/208919"}],"wp:attachment":[{"href":"https:\/\/integratek.es\/ca\/wp-json\/wp\/v2\/media?parent=203944"}],"wp:term":[{"taxonomy":"product_brand","embeddable":true,"href":"https:\/\/integratek.es\/ca\/wp-json\/wp\/v2\/product_brand?post=203944"},{"taxonomy":"product_cat","embeddable":true,"href":"https:\/\/integratek.es\/ca\/wp-json\/wp\/v2\/product_cat?post=203944"},{"taxonomy":"product_tag","embeddable":true,"href":"https:\/\/integratek.es\/ca\/wp-json\/wp\/v2\/product_tag?post=203944"}],"curies":[{"name":"wp","href":"https:\/\/api.w.org\/{rel}","templated":true}]}}