{"id":202946,"date":"2025-05-16T09:04:03","date_gmt":"2025-05-16T07:04:03","guid":{"rendered":"https:\/\/integratek.es\/tienda\/sin%20categor\u00eda\/gestionar-estres-profesional-2\/"},"modified":"2025-07-23T10:01:07","modified_gmt":"2025-07-23T08:01:07","slug":"gestionar-estres-profesional-2","status":"publish","type":"product","link":"https:\/\/integratek.es\/ca\/botiga\/webinars-ca\/gestionar-estres-profesional-2\/","title":{"rendered":"Com gestionar l&#8217;estr\u00e8s sent professional"},"content":{"rendered":"<p><span style=\"font-weight: 400;\">En aquest webinar promour\u00e0s l&#8217;autocura, reduir\u00e0s el desgast emocional i enfortir\u00e0s el benestar a la nostra pr\u00e0ctica professional quotidiana.<\/span><\/p>\n","protected":false},"excerpt":{"rendered":"<p><b><font size=\"5\">Contingut del Webinar<\/font><\/b><\/p>\n<p>En aquesta xerrada aprofundirem en l\u00b4estr\u00e8s des d\u00b4una mirada neuropsicol\u00f2gica i educativa, reconeixent que l\u00b4inici del curs escolar representa un per\u00edode especialment desafiador per a professionals de l\u00b4educaci\u00f3 i de la psicologia.<\/p>\n<p>Analitzarem com respon el nostre cervell davant de situacions d&#8217;alta exig\u00e8ncia, diferenciant l&#8217;estr\u00e8s que ens impulsa del que ens paralitza. A trav\u00e9s d&#8217;una combinaci\u00f3 de teoria comprensible i eines pr\u00e0ctiques aprendrem a identificar senyals de saturaci\u00f3 ia regular el nostre sistema nervi\u00f3s en contextos laborals intensos. <\/p>\n<p><font size=\"3\"><i>\u00c0REA: Atenci\u00f3 a la diversitat | ETAPES: Infantil, Prim\u00e0ria, Secund\u00e0ria, Adults<\/i><\/font><\/p>\n","protected":false},"featured_media":202947,"comment_status":"open","ping_status":"closed","template":"","meta":{"_acf_changed":false,"footnotes":""},"product_brand":[],"product_cat":[749],"product_tag":[],"class_list":{"0":"post-202946","1":"product","2":"type-product","3":"status-publish","4":"has-post-thumbnail","6":"product_cat-webinars-ca","8":"first","9":"outofstock","10":"sold-individually","11":"taxable","12":"shipping-taxable","13":"product-type-simple"},"bundled_by":[],"bundle_stock_status":"outofstock","bundle_stock_quantity":null,"bundle_virtual":false,"bundle_layout":"","bundle_add_to_cart_form_location":"","bundle_editable_in_cart":false,"bundle_sold_individually_context":"","bundle_item_grouping":"","bundle_min_size":"","bundle_max_size":"","bundle_price":[],"bundled_items":[],"bundle_sell_ids":[],"acf":[],"_links":{"self":[{"href":"https:\/\/integratek.es\/ca\/wp-json\/wp\/v2\/product\/202946","targetHints":{"allow":["GET"]}}],"collection":[{"href":"https:\/\/integratek.es\/ca\/wp-json\/wp\/v2\/product"}],"about":[{"href":"https:\/\/integratek.es\/ca\/wp-json\/wp\/v2\/types\/product"}],"replies":[{"embeddable":true,"href":"https:\/\/integratek.es\/ca\/wp-json\/wp\/v2\/comments?post=202946"}],"version-history":[{"count":1,"href":"https:\/\/integratek.es\/ca\/wp-json\/wp\/v2\/product\/202946\/revisions"}],"predecessor-version":[{"id":203993,"href":"https:\/\/integratek.es\/ca\/wp-json\/wp\/v2\/product\/202946\/revisions\/203993"}],"wp:featuredmedia":[{"embeddable":true,"href":"https:\/\/integratek.es\/ca\/wp-json\/wp\/v2\/media\/202947"}],"wp:attachment":[{"href":"https:\/\/integratek.es\/ca\/wp-json\/wp\/v2\/media?parent=202946"}],"wp:term":[{"taxonomy":"product_brand","embeddable":true,"href":"https:\/\/integratek.es\/ca\/wp-json\/wp\/v2\/product_brand?post=202946"},{"taxonomy":"product_cat","embeddable":true,"href":"https:\/\/integratek.es\/ca\/wp-json\/wp\/v2\/product_cat?post=202946"},{"taxonomy":"product_tag","embeddable":true,"href":"https:\/\/integratek.es\/ca\/wp-json\/wp\/v2\/product_tag?post=202946"}],"curies":[{"name":"wp","href":"https:\/\/api.w.org\/{rel}","templated":true}]}}