{"id":65619,"date":"2018-12-10T17:01:46","date_gmt":"2018-12-10T16:01:46","guid":{"rendered":"https:\/\/integratek.es\/?page_id=65619"},"modified":"2025-07-22T13:03:02","modified_gmt":"2025-07-22T11:03:02","slug":"reconeixement-formacions-integratek","status":"publish","type":"page","link":"https:\/\/integratek.es\/ca\/reconeixement-formacions-integratek\/","title":{"rendered":"Reconeixement de les formacions Associaci\u00f3 Integratek"},"content":{"rendered":"<div class=\"row\"  id=\"row-576900731\">\n\n\t<div id=\"col-1801407870\" class=\"col small-12 large-12\"  >\n\t\t\t\t<div class=\"col-inner\"  >\n\t\t\t\n\t\t\t\n<h3>Qui en pot obtenir el reconeixement?<\/h3>\n<p>Tot el professorat deducaci\u00f3 infantil, prim\u00e0ria, secund\u00e0ria, de formaci\u00f3 professional, de persones adultes de centres educatius a Catalunya p\u00fablics o concertats i de disposar dusuari i contrasenya XTEC actualitzats.<\/p>\n<p>Inclou les persones amb T\u00edtol universitari oficial espanyol amb l&#8217;anomenat CAP o un M\u00e0ster d&#8217;Orientaci\u00f3 per exercir la doc\u00e8ncia, educaci\u00f3 secund\u00e0ria obligat\u00f2ria, batxillerat, formaci\u00f3 professional i ensenyament d&#8217;idiomes, tant a centres p\u00fablics com a centres privats.<\/p>\n<p>En cas de dubte ens podeu escriure amb antel\u00b7laci\u00f3 suficient al mateix Departament d&#8217;Ensenyament.<\/p>\n\t\t<\/div>\n\t\t\t\t\t<\/div>\n\n\t\n<\/div>\n<div class=\"row\"  id=\"row-877116225\">\n\n\t<div id=\"col-1392256778\" class=\"col small-12 large-12\"  >\n\t\t\t\t<div class=\"col-inner\"  >\n\t\t\t\n\t\t\t\n<h3>Sol\u00b7licitud del reconeixement?<\/h3>\n<p>La sol\u00b7licitud significa acceptar les condicions dinscripci\u00f3 i tot all\u00f2 que consta a la descripci\u00f3 de lactivitat en refer\u00e8ncia a dates, horaris, objectius, continguts, avaluacions i q\u00fcestionari de satisfacci\u00f3.<\/p>\n\t\t<\/div>\n\t\t\t\t\t<\/div>\n\n\t\n<\/div>\n<div class=\"row\"  id=\"row-603875430\">\n\n\t<div id=\"col-2114542280\" class=\"col small-12 large-12\"  >\n\t\t\t\t<div class=\"col-inner\"  >\n\t\t\t\n\t\t\t\n<h3>Puc donar-me de baixa una vegada sol\u00b7licitat el reconeixement?<\/h3>\n<p>Si per causes de for\u00e7a major no es pot iniciar l&#8217;activitat, s&#8217;haur\u00e0 de comunicar a les persones gestores de l&#8217;activitat abans que comenci.<\/p>\n\t\t<\/div>\n\t\t\t\t\t<\/div>\n\n\t\n<\/div>\n<div class=\"row\"  id=\"row-413944780\">\n\n\t<div id=\"col-712438720\" class=\"col small-12 large-12\"  >\n\t\t\t\t<div class=\"col-inner\"  >\n\t\t\t\n\t\t\t\n<h3>Com funciona la certificaci\u00f3 de la formaci\u00f3?<\/h3>\n<p>A la base de dades del Departament d&#8217;Ensenyament hi trobareu la certificaci\u00f3 de la vostra participaci\u00f3 en aquest taller. Es realitzar\u00e0 per via telem\u00e0tica i, per tant, no es lliuraran certificats en format paper. <\/p>\n<p>Per obtenir el certificat d&#8217;una activitat formativa es requereix l&#8217;assist\u00e8ncia al 100% de les hores presencials i de totes les activitats telem\u00e0tiques i haver superat tots els m\u00f2duls i l&#8217;avaluaci\u00f3 final.<\/p>\n<p>Es pot accedir als certificats de formaci\u00f3 mitjan\u00e7ant la p\u00e0gina <a href=\"http:\/\/xtec.gencat.cat\/ca\/formacio\/la-meva-formacio\/els-meus-certificats\/\">dels meus certificats.<\/a><\/p>\n<p>Els certificats seran visibles al lloc web com a molt tard a partir de les quatre setmanes dhaver finalitzat lactivitat.<\/p>\n\t\t<\/div>\n\t\t\t\t\t<\/div>\n\n\t\n<\/div>\n<div class=\"row\"  id=\"row-222391255\">\n\n\t<div id=\"col-1019006287\" class=\"col small-12 large-12\"  >\n\t\t\t\t<div class=\"col-inner\"  >\n\t\t\t\n\t\t\t\n<h3>Com puc consultar els meus certificats?<\/h3>\n<p>Per accedir a la consulta de certificats cal disposar d&#8217;usuari i contrasenya XTEC actualitzats. Per a m\u00e9s informaci\u00f3 sobre l&#8217;usuari XTEC podeu visitar la p\u00e0gina d&#8217; <a href=\"http:\/\/xtec.gencat.cat\/ca\/at_usuari\/gestio\/\">atenci\u00f3 a l&#8217;usuari\/\u00e0ria<\/a> . <\/p>\n\t\t<\/div>\n\t\t\t\t\t<\/div>\n\n\t\n<\/div>\n<ul class=\"ux-products-list product_list_widget\"><\/ul>\n","protected":false},"excerpt":{"rendered":"","protected":false},"author":119844,"featured_media":0,"parent":0,"menu_order":0,"comment_status":"closed","ping_status":"closed","template":"page-blank-title-center.php","meta":{"_acf_changed":false,"productId":0,"courseId":0,"footnotes":""},"class_list":["post-65619","page","type-page","status-publish","hentry"],"acf":[],"_links":{"self":[{"href":"https:\/\/integratek.es\/ca\/wp-json\/wp\/v2\/pages\/65619","targetHints":{"allow":["GET"]}}],"collection":[{"href":"https:\/\/integratek.es\/ca\/wp-json\/wp\/v2\/pages"}],"about":[{"href":"https:\/\/integratek.es\/ca\/wp-json\/wp\/v2\/types\/page"}],"author":[{"embeddable":true,"href":"https:\/\/integratek.es\/ca\/wp-json\/wp\/v2\/users\/119844"}],"replies":[{"embeddable":true,"href":"https:\/\/integratek.es\/ca\/wp-json\/wp\/v2\/comments?post=65619"}],"version-history":[{"count":0,"href":"https:\/\/integratek.es\/ca\/wp-json\/wp\/v2\/pages\/65619\/revisions"}],"wp:attachment":[{"href":"https:\/\/integratek.es\/ca\/wp-json\/wp\/v2\/media?parent=65619"}],"curies":[{"name":"wp","href":"https:\/\/api.w.org\/{rel}","templated":true}]}}