{"id":59934,"date":"2018-10-26T12:54:58","date_gmt":"2018-10-26T10:54:58","guid":{"rendered":"https:\/\/integratek.es\/?page_id=59934"},"modified":"2025-07-22T12:52:46","modified_gmt":"2025-07-22T10:52:46","slug":"treballs-assistents-neuroeducacio-a-laula","status":"publish","type":"page","link":"https:\/\/integratek.es\/ca\/treballs-assistents-neuroeducacio-a-laula\/","title":{"rendered":"Treballs dels assistents del curs Neuroeducaci\u00f3 a l&#8217;aula: de la teoria a la pr\u00e0ctica"},"content":{"rendered":"<div class=\"row\"  id=\"row-1176700812\">\n\n\t<div id=\"col-953468009\" class=\"col small-12 large-12\"  >\n\t\t\t\t<div class=\"col-inner\"  >\n\t\t\t\n\t\t\t\n<p>En aquest espai trobar\u00e0s tots els treballs realitzats a la formaci\u00f3 Neuroeducaci\u00f3 a l&#8217;aula: de la teoria a la pr\u00e0ctica. Preparat\/da per aprendre?  <\/p>\n\t\t<\/div>\n\t\t\t\t\t<\/div>\n\n\t\n<\/div>\n<div class=\"row\"  id=\"row-874880433\">\n\n\t<div id=\"col-1693160501\" class=\"col medium-6 small-12 large-6\"  >\n\t\t\t\t<div class=\"col-inner\"  >\n\t\t\t\n\t\t\t\n<h3 style=\"text-align: center;\">20 d&#8217;octubre a Barcelona<\/h3>\n<div class=\"slider-wrapper relative\" id=\"slider-1073918835\" >\n    <div class=\"slider slider-nav-circle slider-nav-large slider-nav-light slider-style-normal\"\n        data-flickity-options='{\n            \"cellAlign\": \"center\",\n            \"imagesLoaded\": true,\n            \"lazyLoad\": 1,\n            \"freeScroll\": false,\n            \"wrapAround\": true,\n            \"autoPlay\": 6000,\n            \"pauseAutoPlayOnHover\" : true,\n            \"prevNextButtons\": true,\n            \"contain\" : true,\n            \"adaptiveHeight\" : true,\n            \"dragThreshold\" : 10,\n            \"percentPosition\": true,\n            \"pageDots\": true,\n            \"rightToLeft\": false,\n            \"draggable\": true,\n            \"selectedAttraction\": 0.1,\n            \"parallax\" : 0,\n            \"friction\": 0.6        }'\n        >\n        \n\t<div class=\"img has-hover x md-x lg-x y md-y lg-y\" id=\"image_113850301\">\n\t\t\t\t\t\t\t\t<div class=\"img-inner dark\" >\n\t\t\t<img loading=\"lazy\" decoding=\"async\" width=\"800\" height=\"567\" src=\"https:\/\/integratek.es\/wp-content\/uploads\/2018\/10\/Untitled-1.jpg\" class=\"attachment-large size-large\" alt=\"\" srcset=\"https:\/\/integratek.es\/wp-content\/uploads\/2018\/10\/Untitled-1.jpg 800w, https:\/\/integratek.es\/wp-content\/uploads\/2018\/10\/Untitled-1-510x361.jpg 510w, https:\/\/integratek.es\/wp-content\/uploads\/2018\/10\/Untitled-1-564x400.jpg 564w, https:\/\/integratek.es\/wp-content\/uploads\/2018\/10\/Untitled-1-768x544.jpg 768w\" sizes=\"auto, (max-width: 800px) 100vw, 800px\" \/>\t\t\t\t\t\t\n\t\t\t\t\t<\/div>\n\t\t\t\t\t\t\t\t\n<style>\n#image_113850301 {\n  width: 100%;\n}\n<\/style>\n\t<\/div>\n\t\n\t<div class=\"img has-hover x md-x lg-x y md-y lg-y\" id=\"image_187690843\">\n\t\t\t\t\t\t\t\t<div class=\"img-inner dark\" >\n\t\t\t<img loading=\"lazy\" decoding=\"async\" width=\"800\" height=\"567\" src=\"https:\/\/integratek.es\/wp-content\/uploads\/2018\/10\/Treball-neuroeducacio\u0301n-barcelona-02.jpg\" class=\"attachment-large size-large\" alt=\"\" srcset=\"https:\/\/integratek.es\/wp-content\/uploads\/2018\/10\/Treball-neuroeducacio\u0301n-barcelona-02.jpg 800w, https:\/\/integratek.es\/wp-content\/uploads\/2018\/10\/Treball-neuroeducacio\u0301n-barcelona-02-510x361.jpg 510w, https:\/\/integratek.es\/wp-content\/uploads\/2018\/10\/Treball-neuroeducacio\u0301n-barcelona-02-564x400.jpg 564w, https:\/\/integratek.es\/wp-content\/uploads\/2018\/10\/Treball-neuroeducacio\u0301n-barcelona-02-768x544.jpg 768w\" sizes=\"auto, (max-width: 800px) 100vw, 800px\" \/>\t\t\t\t\t\t\n\t\t\t\t\t<\/div>\n\t\t\t\t\t\t\t\t\n<style>\n#image_187690843 {\n  width: 100%;\n}\n<\/style>\n\t<\/div>\n\t\n\t<div class=\"img has-hover x md-x lg-x y md-y lg-y\" id=\"image_502910728\">\n\t\t\t\t\t\t\t\t<div class=\"img-inner dark\" >\n\t\t\t<img loading=\"lazy\" decoding=\"async\" width=\"800\" height=\"567\" src=\"https:\/\/integratek.es\/wp-content\/uploads\/2018\/10\/Treball-neuroeducacio\u0301n-barcelona-03.jpg\" class=\"attachment-large size-large\" alt=\"\" srcset=\"https:\/\/integratek.es\/wp-content\/uploads\/2018\/10\/Treball-neuroeducacio\u0301n-barcelona-03.jpg 800w, https:\/\/integratek.es\/wp-content\/uploads\/2018\/10\/Treball-neuroeducacio\u0301n-barcelona-03-510x361.jpg 510w, https:\/\/integratek.es\/wp-content\/uploads\/2018\/10\/Treball-neuroeducacio\u0301n-barcelona-03-564x400.jpg 564w, https:\/\/integratek.es\/wp-content\/uploads\/2018\/10\/Treball-neuroeducacio\u0301n-barcelona-03-768x544.jpg 768w\" sizes=\"auto, (max-width: 800px) 100vw, 800px\" \/>\t\t\t\t\t\t\n\t\t\t\t\t<\/div>\n\t\t\t\t\t\t\t\t\n<style>\n#image_502910728 {\n  width: 100%;\n}\n<\/style>\n\t<\/div>\n\t\n\t<div class=\"img has-hover x md-x lg-x y md-y lg-y\" id=\"image_711643029\">\n\t\t\t\t\t\t\t\t<div class=\"img-inner dark\" >\n\t\t\t<img loading=\"lazy\" decoding=\"async\" width=\"800\" height=\"567\" src=\"https:\/\/integratek.es\/wp-content\/uploads\/2018\/10\/Treball-neuroeducacio\u0301n-barcelona-04.jpg\" class=\"attachment-large size-large\" alt=\"\" srcset=\"https:\/\/integratek.es\/wp-content\/uploads\/2018\/10\/Treball-neuroeducacio\u0301n-barcelona-04.jpg 800w, https:\/\/integratek.es\/wp-content\/uploads\/2018\/10\/Treball-neuroeducacio\u0301n-barcelona-04-510x361.jpg 510w, https:\/\/integratek.es\/wp-content\/uploads\/2018\/10\/Treball-neuroeducacio\u0301n-barcelona-04-564x400.jpg 564w, https:\/\/integratek.es\/wp-content\/uploads\/2018\/10\/Treball-neuroeducacio\u0301n-barcelona-04-768x544.jpg 768w\" sizes=\"auto, (max-width: 800px) 100vw, 800px\" \/>\t\t\t\t\t\t\n\t\t\t\t\t<\/div>\n\t\t\t\t\t\t\t\t\n<style>\n#image_711643029 {\n  width: 100%;\n}\n<\/style>\n\t<\/div>\n\t\n\t<div class=\"img has-hover x md-x lg-x y md-y lg-y\" id=\"image_1922392389\">\n\t\t\t\t\t\t\t\t<div class=\"img-inner dark\" >\n\t\t\t<img loading=\"lazy\" decoding=\"async\" width=\"800\" height=\"567\" src=\"https:\/\/integratek.es\/wp-content\/uploads\/2018\/10\/Treball-neuroeducacio\u0301n-barcelona-05.jpg\" class=\"attachment-large size-large\" alt=\"\" srcset=\"https:\/\/integratek.es\/wp-content\/uploads\/2018\/10\/Treball-neuroeducacio\u0301n-barcelona-05.jpg 800w, https:\/\/integratek.es\/wp-content\/uploads\/2018\/10\/Treball-neuroeducacio\u0301n-barcelona-05-510x361.jpg 510w, https:\/\/integratek.es\/wp-content\/uploads\/2018\/10\/Treball-neuroeducacio\u0301n-barcelona-05-564x400.jpg 564w, https:\/\/integratek.es\/wp-content\/uploads\/2018\/10\/Treball-neuroeducacio\u0301n-barcelona-05-768x544.jpg 768w\" sizes=\"auto, (max-width: 800px) 100vw, 800px\" \/>\t\t\t\t\t\t\n\t\t\t\t\t<\/div>\n\t\t\t\t\t\t\t\t\n<style>\n#image_1922392389 {\n  width: 100%;\n}\n<\/style>\n\t<\/div>\n\t\n\t<div class=\"img has-hover x md-x lg-x y md-y lg-y\" id=\"image_2054800825\">\n\t\t\t\t\t\t\t\t<div class=\"img-inner dark\" >\n\t\t\t<img loading=\"lazy\" decoding=\"async\" width=\"800\" height=\"567\" src=\"https:\/\/integratek.es\/wp-content\/uploads\/2018\/10\/Treball-neuroeducacio\u0301n-barcelona-06.jpg\" class=\"attachment-large size-large\" alt=\"\" srcset=\"https:\/\/integratek.es\/wp-content\/uploads\/2018\/10\/Treball-neuroeducacio\u0301n-barcelona-06.jpg 800w, https:\/\/integratek.es\/wp-content\/uploads\/2018\/10\/Treball-neuroeducacio\u0301n-barcelona-06-510x361.jpg 510w, https:\/\/integratek.es\/wp-content\/uploads\/2018\/10\/Treball-neuroeducacio\u0301n-barcelona-06-564x400.jpg 564w, https:\/\/integratek.es\/wp-content\/uploads\/2018\/10\/Treball-neuroeducacio\u0301n-barcelona-06-768x544.jpg 768w\" sizes=\"auto, (max-width: 800px) 100vw, 800px\" \/>\t\t\t\t\t\t\n\t\t\t\t\t<\/div>\n\t\t\t\t\t\t\t\t\n<style>\n#image_2054800825 {\n  width: 100%;\n}\n<\/style>\n\t<\/div>\n\t\n\t<div class=\"img has-hover x md-x lg-x y md-y lg-y\" id=\"image_2039033548\">\n\t\t\t\t\t\t\t\t<div class=\"img-inner dark\" >\n\t\t\t<img loading=\"lazy\" decoding=\"async\" width=\"800\" height=\"567\" src=\"https:\/\/integratek.es\/wp-content\/uploads\/2018\/10\/Treball-neuroeducacio\u0301n-barcelona-07.jpg\" class=\"attachment-large size-large\" alt=\"\" srcset=\"https:\/\/integratek.es\/wp-content\/uploads\/2018\/10\/Treball-neuroeducacio\u0301n-barcelona-07.jpg 800w, https:\/\/integratek.es\/wp-content\/uploads\/2018\/10\/Treball-neuroeducacio\u0301n-barcelona-07-510x361.jpg 510w, https:\/\/integratek.es\/wp-content\/uploads\/2018\/10\/Treball-neuroeducacio\u0301n-barcelona-07-564x400.jpg 564w, https:\/\/integratek.es\/wp-content\/uploads\/2018\/10\/Treball-neuroeducacio\u0301n-barcelona-07-768x544.jpg 768w\" sizes=\"auto, (max-width: 800px) 100vw, 800px\" \/>\t\t\t\t\t\t\n\t\t\t\t\t<\/div>\n\t\t\t\t\t\t\t\t\n<style>\n#image_2039033548 {\n  width: 100%;\n}\n<\/style>\n\t<\/div>\n\t\n\t<div class=\"img has-hover x md-x lg-x y md-y lg-y\" id=\"image_1776619880\">\n\t\t\t\t\t\t\t\t<div class=\"img-inner dark\" >\n\t\t\t<img loading=\"lazy\" decoding=\"async\" width=\"800\" height=\"567\" src=\"https:\/\/integratek.es\/wp-content\/uploads\/2018\/10\/Treball-neuroeducacio\u0301n-barcelona-08.jpg\" class=\"attachment-large size-large\" alt=\"\" srcset=\"https:\/\/integratek.es\/wp-content\/uploads\/2018\/10\/Treball-neuroeducacio\u0301n-barcelona-08.jpg 800w, https:\/\/integratek.es\/wp-content\/uploads\/2018\/10\/Treball-neuroeducacio\u0301n-barcelona-08-510x361.jpg 510w, https:\/\/integratek.es\/wp-content\/uploads\/2018\/10\/Treball-neuroeducacio\u0301n-barcelona-08-564x400.jpg 564w, https:\/\/integratek.es\/wp-content\/uploads\/2018\/10\/Treball-neuroeducacio\u0301n-barcelona-08-768x544.jpg 768w\" sizes=\"auto, (max-width: 800px) 100vw, 800px\" \/>\t\t\t\t\t\t\n\t\t\t\t\t<\/div>\n\t\t\t\t\t\t\t\t\n<style>\n#image_1776619880 {\n  width: 100%;\n}\n<\/style>\n\t<\/div>\n\t\n\t<div class=\"img has-hover x md-x lg-x y md-y lg-y\" id=\"image_1805376957\">\n\t\t\t\t\t\t\t\t<div class=\"img-inner dark\" >\n\t\t\t<img loading=\"lazy\" decoding=\"async\" width=\"800\" height=\"567\" src=\"https:\/\/integratek.es\/wp-content\/uploads\/2018\/10\/Treball-neuroeducacio\u0301n-barcelona-09.jpg\" class=\"attachment-large size-large\" alt=\"\" srcset=\"https:\/\/integratek.es\/wp-content\/uploads\/2018\/10\/Treball-neuroeducacio\u0301n-barcelona-09.jpg 800w, https:\/\/integratek.es\/wp-content\/uploads\/2018\/10\/Treball-neuroeducacio\u0301n-barcelona-09-510x361.jpg 510w, https:\/\/integratek.es\/wp-content\/uploads\/2018\/10\/Treball-neuroeducacio\u0301n-barcelona-09-564x400.jpg 564w, https:\/\/integratek.es\/wp-content\/uploads\/2018\/10\/Treball-neuroeducacio\u0301n-barcelona-09-768x544.jpg 768w\" sizes=\"auto, (max-width: 800px) 100vw, 800px\" \/>\t\t\t\t\t\t\n\t\t\t\t\t<\/div>\n\t\t\t\t\t\t\t\t\n<style>\n#image_1805376957 {\n  width: 100%;\n}\n<\/style>\n\t<\/div>\n\t\n\t<div class=\"img has-hover x md-x lg-x y md-y lg-y\" id=\"image_1324507548\">\n\t\t\t\t\t\t\t\t<div class=\"img-inner dark\" >\n\t\t\t<img loading=\"lazy\" decoding=\"async\" width=\"800\" height=\"567\" src=\"https:\/\/integratek.es\/wp-content\/uploads\/2018\/10\/Treball-neuroeducacio\u0301n-barcelona-10.jpg\" class=\"attachment-large size-large\" alt=\"\" srcset=\"https:\/\/integratek.es\/wp-content\/uploads\/2018\/10\/Treball-neuroeducacio\u0301n-barcelona-10.jpg 800w, https:\/\/integratek.es\/wp-content\/uploads\/2018\/10\/Treball-neuroeducacio\u0301n-barcelona-10-510x361.jpg 510w, https:\/\/integratek.es\/wp-content\/uploads\/2018\/10\/Treball-neuroeducacio\u0301n-barcelona-10-564x400.jpg 564w, https:\/\/integratek.es\/wp-content\/uploads\/2018\/10\/Treball-neuroeducacio\u0301n-barcelona-10-768x544.jpg 768w\" sizes=\"auto, (max-width: 800px) 100vw, 800px\" \/>\t\t\t\t\t\t\n\t\t\t\t\t<\/div>\n\t\t\t\t\t\t\t\t\n<style>\n#image_1324507548 {\n  width: 100%;\n}\n<\/style>\n\t<\/div>\n\t\n\t<div class=\"img has-hover x md-x lg-x y md-y lg-y\" id=\"image_666650021\">\n\t\t\t\t\t\t\t\t<div class=\"img-inner dark\" >\n\t\t\t<img loading=\"lazy\" decoding=\"async\" width=\"800\" height=\"567\" src=\"https:\/\/integratek.es\/wp-content\/uploads\/2018\/10\/Treball-neuroeducacio\u0301n-barcelona-11.jpg\" class=\"attachment-large size-large\" alt=\"\" srcset=\"https:\/\/integratek.es\/wp-content\/uploads\/2018\/10\/Treball-neuroeducacio\u0301n-barcelona-11.jpg 800w, https:\/\/integratek.es\/wp-content\/uploads\/2018\/10\/Treball-neuroeducacio\u0301n-barcelona-11-510x361.jpg 510w, https:\/\/integratek.es\/wp-content\/uploads\/2018\/10\/Treball-neuroeducacio\u0301n-barcelona-11-564x400.jpg 564w, https:\/\/integratek.es\/wp-content\/uploads\/2018\/10\/Treball-neuroeducacio\u0301n-barcelona-11-768x544.jpg 768w\" sizes=\"auto, (max-width: 800px) 100vw, 800px\" \/>\t\t\t\t\t\t\n\t\t\t\t\t<\/div>\n\t\t\t\t\t\t\t\t\n<style>\n#image_666650021 {\n  width: 100%;\n}\n<\/style>\n\t<\/div>\n\t\n\t<div class=\"img has-hover x md-x lg-x y md-y lg-y\" id=\"image_320121901\">\n\t\t\t\t\t\t\t\t<div class=\"img-inner dark\" >\n\t\t\t<img loading=\"lazy\" decoding=\"async\" width=\"800\" height=\"567\" src=\"https:\/\/integratek.es\/wp-content\/uploads\/2018\/10\/Treball-neuroeducacio\u0301n-barcelona-12.jpg\" class=\"attachment-large size-large\" alt=\"\" srcset=\"https:\/\/integratek.es\/wp-content\/uploads\/2018\/10\/Treball-neuroeducacio\u0301n-barcelona-12.jpg 800w, https:\/\/integratek.es\/wp-content\/uploads\/2018\/10\/Treball-neuroeducacio\u0301n-barcelona-12-510x361.jpg 510w, https:\/\/integratek.es\/wp-content\/uploads\/2018\/10\/Treball-neuroeducacio\u0301n-barcelona-12-564x400.jpg 564w, https:\/\/integratek.es\/wp-content\/uploads\/2018\/10\/Treball-neuroeducacio\u0301n-barcelona-12-768x544.jpg 768w\" sizes=\"auto, (max-width: 800px) 100vw, 800px\" \/>\t\t\t\t\t\t\n\t\t\t\t\t<\/div>\n\t\t\t\t\t\t\t\t\n<style>\n#image_320121901 {\n  width: 100%;\n}\n<\/style>\n\t<\/div>\n\t\n\t<div class=\"img has-hover x md-x lg-x y md-y lg-y\" id=\"image_873391709\">\n\t\t\t\t\t\t\t\t<div class=\"img-inner dark\" >\n\t\t\t<img loading=\"lazy\" decoding=\"async\" width=\"800\" height=\"567\" src=\"https:\/\/integratek.es\/wp-content\/uploads\/2018\/10\/Treball-neuroeducacio\u0301n-barcelona-13.jpg\" class=\"attachment-large size-large\" alt=\"\" srcset=\"https:\/\/integratek.es\/wp-content\/uploads\/2018\/10\/Treball-neuroeducacio\u0301n-barcelona-13.jpg 800w, https:\/\/integratek.es\/wp-content\/uploads\/2018\/10\/Treball-neuroeducacio\u0301n-barcelona-13-510x361.jpg 510w, https:\/\/integratek.es\/wp-content\/uploads\/2018\/10\/Treball-neuroeducacio\u0301n-barcelona-13-564x400.jpg 564w, https:\/\/integratek.es\/wp-content\/uploads\/2018\/10\/Treball-neuroeducacio\u0301n-barcelona-13-768x544.jpg 768w\" sizes=\"auto, (max-width: 800px) 100vw, 800px\" \/>\t\t\t\t\t\t\n\t\t\t\t\t<\/div>\n\t\t\t\t\t\t\t\t\n<style>\n#image_873391709 {\n  width: 100%;\n}\n<\/style>\n\t<\/div>\n\t\n     <\/div>\n\n     <div class=\"loading-spin dark large centered\"><\/div>\n\n\t<\/div>\n\n\n\t\t<\/div>\n\t\t\t\t\t<\/div>\n\n\t\n\n\t<div id=\"col-571199034\" class=\"col medium-6 small-12 large-6\"  >\n\t\t\t\t<div class=\"col-inner\"  >\n\t\t\t\n\t\t\t\n<h3 style=\"text-align: center;\">3 de Gener a Barcelona<\/h3>\n<div class=\"slider-wrapper relative\" id=\"slider-160448919\" >\n    <div class=\"slider slider-nav-circle slider-nav-large slider-nav-light slider-style-normal\"\n        data-flickity-options='{\n            \"cellAlign\": \"center\",\n            \"imagesLoaded\": true,\n            \"lazyLoad\": 1,\n            \"freeScroll\": false,\n            \"wrapAround\": true,\n            \"autoPlay\": 6000,\n            \"pauseAutoPlayOnHover\" : true,\n            \"prevNextButtons\": true,\n            \"contain\" : true,\n            \"adaptiveHeight\" : true,\n            \"dragThreshold\" : 10,\n            \"percentPosition\": true,\n            \"pageDots\": true,\n            \"rightToLeft\": false,\n            \"draggable\": true,\n            \"selectedAttraction\": 0.1,\n            \"parallax\" : 0,\n            \"friction\": 0.6        }'\n        >\n        \n\t<div class=\"img has-hover x md-x lg-x y md-y lg-y\" id=\"image_419624549\">\n\t\t\t\t\t\t\t\t<div class=\"img-inner dark\" >\n\t\t\t<img loading=\"lazy\" decoding=\"async\" width=\"1020\" height=\"720\" src=\"https:\/\/integratek.es\/wp-content\/uploads\/2019\/01\/Treballs-NEURODIDACTICA-3-1-2019-1133x800.jpg\" class=\"attachment-large size-large\" alt=\"\" srcset=\"https:\/\/integratek.es\/wp-content\/uploads\/2019\/01\/Treballs-NEURODIDACTICA-3-1-2019-1133x800.jpg 1133w, https:\/\/integratek.es\/wp-content\/uploads\/2019\/01\/Treballs-NEURODIDACTICA-3-1-2019-510x360.jpg 510w, https:\/\/integratek.es\/wp-content\/uploads\/2019\/01\/Treballs-NEURODIDACTICA-3-1-2019-566x400.jpg 566w, https:\/\/integratek.es\/wp-content\/uploads\/2019\/01\/Treballs-NEURODIDACTICA-3-1-2019-768x543.jpg 768w, https:\/\/integratek.es\/wp-content\/uploads\/2019\/01\/Treballs-NEURODIDACTICA-3-1-2019.jpg 1754w\" sizes=\"auto, (max-width: 1020px) 100vw, 1020px\" \/>\t\t\t\t\t\t\n\t\t\t\t\t<\/div>\n\t\t\t\t\t\t\t\t\n<style>\n#image_419624549 {\n  width: 100%;\n}\n<\/style>\n\t<\/div>\n\t\n     <\/div>\n\n     <div class=\"loading-spin dark large centered\"><\/div>\n\n\t<\/div>\n\n\n\t\t<\/div>\n\t\t\t\t\t<\/div>\n\n\t\n\n\t<div id=\"col-1859642359\" class=\"col medium-6 small-12 large-6\"  >\n\t\t\t\t<div class=\"col-inner\"  >\n\t\t\t\n\t\t\t\n\t\t<\/div>\n\t\t\t\t\t<\/div>\n\n\t\n<\/div>\n<div class=\"is-divider divider clearfix\" style=\"max-width:1050px;background-color:rgb(209, 209, 209);\"><\/div>\n<p><span style=\"font-size: 160%;\"><strong>Seguro que te interesar\u00e1&#8230;<\/strong><\/span><\/p>\n<div class=\"row\"  id=\"row-1963385429\">\n\n\t<div id=\"col-113877756\" class=\"col medium-6 small-12 large-6\"  >\n\t\t\t\t<div class=\"col-inner text-center\"  >\n\t\t\t\n\t\t\t\n<h6 style=\"text-align: center;\"><span style=\"font-size: 100%;\">Neuroeducaci\u00f3 a l&#8217;aula: de la teoria a la pr\u00e0ctica<\/span><\/h6>\n<div class=\"video video-fit mb\" style=\"padding-top:56.25%;\"><p><iframe loading=\"lazy\" src=\"https:\/\/player.vimeo.com\/video\/293695416?app_id=122963\" width=\"1020\" height=\"574\" frameborder=\"0\" title=\"Neuroeducaci&oacute;n en el aula: de la teor&iacute;a a la pr&aacute;ctica | Jes&uacute;s Guill&eacute;n | Cursos Integratek\" webkitallowfullscreen mozallowfullscreen allowfullscreen><\/iframe><\/p>\n<\/div>\n<h6 style=\"text-align: center;\"><span style=\"font-size: 100%;\">Qu\u00e8 s\u00f3n les funcions executives?<\/span><\/h6>\n<div class=\"video video-fit mb\" style=\"padding-top:56.25%;\"><p><iframe loading=\"lazy\" src=\"https:\/\/player.vimeo.com\/video\/291898966?app_id=122963\" width=\"1020\" height=\"574\" frameborder=\"0\" title=\"&iquest;Qu&eacute; son las funciones ejecutivas? | Neuroeducaci&oacute;n en el aula: de la teor&iacute;a a la pr&aacute;ctica\" webkitallowfullscreen mozallowfullscreen allowfullscreen><\/iframe><\/p>\n<\/div>\n\t\t<\/div>\n\t\t\t\t\t<\/div>\n\n\t\n\n\t<div id=\"col-298795969\" class=\"col medium-6 small-12 large-6\"  >\n\t\t\t\t<div class=\"col-inner\"  >\n\t\t\t\n\t\t\t\n<h6 style=\"text-align: center;\"><span style=\"font-size: 100%;\">\u00bf Qu\u00e8 \u00e9s la neuroeducaci\u00f3?<\/span><\/h6>\n<div class=\"video video-fit mb\" style=\"padding-top:56.25%;\"><p><iframe loading=\"lazy\" src=\"https:\/\/player.vimeo.com\/video\/291901444?app_id=122963\" width=\"1020\" height=\"574\" frameborder=\"0\" title=\"&iquest;Qu&eacute; es la neuroeducaci&oacute;n? | Neuroeducaci&oacute;n en el aula: de la teor&iacute;a a la pr&aacute;ctica\" webkitallowfullscreen mozallowfullscreen allowfullscreen><\/iframe><\/p>\n<\/div>\n<h6 style=\"text-align: center;\"><span style=\"font-size: 100%;\">Plasticitat cerebral i mentalitat de creixement<\/span><\/h6>\n<div class=\"video video-fit mb\" style=\"padding-top:56.25%;\"><p><iframe loading=\"lazy\" src=\"https:\/\/player.vimeo.com\/video\/291901844?app_id=122963\" width=\"1020\" height=\"574\" frameborder=\"0\" title=\"Plasticidad cerebral y mentalidad de crecimiento | Neuroeducaci&oacute;n en el aula: de la teor&iacute;a a la pr&aacute;ctica\" webkitallowfullscreen mozallowfullscreen allowfullscreen><\/iframe><\/p>\n<\/div>\n\t\t<\/div>\n\t\t\t\t\t<\/div>\n\n\t\n<\/div>\n<p><span style=\"font-size: 160%;\"><strong>Entrevistas y art\u00edculos a Jes\u00fas C. Guill\u00e9n<\/strong><\/span><\/p>\n<p>Jes\u00fas C. Guill\u00e9n: &#8220;No podemos separar lo emocional de lo cognitivo&#8221;:\u00a0<a href=\"\/?p=59640\" target=\"_blank\" rel=\"noopener\">www.integratek.es\/no-podemos-separar-lo-emocional-de-lo-cognitivo-jesus-guillen<\/a><\/p>\n<p>Art\u00edculos sobre neuroeducaci\u00f3n y sus implicaciones pedag\u00f3gicas:\u00a0<a href=\"\/?page_id=59844\" target=\"_blank\" rel=\"noopener\">www.integratek.es\/articulos-sobre-neuroeducacion-y-sus-implicaciones-pedagogicas<\/a><\/p>\n\t<div id=\"gap-737899586\" class=\"gap-element clearfix\" style=\"display:block; height:auto;\">\n\t\t\n<style>\n#gap-737899586 {\n  padding-top: 30px;\n}\n<\/style>\n\t<\/div>\n\t\n<p><span style=\"font-size: 160%;\"><strong>Formaciones de Integratek con Jes\u00fas C. Guill\u00e9n<\/strong><\/span><\/p>\n<ul class=\"ux-products-list product_list_widget\"><\/ul>\n\t<div id=\"gap-589486842\" class=\"gap-element clearfix\" style=\"display:block; height:auto;\">\n\t\t\n<style>\n#gap-589486842 {\n  padding-top: 30px;\n}\n<\/style>\n\t<\/div>\n\t\n<div class=\"row\"  id=\"row-447546829\">\n\n\t<div id=\"col-2114887366\" class=\"col medium-3 small-12 large-3\"  >\n\t\t\t\t<div class=\"col-inner\"  >\n\t\t\t\n\t\t\t\n\t\t<\/div>\n\t\t\t\t\t<\/div>\n\n\t\n\n\t<div id=\"col-960125215\" class=\"col medium-6 small-12 large-6\"  >\n\t\t\t\t<div class=\"col-inner\"  >\n\t\t\t\n\t\t\t\n<a href=\"https:\/\/integratek.es\/ca\/cursos-2\/\" target=\"_blank\" class=\"button primary is-large lowercase expand\" rel=\"noopener\" style=\"border-radius:99px;\">\n\t\t<span>Descobreix totes les nostres formacions<\/span>\n\t<\/a>\n\n\t\t<\/div>\n\t\t\t\t\t<\/div>\n\n\t\n\n\t<div id=\"col-1120530045\" class=\"col medium-3 small-12 large-3\"  >\n\t\t\t\t<div class=\"col-inner\"  >\n\t\t\t\n\t\t\t\n\t\t<\/div>\n\t\t\t\t\t<\/div>\n\n\t\n<\/div>\n","protected":false},"excerpt":{"rendered":"<p>Seguro que te interesar\u00e1&#8230; Entrevistas y art\u00edculos a Jes\u00fas C. Guill\u00e9n Jes\u00fas C. Guill\u00e9n: &#8220;No podemos separar lo emocional de lo cognitivo&#8221;:\u00a0www.integratek.es\/no-podemos-separar-lo-emocional-de-lo-cognitivo-jesus-guillen Art\u00edculos sobre neuroeducaci\u00f3n y sus implicaciones pedag\u00f3gicas:\u00a0www.integratek.es\/articulos-sobre-neuroeducacion-y-sus-implicaciones-pedagogicas Formaciones de Integratek con Jes\u00fas C. Guill\u00e9n<\/p>\n","protected":false},"author":1,"featured_media":0,"parent":0,"menu_order":0,"comment_status":"closed","ping_status":"closed","template":"page-blank-title-center.php","meta":{"_acf_changed":false,"productId":0,"footnotes":""},"class_list":["post-59934","page","type-page","status-publish","hentry"],"acf":[],"_links":{"self":[{"href":"https:\/\/integratek.es\/ca\/wp-json\/wp\/v2\/pages\/59934","targetHints":{"allow":["GET"]}}],"collection":[{"href":"https:\/\/integratek.es\/ca\/wp-json\/wp\/v2\/pages"}],"about":[{"href":"https:\/\/integratek.es\/ca\/wp-json\/wp\/v2\/types\/page"}],"author":[{"embeddable":true,"href":"https:\/\/integratek.es\/ca\/wp-json\/wp\/v2\/users\/1"}],"replies":[{"embeddable":true,"href":"https:\/\/integratek.es\/ca\/wp-json\/wp\/v2\/comments?post=59934"}],"version-history":[{"count":4,"href":"https:\/\/integratek.es\/ca\/wp-json\/wp\/v2\/pages\/59934\/revisions"}],"predecessor-version":[{"id":203398,"href":"https:\/\/integratek.es\/ca\/wp-json\/wp\/v2\/pages\/59934\/revisions\/203398"}],"wp:attachment":[{"href":"https:\/\/integratek.es\/ca\/wp-json\/wp\/v2\/media?parent=59934"}],"curies":[{"name":"wp","href":"https:\/\/api.w.org\/{rel}","templated":true}]}}